{"id":48014,"date":"2024-08-21T00:33:13","date_gmt":"2024-08-20T23:33:13","guid":{"rendered":"https:\/\/www.irkmagazine.com\/product\/locomocion\/"},"modified":"2024-08-21T00:33:13","modified_gmt":"2024-08-20T23:33:13","slug":"locomocion","status":"publish","type":"product","link":"https:\/\/www.irkmagazine.com\/es\/producto\/locomocion\/","title":{"rendered":"LOCOMOCI\u00d3N"},"content":{"rendered":"<p><strong>LOCOMOCI\u00d3N<\/strong> es el cuarto n\u00famero tem\u00e1tico de IRK Magazine y nuestra primera edici\u00f3n que incluye entrevistas en profundidad de nuestro equipo de editores. Las cinco entrevistas son con: <\/p>\n<ul>\n<li>la galardonada actriz francesa <strong>Marina Hands<\/strong> y su experiencia en la serie de televisi\u00f3n <strong>Taboo<\/strong><\/li>\n<li>la marca de indumentaria de lujo The Blonds, utilizada por las mayores estrellas de la industria del entretenimiento<\/li>\n<li>El fot\u00f3grafo <strong>Bob Jackson<\/strong>, quien captur\u00f3 la fotograf\u00eda ganadora del premio Pulitzer del asesinato de Lee Harvey Oswald<\/li>\n<li> <strong>Bruce Davidson<\/strong>, conocido por sus fascinantes fotograf\u00edas de la juventud estadounidense en los a\u00f1os 50 y 60<\/li>\n<li><strong>Studio Drift<\/strong>, creadores de instalaciones cin\u00e9ticas ingr\u00e1vidas que han sido expuestas durante la Bienal de Venecia y el Armory Show de Nueva York.<\/li>\n<\/ul>\n<p>Adem\u00e1s, 11 editoriales de fotograf\u00eda de moda y arte para mujeres y hombres inspiradas en el tema de la locomoci\u00f3n con helic\u00f3pteros, coches de carreras, trenes y m\u00e1s&#8230; Los dise\u00f1adores son una combinaci\u00f3n de j\u00f3venes innovadores y dise\u00f1adores de alta gama. <\/p>\n<p>Los 11 fot\u00f3grafos son<\/p>\n<ul>\n<li>Morgan Miller<\/li>\n<li>Formento  Formento<\/li>\n<li>French Cowboy<\/li>\n<li>Iris Brosch<\/li>\n<li>Steven De Vilbiss<\/li>\n<li>Sacha Vatkovic<\/li>\n<li>Robert G\u00f6tzfried<\/li>\n<li>No\u00e9mi Ottilia Szabo<\/li>\n<li>Sandra Fourqui<\/li>\n<li>Xuebing Du<\/li>\n<li>Cesar Love Alexandre.<\/li>\n<\/ul>\n<p>&nbsp;<\/p>\n<p>&nbsp;<\/p>\n","protected":false},"excerpt":{"rendered":"<p><strong>LOCOMOCI\u00d3N<\/strong> es el cuarto n\u00famero tem\u00e1tico de IRK Magazine y nuestra primera edici\u00f3n que incluye entrevistas en profundidad de nuestro equipo de editores.<\/p>\n<p>&nbsp;<\/p>\n<p>&nbsp;<\/p>\n","protected":false},"featured_media":22404,"template":"","meta":{"_acf_changed":false},"product_brand":[],"product_cat":[365],"product_tag":[],"class_list":{"0":"post-48014","1":"product","2":"type-product","3":"status-publish","4":"has-post-thumbnail","6":"product_cat-revistas","8":"first","9":"instock","10":"taxable","11":"shipping-taxable","12":"purchasable","13":"product-type-variable"},"acf":[],"yoast_head":"<!-- This site is optimized with the Yoast SEO Premium plugin v27.3 (Yoast SEO v27.6) - https:\/\/yoast.com\/product\/yoast-seo-premium-wordpress\/ -->\n<title>LOCOMOCI\u00d3N - IRK Magazine<\/title>\n<meta name=\"description\" content=\"El n\u00famero LOCOMOCI\u00d3N ofrece entrevistas exclusivas y editoriales de moda impresionantes con helic\u00f3pteros, coches de carreras y arte cin\u00e9tico.\" \/>\n<meta name=\"robots\" content=\"index, follow, max-snippet:-1, max-image-preview:large, max-video-preview:-1\" \/>\n<link rel=\"canonical\" href=\"https:\/\/www.irkmagazine.com\/es\/producto\/locomocion\/\" \/>\n<meta property=\"og:locale\" content=\"es_ES\" \/>\n<meta property=\"og:type\" content=\"article\" \/>\n<meta property=\"og:title\" content=\"LOCOMOCI\u00d3N\" \/>\n<meta property=\"og:description\" content=\"El n\u00famero LOCOMOCI\u00d3N ofrece entrevistas exclusivas y editoriales de moda impresionantes con helic\u00f3pteros, coches de carreras y arte cin\u00e9tico.\" \/>\n<meta property=\"og:url\" content=\"https:\/\/www.irkmagazine.com\/es\/producto\/locomocion\/\" \/>\n<meta property=\"og:site_name\" content=\"IRK Magazine\" \/>\n<meta property=\"article:publisher\" content=\"https:\/\/facebook.com\/irkmagazine\" \/>\n<meta property=\"og:image\" content=\"https:\/\/www.irkmagazine.com\/wp-content\/uploads\/8fee25_615de48437854af6a2ac4544943ed1b8mv2.jpg\" \/>\n\t<meta property=\"og:image:width\" content=\"827\" \/>\n\t<meta property=\"og:image:height\" content=\"1170\" \/>\n\t<meta property=\"og:image:type\" content=\"image\/webp\" \/>\n<meta name=\"twitter:card\" content=\"summary_large_image\" \/>\n<meta name=\"twitter:label1\" content=\"Disponibilidad\" \/>\n\t<meta name=\"twitter:data1\" content=\"Disponible\" \/>\n<script type=\"application\/ld+json\" class=\"yoast-schema-graph\">{\"@context\":\"https:\\\/\\\/schema.org\",\"@graph\":[{\"@type\":[\"WebPage\",\"ItemPage\"],\"@id\":\"https:\\\/\\\/www.irkmagazine.com\\\/es\\\/producto\\\/locomocion\\\/\",\"url\":\"https:\\\/\\\/www.irkmagazine.com\\\/es\\\/producto\\\/locomocion\\\/\",\"name\":\"LOCOMOCI\u00d3N - IRK Magazine\",\"isPartOf\":{\"@id\":\"https:\\\/\\\/www.irkmagazine.com\\\/es\\\/#website\"},\"primaryImageOfPage\":{\"@id\":\"https:\\\/\\\/www.irkmagazine.com\\\/es\\\/producto\\\/locomocion\\\/#primaryimage\"},\"image\":{\"@id\":\"https:\\\/\\\/www.irkmagazine.com\\\/es\\\/producto\\\/locomocion\\\/#primaryimage\"},\"thumbnailUrl\":\"https:\\\/\\\/www.irkmagazine.com\\\/wp-content\\\/uploads\\\/locomotion.jpg\",\"datePublished\":\"2024-08-20T23:33:13+00:00\",\"description\":\"El n\u00famero LOCOMOCI\u00d3N ofrece entrevistas exclusivas y editoriales de moda impresionantes con helic\u00f3pteros, coches de carreras y arte cin\u00e9tico.\",\"breadcrumb\":{\"@id\":\"https:\\\/\\\/www.irkmagazine.com\\\/es\\\/producto\\\/locomocion\\\/#breadcrumb\"},\"inLanguage\":\"es\",\"potentialAction\":[{\"@type\":\"ReadAction\",\"target\":[\"https:\\\/\\\/www.irkmagazine.com\\\/es\\\/producto\\\/locomocion\\\/\"]}]},{\"@type\":\"ImageObject\",\"inLanguage\":\"es\",\"@id\":\"https:\\\/\\\/www.irkmagazine.com\\\/es\\\/producto\\\/locomocion\\\/#primaryimage\",\"url\":\"https:\\\/\\\/www.irkmagazine.com\\\/wp-content\\\/uploads\\\/locomotion.jpg\",\"contentUrl\":\"https:\\\/\\\/www.irkmagazine.com\\\/wp-content\\\/uploads\\\/locomotion.jpg\",\"width\":827,\"height\":1170,\"caption\":\"portada con coche de carreras para el n\u00famero LOCOMOCI\u00d3N\"},{\"@type\":\"BreadcrumbList\",\"@id\":\"https:\\\/\\\/www.irkmagazine.com\\\/es\\\/producto\\\/locomocion\\\/#breadcrumb\",\"itemListElement\":[{\"@type\":\"ListItem\",\"position\":1,\"name\":\"Home\",\"item\":\"https:\\\/\\\/www.irkmagazine.com\\\/es\\\/inicio\\\/\"},{\"@type\":\"ListItem\",\"position\":2,\"name\":\"Shop\",\"item\":\"https:\\\/\\\/www.irkmagazine.com\\\/shop\\\/\"},{\"@type\":\"ListItem\",\"position\":3,\"name\":\"LOCOMOCI\u00d3N\"}]},{\"@type\":\"WebSite\",\"@id\":\"https:\\\/\\\/www.irkmagazine.com\\\/es\\\/#website\",\"url\":\"https:\\\/\\\/www.irkmagazine.com\\\/es\\\/\",\"name\":\"IRK Magazine\",\"description\":\"Art \\\/ Fashion \\\/ Design \\\/ Travel \\\/ France\",\"publisher\":{\"@id\":\"https:\\\/\\\/www.irkmagazine.com\\\/es\\\/#organization\"},\"alternateName\":\"irk\",\"potentialAction\":[{\"@type\":\"SearchAction\",\"target\":{\"@type\":\"EntryPoint\",\"urlTemplate\":\"https:\\\/\\\/www.irkmagazine.com\\\/es\\\/?s={search_term_string}\"},\"query-input\":{\"@type\":\"PropertyValueSpecification\",\"valueRequired\":true,\"valueName\":\"search_term_string\"}}],\"inLanguage\":\"es\"},{\"@type\":\"Organization\",\"@id\":\"https:\\\/\\\/www.irkmagazine.com\\\/es\\\/#organization\",\"name\":\"IRK Magazine\",\"url\":\"https:\\\/\\\/www.irkmagazine.com\\\/es\\\/\",\"logo\":{\"@type\":\"ImageObject\",\"inLanguage\":\"es\",\"@id\":\"https:\\\/\\\/www.irkmagazine.com\\\/es\\\/#\\\/schema\\\/logo\\\/image\\\/\",\"url\":\"https:\\\/\\\/www.irkmagazine.com\\\/wp-content\\\/uploads\\\/IRKLogoblack-1.png\",\"contentUrl\":\"https:\\\/\\\/www.irkmagazine.com\\\/wp-content\\\/uploads\\\/IRKLogoblack-1.png\",\"width\":168,\"height\":84,\"caption\":\"IRK Magazine\"},\"image\":{\"@id\":\"https:\\\/\\\/www.irkmagazine.com\\\/es\\\/#\\\/schema\\\/logo\\\/image\\\/\"},\"sameAs\":[\"https:\\\/\\\/facebook.com\\\/irkmagazine\",\"https:\\\/\\\/instagram.com\\\/irkmagazine\",\"https:\\\/\\\/www.linkedin.com\\\/company\\\/irkmagazine\",\"https:\\\/\\\/www.pinterest.com\\\/irkmagazine\"],\"description\":\"iRK Magazine is a fashion and culture magazine based in Paris, France. Topics cover Art, Photography, Fashion, Design, Travel and Culture.\",\"email\":\"info@irkmagazine.com\",\"publishingPrinciples\":\"https:\\\/\\\/www.irkmagazine.com\\\/submissions\\\/\"}]}<\/script>\n<meta property=\"og:availability\" content=\"instock\" \/>\n<meta property=\"product:availability\" content=\"instock\" \/>\n<meta property=\"product:condition\" content=\"new\" \/>\n<!-- \/ Yoast SEO Premium plugin. -->","yoast_head_json":{"title":"LOCOMOCI\u00d3N - IRK Magazine","description":"El n\u00famero LOCOMOCI\u00d3N ofrece entrevistas exclusivas y editoriales de moda impresionantes con helic\u00f3pteros, coches de carreras y arte cin\u00e9tico.","robots":{"index":"index","follow":"follow","max-snippet":"max-snippet:-1","max-image-preview":"max-image-preview:large","max-video-preview":"max-video-preview:-1"},"canonical":"https:\/\/www.irkmagazine.com\/es\/producto\/locomocion\/","og_locale":"es_ES","og_type":"article","og_title":"LOCOMOCI\u00d3N","og_description":"El n\u00famero LOCOMOCI\u00d3N ofrece entrevistas exclusivas y editoriales de moda impresionantes con helic\u00f3pteros, coches de carreras y arte cin\u00e9tico.","og_url":"https:\/\/www.irkmagazine.com\/es\/producto\/locomocion\/","og_site_name":"IRK Magazine","article_publisher":"https:\/\/facebook.com\/irkmagazine","og_image":[{"width":827,"height":1170,"url":"https:\/\/www.irkmagazine.com\/wp-content\/uploads\/8fee25_615de48437854af6a2ac4544943ed1b8mv2.jpg","type":"image\/webp"}],"twitter_card":"summary_large_image","twitter_misc":{"Disponibilidad":"Disponible"},"schema":{"@context":"https:\/\/schema.org","@graph":[{"@type":["WebPage","ItemPage"],"@id":"https:\/\/www.irkmagazine.com\/es\/producto\/locomocion\/","url":"https:\/\/www.irkmagazine.com\/es\/producto\/locomocion\/","name":"LOCOMOCI\u00d3N - IRK Magazine","isPartOf":{"@id":"https:\/\/www.irkmagazine.com\/es\/#website"},"primaryImageOfPage":{"@id":"https:\/\/www.irkmagazine.com\/es\/producto\/locomocion\/#primaryimage"},"image":{"@id":"https:\/\/www.irkmagazine.com\/es\/producto\/locomocion\/#primaryimage"},"thumbnailUrl":"https:\/\/www.irkmagazine.com\/wp-content\/uploads\/locomotion.jpg","datePublished":"2024-08-20T23:33:13+00:00","description":"El n\u00famero LOCOMOCI\u00d3N ofrece entrevistas exclusivas y editoriales de moda impresionantes con helic\u00f3pteros, coches de carreras y arte cin\u00e9tico.","breadcrumb":{"@id":"https:\/\/www.irkmagazine.com\/es\/producto\/locomocion\/#breadcrumb"},"inLanguage":"es","potentialAction":[{"@type":"ReadAction","target":["https:\/\/www.irkmagazine.com\/es\/producto\/locomocion\/"]}]},{"@type":"ImageObject","inLanguage":"es","@id":"https:\/\/www.irkmagazine.com\/es\/producto\/locomocion\/#primaryimage","url":"https:\/\/www.irkmagazine.com\/wp-content\/uploads\/locomotion.jpg","contentUrl":"https:\/\/www.irkmagazine.com\/wp-content\/uploads\/locomotion.jpg","width":827,"height":1170,"caption":"portada con coche de carreras para el n\u00famero LOCOMOCI\u00d3N"},{"@type":"BreadcrumbList","@id":"https:\/\/www.irkmagazine.com\/es\/producto\/locomocion\/#breadcrumb","itemListElement":[{"@type":"ListItem","position":1,"name":"Home","item":"https:\/\/www.irkmagazine.com\/es\/inicio\/"},{"@type":"ListItem","position":2,"name":"Shop","item":"https:\/\/www.irkmagazine.com\/shop\/"},{"@type":"ListItem","position":3,"name":"LOCOMOCI\u00d3N"}]},{"@type":"WebSite","@id":"https:\/\/www.irkmagazine.com\/es\/#website","url":"https:\/\/www.irkmagazine.com\/es\/","name":"IRK Magazine","description":"Art \/ Fashion \/ Design \/ Travel \/ France","publisher":{"@id":"https:\/\/www.irkmagazine.com\/es\/#organization"},"alternateName":"irk","potentialAction":[{"@type":"SearchAction","target":{"@type":"EntryPoint","urlTemplate":"https:\/\/www.irkmagazine.com\/es\/?s={search_term_string}"},"query-input":{"@type":"PropertyValueSpecification","valueRequired":true,"valueName":"search_term_string"}}],"inLanguage":"es"},{"@type":"Organization","@id":"https:\/\/www.irkmagazine.com\/es\/#organization","name":"IRK Magazine","url":"https:\/\/www.irkmagazine.com\/es\/","logo":{"@type":"ImageObject","inLanguage":"es","@id":"https:\/\/www.irkmagazine.com\/es\/#\/schema\/logo\/image\/","url":"https:\/\/www.irkmagazine.com\/wp-content\/uploads\/IRKLogoblack-1.png","contentUrl":"https:\/\/www.irkmagazine.com\/wp-content\/uploads\/IRKLogoblack-1.png","width":168,"height":84,"caption":"IRK Magazine"},"image":{"@id":"https:\/\/www.irkmagazine.com\/es\/#\/schema\/logo\/image\/"},"sameAs":["https:\/\/facebook.com\/irkmagazine","https:\/\/instagram.com\/irkmagazine","https:\/\/www.linkedin.com\/company\/irkmagazine","https:\/\/www.pinterest.com\/irkmagazine"],"description":"iRK Magazine is a fashion and culture magazine based in Paris, France. Topics cover Art, Photography, Fashion, Design, Travel and Culture.","email":"info@irkmagazine.com","publishingPrinciples":"https:\/\/www.irkmagazine.com\/submissions\/"}]},"og_availability":"instock","product_availability":"instock","product_condition":"new"},"_links":{"self":[{"href":"https:\/\/www.irkmagazine.com\/es\/wp-json\/wp\/v2\/product\/48014","targetHints":{"allow":["GET"]}}],"collection":[{"href":"https:\/\/www.irkmagazine.com\/es\/wp-json\/wp\/v2\/product"}],"about":[{"href":"https:\/\/www.irkmagazine.com\/es\/wp-json\/wp\/v2\/types\/product"}],"wp:featuredmedia":[{"embeddable":true,"href":"https:\/\/www.irkmagazine.com\/es\/wp-json\/wp\/v2\/media\/22404"}],"wp:attachment":[{"href":"https:\/\/www.irkmagazine.com\/es\/wp-json\/wp\/v2\/media?parent=48014"}],"wp:term":[{"taxonomy":"product_brand","embeddable":true,"href":"https:\/\/www.irkmagazine.com\/es\/wp-json\/wp\/v2\/product_brand?post=48014"},{"taxonomy":"product_cat","embeddable":true,"href":"https:\/\/www.irkmagazine.com\/es\/wp-json\/wp\/v2\/product_cat?post=48014"},{"taxonomy":"product_tag","embeddable":true,"href":"https:\/\/www.irkmagazine.com\/es\/wp-json\/wp\/v2\/product_tag?post=48014"}],"curies":[{"name":"wp","href":"https:\/\/api.w.org\/{rel}","templated":true}]}}