{"id":48048,"date":"2024-08-21T00:28:35","date_gmt":"2024-08-20T23:28:35","guid":{"rendered":"https:\/\/www.irkmagazine.com\/product\/futurismo-portada-cortar-y-pegar\/"},"modified":"2024-08-21T00:28:35","modified_gmt":"2024-08-20T23:28:35","slug":"futurismo-portada-cortar-y-pegar","status":"publish","type":"product","link":"https:\/\/www.irkmagazine.com\/es\/producto\/futurismo-portada-cortar-y-pegar\/","title":{"rendered":"FUTURISMO &#8211; Portada \u00abCortar y Pegar\u00bb"},"content":{"rendered":"<h4>El N\u00famero \u00abFUTURISMO\u00bb: Donde la Imaginaci\u00f3n se Encuentra con la Innovaci\u00f3n<\/h4>\n<p>\u00abFUTURISMO\u00bb conduce a los lectores en un viaje hacia los reinos de la posibilidad, fusionando la ciencia ficci\u00f3n, las tecnolog\u00edas innovadoras y la moda vanguardista. Esta cautivadora edici\u00f3n presenta entrevistas en profundidad con visionarios que est\u00e1n expandiendo los l\u00edmites creativos. La actriz de Versailles, Noemie Schmidt, comparte perspectivas sinceras sobre sus intensas escenas con George Blagden como Luis XIV, revelando detalles entre bastidores de su ic\u00f3nica escena de muerte que desat\u00f3 una tormenta en las redes sociales.   <\/p>\n<h4>Previsi\u00f3n de Tendencias y Futuros Textiles<\/h4>\n<p>La pronosticadora de tendencias Lidewij Edelkoort, conocida por guiar a los principales dise\u00f1adores y marcas de moda del mundo, ofrece una mirada exclusiva al futuro de los textiles. Mientras tanto, las mentes imaginativas de la Casa de Alta Costura parisina On Aura Tout Vu discuten sus ecl\u00e9cticas inspiraciones. Desde pajitas cotidianas y drones futuristas hasta cuentos de hadas encantadores, se inspiran en todo.  <\/p>\n<h4>Narrativas Visuales: Fotograf\u00eda y Arte<\/h4>\n<p>El fot\u00f3grafo TOMAAS presenta su serie provocadora \u00abPl\u00e1stico Fant\u00e1stico\u00bb. Actualmente exhibida con las Naciones Unidas en Ibiza, arroja luz sobre temas medioambientales a trav\u00e9s de una lente surrealista. El n\u00famero tambi\u00e9n destaca la serie \u00abBibliotecas\u00bb de Thomas R. Schiff, que transforma grandes bibliotecas en fascinantes santuarios visuales de la humanidad y el conocimiento.  <\/p>\n<h4>El Futuro de la Moda: Dise\u00f1os 3D, Interactivos y Modulares<\/h4>\n<p>Sum\u00e1ndose a la mezcla, IRK se sumerge en el trabajo revolucionario de las casas de moda<\/p>\n<ul>\n<li>Yuima Nakazato<\/li>\n<li>Cute Circuit<\/li>\n<li>threeASFOUR. Quienes est\u00e1n a la vanguardia de la moda 3D, interactiva y modular. <\/li>\n<\/ul>\n<p>En cada p\u00e1gina, el n\u00famero \u00abFUTURISMO\u00bb invita a los lectores a explorar un mundo donde la imaginaci\u00f3n se encuentra con la innovaci\u00f3n, ofreciendo una nueva perspectiva sobre lo que podr\u00eda deparar el futuro del arte, la cultura y la moda.<\/p>\n","protected":false},"excerpt":{"rendered":"<h4>El N\u00famero \u00abFUTURISMO\u00bb: Donde la Imaginaci\u00f3n se Encuentra con la Innovaci\u00f3n<\/h4>\n<p>\u00abFUTURISMO\u00bb conduce a los lectores en un viaje hacia los reinos de la posibilidad, fusionando la ciencia ficci\u00f3n, las tecnolog\u00edas innovadoras y la moda vanguardista. Esta cautivadora edici\u00f3n presenta entrevistas en profundidad con visionarios que est\u00e1n expandiendo los l\u00edmites creativos. La actriz de Versailles, Noemie Schmidt, comparte perspectivas sinceras sobre sus intensas escenas con George Blagden como Luis XIV, revelando detalles entre bastidores de su ic\u00f3nica escena de muerte que desat\u00f3 una tormenta en las redes sociales.   <\/p>\n","protected":false},"featured_media":22382,"template":"","meta":{"_acf_changed":false},"product_brand":[],"product_cat":[365],"product_tag":[],"class_list":{"0":"post-48048","1":"product","2":"type-product","3":"status-publish","4":"has-post-thumbnail","6":"product_cat-revistas","8":"first","9":"instock","10":"taxable","11":"shipping-taxable","12":"purchasable","13":"product-type-variable"},"acf":[],"yoast_head":"<!-- This site is optimized with the Yoast SEO Premium plugin v27.3 (Yoast SEO v27.4) - https:\/\/yoast.com\/product\/yoast-seo-premium-wordpress\/ -->\n<title>FUTURISMO - Portada &quot;Cortar y Pegar&quot; - IRK Magazine<\/title>\n<meta name=\"description\" content=\"&quot;FUTURISMO&quot; explora posibilidades, mezclando ciencia ficci\u00f3n, tecnolog\u00eda y moda innovadora.\" \/>\n<meta name=\"robots\" content=\"index, follow, max-snippet:-1, max-image-preview:large, max-video-preview:-1\" \/>\n<link rel=\"canonical\" href=\"https:\/\/www.irkmagazine.com\/es\/producto\/futurismo-portada-cortar-y-pegar\/\" \/>\n<meta property=\"og:locale\" content=\"es_ES\" \/>\n<meta property=\"og:type\" content=\"article\" \/>\n<meta property=\"og:title\" content=\"FUTURISMO - Portada &quot;Cortar y Pegar&quot;\" \/>\n<meta property=\"og:description\" content=\"&quot;FUTURISMO&quot; explora posibilidades, mezclando ciencia ficci\u00f3n, tecnolog\u00eda y moda innovadora.\" \/>\n<meta property=\"og:url\" content=\"https:\/\/www.irkmagazine.com\/es\/producto\/futurismo-portada-cortar-y-pegar\/\" \/>\n<meta property=\"og:site_name\" content=\"IRK Magazine\" \/>\n<meta property=\"article:publisher\" content=\"https:\/\/facebook.com\/irkmagazine\" \/>\n<meta property=\"og:image\" content=\"https:\/\/www.irkmagazine.com\/wp-content\/uploads\/8fee25_d8c0adee65444486aea1b4f8c769cfe5mv2_d_1240_1754_s_2.jpg\" \/>\n\t<meta property=\"og:image:width\" content=\"1240\" \/>\n\t<meta property=\"og:image:height\" content=\"1754\" \/>\n\t<meta property=\"og:image:type\" content=\"image\/webp\" \/>\n<meta name=\"twitter:card\" content=\"summary_large_image\" \/>\n<meta name=\"twitter:label1\" content=\"Disponibilidad\" \/>\n\t<meta name=\"twitter:data1\" content=\"Disponible\" \/>\n<script type=\"application\/ld+json\" class=\"yoast-schema-graph\">{\"@context\":\"https:\\\/\\\/schema.org\",\"@graph\":[{\"@type\":[\"WebPage\",\"ItemPage\"],\"@id\":\"https:\\\/\\\/www.irkmagazine.com\\\/es\\\/producto\\\/futurismo-portada-cortar-y-pegar\\\/\",\"url\":\"https:\\\/\\\/www.irkmagazine.com\\\/es\\\/producto\\\/futurismo-portada-cortar-y-pegar\\\/\",\"name\":\"FUTURISMO - Portada \\\"Cortar y Pegar\\\" - IRK Magazine\",\"isPartOf\":{\"@id\":\"https:\\\/\\\/www.irkmagazine.com\\\/es\\\/#website\"},\"primaryImageOfPage\":{\"@id\":\"https:\\\/\\\/www.irkmagazine.com\\\/es\\\/producto\\\/futurismo-portada-cortar-y-pegar\\\/#primaryimage\"},\"image\":{\"@id\":\"https:\\\/\\\/www.irkmagazine.com\\\/es\\\/producto\\\/futurismo-portada-cortar-y-pegar\\\/#primaryimage\"},\"thumbnailUrl\":\"https:\\\/\\\/www.irkmagazine.com\\\/wp-content\\\/uploads\\\/futurism-cut-paste-cover.jpg\",\"datePublished\":\"2024-08-20T23:28:35+00:00\",\"description\":\"\\\"FUTURISMO\\\" explora posibilidades, mezclando ciencia ficci\u00f3n, tecnolog\u00eda y moda innovadora.\",\"breadcrumb\":{\"@id\":\"https:\\\/\\\/www.irkmagazine.com\\\/es\\\/producto\\\/futurismo-portada-cortar-y-pegar\\\/#breadcrumb\"},\"inLanguage\":\"es\",\"potentialAction\":[{\"@type\":\"ReadAction\",\"target\":[\"https:\\\/\\\/www.irkmagazine.com\\\/es\\\/producto\\\/futurismo-portada-cortar-y-pegar\\\/\"]}]},{\"@type\":\"ImageObject\",\"inLanguage\":\"es\",\"@id\":\"https:\\\/\\\/www.irkmagazine.com\\\/es\\\/producto\\\/futurismo-portada-cortar-y-pegar\\\/#primaryimage\",\"url\":\"https:\\\/\\\/www.irkmagazine.com\\\/wp-content\\\/uploads\\\/futurism-cut-paste-cover.jpg\",\"contentUrl\":\"https:\\\/\\\/www.irkmagazine.com\\\/wp-content\\\/uploads\\\/futurism-cut-paste-cover.jpg\",\"width\":1240,\"height\":1754},{\"@type\":\"BreadcrumbList\",\"@id\":\"https:\\\/\\\/www.irkmagazine.com\\\/es\\\/producto\\\/futurismo-portada-cortar-y-pegar\\\/#breadcrumb\",\"itemListElement\":[{\"@type\":\"ListItem\",\"position\":1,\"name\":\"Home\",\"item\":\"https:\\\/\\\/www.irkmagazine.com\\\/es\\\/inicio\\\/\"},{\"@type\":\"ListItem\",\"position\":2,\"name\":\"Shop\",\"item\":\"https:\\\/\\\/www.irkmagazine.com\\\/shop\\\/\"},{\"@type\":\"ListItem\",\"position\":3,\"name\":\"FUTURISMO &#8211; Portada &#8220;Cortar y Pegar&#8221;\"}]},{\"@type\":\"WebSite\",\"@id\":\"https:\\\/\\\/www.irkmagazine.com\\\/es\\\/#website\",\"url\":\"https:\\\/\\\/www.irkmagazine.com\\\/es\\\/\",\"name\":\"IRK Magazine\",\"description\":\"Art \\\/ Fashion \\\/ Design \\\/ Travel \\\/ France\",\"publisher\":{\"@id\":\"https:\\\/\\\/www.irkmagazine.com\\\/es\\\/#organization\"},\"alternateName\":\"irk\",\"potentialAction\":[{\"@type\":\"SearchAction\",\"target\":{\"@type\":\"EntryPoint\",\"urlTemplate\":\"https:\\\/\\\/www.irkmagazine.com\\\/es\\\/?s={search_term_string}\"},\"query-input\":{\"@type\":\"PropertyValueSpecification\",\"valueRequired\":true,\"valueName\":\"search_term_string\"}}],\"inLanguage\":\"es\"},{\"@type\":\"Organization\",\"@id\":\"https:\\\/\\\/www.irkmagazine.com\\\/es\\\/#organization\",\"name\":\"IRK Magazine\",\"url\":\"https:\\\/\\\/www.irkmagazine.com\\\/es\\\/\",\"logo\":{\"@type\":\"ImageObject\",\"inLanguage\":\"es\",\"@id\":\"https:\\\/\\\/www.irkmagazine.com\\\/es\\\/#\\\/schema\\\/logo\\\/image\\\/\",\"url\":\"https:\\\/\\\/www.irkmagazine.com\\\/wp-content\\\/uploads\\\/IRKLogoblack-1.png\",\"contentUrl\":\"https:\\\/\\\/www.irkmagazine.com\\\/wp-content\\\/uploads\\\/IRKLogoblack-1.png\",\"width\":168,\"height\":84,\"caption\":\"IRK Magazine\"},\"image\":{\"@id\":\"https:\\\/\\\/www.irkmagazine.com\\\/es\\\/#\\\/schema\\\/logo\\\/image\\\/\"},\"sameAs\":[\"https:\\\/\\\/facebook.com\\\/irkmagazine\",\"https:\\\/\\\/instagram.com\\\/irkmagazine\",\"https:\\\/\\\/www.linkedin.com\\\/company\\\/irkmagazine\",\"https:\\\/\\\/www.pinterest.com\\\/irkmagazine\"],\"description\":\"iRK Magazine is a fashion and culture magazine based in Paris, France. Topics cover Art, Photography, Fashion, Design, Travel and Culture.\",\"email\":\"info@irkmagazine.com\",\"publishingPrinciples\":\"https:\\\/\\\/www.irkmagazine.com\\\/submissions\\\/\"}]}<\/script>\n<meta property=\"og:availability\" content=\"instock\" \/>\n<meta property=\"product:availability\" content=\"instock\" \/>\n<meta property=\"product:condition\" content=\"new\" \/>\n<!-- \/ Yoast SEO Premium plugin. -->","yoast_head_json":{"title":"FUTURISMO - Portada \"Cortar y Pegar\" - IRK Magazine","description":"\"FUTURISMO\" explora posibilidades, mezclando ciencia ficci\u00f3n, tecnolog\u00eda y moda innovadora.","robots":{"index":"index","follow":"follow","max-snippet":"max-snippet:-1","max-image-preview":"max-image-preview:large","max-video-preview":"max-video-preview:-1"},"canonical":"https:\/\/www.irkmagazine.com\/es\/producto\/futurismo-portada-cortar-y-pegar\/","og_locale":"es_ES","og_type":"article","og_title":"FUTURISMO - Portada \"Cortar y Pegar\"","og_description":"\"FUTURISMO\" explora posibilidades, mezclando ciencia ficci\u00f3n, tecnolog\u00eda y moda innovadora.","og_url":"https:\/\/www.irkmagazine.com\/es\/producto\/futurismo-portada-cortar-y-pegar\/","og_site_name":"IRK Magazine","article_publisher":"https:\/\/facebook.com\/irkmagazine","og_image":[{"width":1240,"height":1754,"url":"https:\/\/www.irkmagazine.com\/wp-content\/uploads\/8fee25_d8c0adee65444486aea1b4f8c769cfe5mv2_d_1240_1754_s_2.jpg","type":"image\/webp"}],"twitter_card":"summary_large_image","twitter_misc":{"Disponibilidad":"Disponible"},"schema":{"@context":"https:\/\/schema.org","@graph":[{"@type":["WebPage","ItemPage"],"@id":"https:\/\/www.irkmagazine.com\/es\/producto\/futurismo-portada-cortar-y-pegar\/","url":"https:\/\/www.irkmagazine.com\/es\/producto\/futurismo-portada-cortar-y-pegar\/","name":"FUTURISMO - Portada \"Cortar y Pegar\" - IRK Magazine","isPartOf":{"@id":"https:\/\/www.irkmagazine.com\/es\/#website"},"primaryImageOfPage":{"@id":"https:\/\/www.irkmagazine.com\/es\/producto\/futurismo-portada-cortar-y-pegar\/#primaryimage"},"image":{"@id":"https:\/\/www.irkmagazine.com\/es\/producto\/futurismo-portada-cortar-y-pegar\/#primaryimage"},"thumbnailUrl":"https:\/\/www.irkmagazine.com\/wp-content\/uploads\/futurism-cut-paste-cover.jpg","datePublished":"2024-08-20T23:28:35+00:00","description":"\"FUTURISMO\" explora posibilidades, mezclando ciencia ficci\u00f3n, tecnolog\u00eda y moda innovadora.","breadcrumb":{"@id":"https:\/\/www.irkmagazine.com\/es\/producto\/futurismo-portada-cortar-y-pegar\/#breadcrumb"},"inLanguage":"es","potentialAction":[{"@type":"ReadAction","target":["https:\/\/www.irkmagazine.com\/es\/producto\/futurismo-portada-cortar-y-pegar\/"]}]},{"@type":"ImageObject","inLanguage":"es","@id":"https:\/\/www.irkmagazine.com\/es\/producto\/futurismo-portada-cortar-y-pegar\/#primaryimage","url":"https:\/\/www.irkmagazine.com\/wp-content\/uploads\/futurism-cut-paste-cover.jpg","contentUrl":"https:\/\/www.irkmagazine.com\/wp-content\/uploads\/futurism-cut-paste-cover.jpg","width":1240,"height":1754},{"@type":"BreadcrumbList","@id":"https:\/\/www.irkmagazine.com\/es\/producto\/futurismo-portada-cortar-y-pegar\/#breadcrumb","itemListElement":[{"@type":"ListItem","position":1,"name":"Home","item":"https:\/\/www.irkmagazine.com\/es\/inicio\/"},{"@type":"ListItem","position":2,"name":"Shop","item":"https:\/\/www.irkmagazine.com\/shop\/"},{"@type":"ListItem","position":3,"name":"FUTURISMO &#8211; Portada &#8220;Cortar y Pegar&#8221;"}]},{"@type":"WebSite","@id":"https:\/\/www.irkmagazine.com\/es\/#website","url":"https:\/\/www.irkmagazine.com\/es\/","name":"IRK Magazine","description":"Art \/ Fashion \/ Design \/ Travel \/ France","publisher":{"@id":"https:\/\/www.irkmagazine.com\/es\/#organization"},"alternateName":"irk","potentialAction":[{"@type":"SearchAction","target":{"@type":"EntryPoint","urlTemplate":"https:\/\/www.irkmagazine.com\/es\/?s={search_term_string}"},"query-input":{"@type":"PropertyValueSpecification","valueRequired":true,"valueName":"search_term_string"}}],"inLanguage":"es"},{"@type":"Organization","@id":"https:\/\/www.irkmagazine.com\/es\/#organization","name":"IRK Magazine","url":"https:\/\/www.irkmagazine.com\/es\/","logo":{"@type":"ImageObject","inLanguage":"es","@id":"https:\/\/www.irkmagazine.com\/es\/#\/schema\/logo\/image\/","url":"https:\/\/www.irkmagazine.com\/wp-content\/uploads\/IRKLogoblack-1.png","contentUrl":"https:\/\/www.irkmagazine.com\/wp-content\/uploads\/IRKLogoblack-1.png","width":168,"height":84,"caption":"IRK Magazine"},"image":{"@id":"https:\/\/www.irkmagazine.com\/es\/#\/schema\/logo\/image\/"},"sameAs":["https:\/\/facebook.com\/irkmagazine","https:\/\/instagram.com\/irkmagazine","https:\/\/www.linkedin.com\/company\/irkmagazine","https:\/\/www.pinterest.com\/irkmagazine"],"description":"iRK Magazine is a fashion and culture magazine based in Paris, France. Topics cover Art, Photography, Fashion, Design, Travel and Culture.","email":"info@irkmagazine.com","publishingPrinciples":"https:\/\/www.irkmagazine.com\/submissions\/"}]},"og_availability":"instock","product_availability":"instock","product_condition":"new"},"_links":{"self":[{"href":"https:\/\/www.irkmagazine.com\/es\/wp-json\/wp\/v2\/product\/48048","targetHints":{"allow":["GET"]}}],"collection":[{"href":"https:\/\/www.irkmagazine.com\/es\/wp-json\/wp\/v2\/product"}],"about":[{"href":"https:\/\/www.irkmagazine.com\/es\/wp-json\/wp\/v2\/types\/product"}],"wp:featuredmedia":[{"embeddable":true,"href":"https:\/\/www.irkmagazine.com\/es\/wp-json\/wp\/v2\/media\/22382"}],"wp:attachment":[{"href":"https:\/\/www.irkmagazine.com\/es\/wp-json\/wp\/v2\/media?parent=48048"}],"wp:term":[{"taxonomy":"product_brand","embeddable":true,"href":"https:\/\/www.irkmagazine.com\/es\/wp-json\/wp\/v2\/product_brand?post=48048"},{"taxonomy":"product_cat","embeddable":true,"href":"https:\/\/www.irkmagazine.com\/es\/wp-json\/wp\/v2\/product_cat?post=48048"},{"taxonomy":"product_tag","embeddable":true,"href":"https:\/\/www.irkmagazine.com\/es\/wp-json\/wp\/v2\/product_tag?post=48048"}],"curies":[{"name":"wp","href":"https:\/\/api.w.org\/{rel}","templated":true}]}}