{"id":48081,"date":"2024-08-21T00:21:58","date_gmt":"2024-08-20T23:21:58","guid":{"rendered":"https:\/\/www.irkmagazine.com\/product\/coleccion-de-maestros\/"},"modified":"2024-08-21T00:21:58","modified_gmt":"2024-08-20T23:21:58","slug":"coleccion-de-maestros","status":"publish","type":"product","link":"https:\/\/www.irkmagazine.com\/es\/producto\/coleccion-de-maestros\/","title":{"rendered":"Colecci\u00f3n de Maestros"},"content":{"rendered":"<p data-start=\"99\" data-end=\"442\">Presentamos el n\u00famero 7 de la \u00abCOLECCI\u00d3N DE MAESTROS\u00bb de IRK Magazine. Un homenaje a los visionarios que han moldeado y contin\u00faan influenciando nuestro mundo a trav\u00e9s del arte, la moda y la cultura. Esta edici\u00f3n meticulosamente curada profundiza en los legados creativos de maestros ic\u00f3nicos, al tiempo que destaca talentos contempor\u00e1neos que expanden los l\u00edmites de su oficio.   <\/p>\n<h4 data-start=\"444\" data-end=\"489\">En el interior del n\u00famero 7 de la \u00abCOLECCI\u00d3N DE MAESTROS\u00bb:<\/h4>\n<ul data-start=\"491\" data-end=\"2173\">\n<li data-start=\"491\" data-end=\"662\">\n<p data-start=\"493\" data-end=\"662\">El legado creativo de David Bowie. Una entrevista en profundidad con Keanan Duffty, explorando la influencia duradera de Bowie en la identidad sartorial y la innovaci\u00f3n cultural. <\/p>\n<\/li>\n<li data-start=\"664\" data-end=\"800\">\n<p data-start=\"666\" data-end=\"800\">Homenaje a Barkley L. Hendricks: Una celebraci\u00f3n del profundo impacto del difunto artista en el retrato contempor\u00e1neo y la representaci\u00f3n.<\/p>\n<\/li>\n<li data-start=\"802\" data-end=\"997\">\n<p data-start=\"804\" data-end=\"997\">Momentos de umbral con Joan Mir\u00f3. Descubra el proceso creativo del legendario artista a trav\u00e9s de una entrevista exclusiva con Francisco Copado, Director de la Fundaci\u00f3 Mir\u00f3 Mallorca.  <\/p>\n<\/li>\n<li data-start=\"999\" data-end=\"1151\">\n<p data-start=\"1001\" data-end=\"1151\">Ilustraciones ilustres: Una conversaci\u00f3n reveladora con la renombrada ilustradora Sofia Bonati, revelando sus inspiraciones y trayectoria art\u00edstica.<\/p>\n<\/li>\n<li data-start=\"1153\" data-end=\"1368\">\n<p data-start=\"1155\" data-end=\"1368\">Insiders del arte: Desvelamos el mundo de la fotograf\u00eda art\u00edstica con entrevistas exclusivas a los directores del Jeu de Paume, Galerie Particulier, In Camera Galerie y la Fundaci\u00f3n Henri Cartier-Bresson. <\/p>\n<\/li>\n<li data-start=\"1370\" data-end=\"1515\">\n<p data-start=\"1372\" data-end=\"1515\">100 a\u00f1os de Egon Schiele. Experimente un homenaje fotogr\u00e1fico de Iris Brosch, celebrando un siglo de la influencia de Schiele en el arte moderno. <\/p>\n<\/li>\n<li data-start=\"1517\" data-end=\"1680\">\n<p data-start=\"1519\" data-end=\"1680\">Marcando la diferencia. Una exploraci\u00f3n reflexiva sobre c\u00f3mo las fundaciones ben\u00e9ficas est\u00e1n nutriendo las artes, empoderando a j\u00f3venes artistas y promoviendo el arte en la educaci\u00f3n. <\/p>\n<\/li>\n<li data-start=\"1682\" data-end=\"1842\">\n<p data-start=\"1684\" data-end=\"1842\">Entrevista exclusiva con la actriz Melissa George. Una conversaci\u00f3n sincera con la talentosa actriz, ofreciendo perspectivas sobre su carrera y pasiones art\u00edsticas. <\/p>\n<\/li>\n<li data-start=\"1844\" data-end=\"2012\">\n<p data-start=\"1846\" data-end=\"2012\">El primer movimiento con Irwin Olaf. Una inmersi\u00f3n profunda en el legado de Irwin Olaf, mostrando su estatus como uno de los m\u00e1s grandes fot\u00f3grafos del siglo XX. <\/p>\n<\/li>\n<li data-start=\"2014\" data-end=\"2173\">\n<p data-start=\"2016\" data-end=\"2173\">10 editoriales fotogr\u00e1ficos exclusivos. Inspirados por los Grandes Maestros, estas narrativas visuales aportan perspectivas frescas y audaces a expresiones art\u00edsticas atemporales. <\/p>\n<\/li>\n<\/ul>\n<p data-start=\"3224\" data-end=\"3371\" data-is-last-node=\"\" data-is-only-node=\"\">Sum\u00e9rjase en el n\u00famero 7 de la \u00abCOLECCI\u00d3N DE MAESTROS\u00bb de IRK Magazine. Insp\u00edrese con los legados atemporales y las voces frescas que redefinen nuestro mundo creativo. <\/p>\n","protected":false},"excerpt":{"rendered":"<p>Presentamos el n\u00famero 7 de la \u00abCOLECCI\u00d3N DE MAESTROS\u00bb de IRK Magazine. Un homenaje a los visionarios que han moldeado y contin\u00faan influenciando nuestro mundo a trav\u00e9s del arte, la moda y la cultura. Esta edici\u00f3n meticulosamente curada profundiza en los legados creativos de maestros ic\u00f3nicos, al tiempo que destaca talentos contempor\u00e1neos que expanden los l\u00edmites de su oficio.   <\/p>\n","protected":false},"featured_media":46162,"template":"","meta":{"_acf_changed":false},"product_brand":[],"product_cat":[365],"product_tag":[],"class_list":{"0":"post-48081","1":"product","2":"type-product","3":"status-publish","4":"has-post-thumbnail","6":"product_cat-revistas","8":"first","9":"instock","10":"taxable","11":"shipping-taxable","12":"purchasable","13":"product-type-variable"},"acf":[],"yoast_head":"<!-- This site is optimized with the Yoast SEO Premium plugin v27.3 (Yoast SEO v27.4) - https:\/\/yoast.com\/product\/yoast-seo-premium-wordpress\/ -->\n<title>Colecci\u00f3n de Maestros - IRK Magazine<\/title>\n<meta name=\"description\" content=\"&quot;COLECCI\u00d3N DE MAESTROS&quot; se inspira en los grandes artistas que contin\u00faan definiendo nuestro mundo. La edici\u00f3n incluye a David Bowie con una entrevista a Keanan Duffty.\" \/>\n<meta name=\"robots\" content=\"index, follow, max-snippet:-1, max-image-preview:large, max-video-preview:-1\" \/>\n<link rel=\"canonical\" href=\"https:\/\/www.irkmagazine.com\/es\/producto\/coleccion-de-maestros\/\" \/>\n<meta property=\"og:locale\" content=\"es_ES\" \/>\n<meta property=\"og:type\" content=\"article\" \/>\n<meta property=\"og:title\" content=\"Colecci\u00f3n de Maestros\" \/>\n<meta property=\"og:description\" content=\"&quot;COLECCI\u00d3N DE MAESTROS&quot; se inspira en los grandes artistas que contin\u00faan definiendo nuestro mundo. La edici\u00f3n incluye a David Bowie con una entrevista a Keanan Duffty.\" \/>\n<meta property=\"og:url\" content=\"https:\/\/www.irkmagazine.com\/es\/producto\/coleccion-de-maestros\/\" \/>\n<meta property=\"og:site_name\" content=\"IRK Magazine\" \/>\n<meta property=\"article:publisher\" content=\"https:\/\/facebook.com\/irkmagazine\" \/>\n<meta property=\"og:image\" content=\"https:\/\/www.irkmagazine.com\/wp-content\/uploads\/irk-magazine-issue7-masters-cover.jpg\" \/>\n\t<meta property=\"og:image:width\" content=\"1240\" \/>\n\t<meta property=\"og:image:height\" content=\"1754\" \/>\n\t<meta property=\"og:image:type\" content=\"image\/jpeg\" \/>\n<meta name=\"twitter:card\" content=\"summary_large_image\" \/>\n<meta name=\"twitter:label1\" content=\"Disponibilidad\" \/>\n\t<meta name=\"twitter:data1\" content=\"Disponible\" \/>\n<script type=\"application\/ld+json\" class=\"yoast-schema-graph\">{\"@context\":\"https:\\\/\\\/schema.org\",\"@graph\":[{\"@type\":[\"WebPage\",\"ItemPage\"],\"@id\":\"https:\\\/\\\/www.irkmagazine.com\\\/es\\\/producto\\\/coleccion-de-maestros\\\/\",\"url\":\"https:\\\/\\\/www.irkmagazine.com\\\/es\\\/producto\\\/coleccion-de-maestros\\\/\",\"name\":\"Colecci\u00f3n de Maestros - IRK Magazine\",\"isPartOf\":{\"@id\":\"https:\\\/\\\/www.irkmagazine.com\\\/es\\\/#website\"},\"primaryImageOfPage\":{\"@id\":\"https:\\\/\\\/www.irkmagazine.com\\\/es\\\/producto\\\/coleccion-de-maestros\\\/#primaryimage\"},\"image\":{\"@id\":\"https:\\\/\\\/www.irkmagazine.com\\\/es\\\/producto\\\/coleccion-de-maestros\\\/#primaryimage\"},\"thumbnailUrl\":\"https:\\\/\\\/www.irkmagazine.com\\\/wp-content\\\/uploads\\\/irk-magazine-issue7-masters-cover.jpg\",\"datePublished\":\"2024-08-20T23:21:58+00:00\",\"description\":\"\\\"COLECCI\u00d3N DE MAESTROS\\\" se inspira en los grandes artistas que contin\u00faan definiendo nuestro mundo. La edici\u00f3n incluye a David Bowie con una entrevista a Keanan Duffty.\",\"breadcrumb\":{\"@id\":\"https:\\\/\\\/www.irkmagazine.com\\\/es\\\/producto\\\/coleccion-de-maestros\\\/#breadcrumb\"},\"inLanguage\":\"es\",\"potentialAction\":[{\"@type\":\"ReadAction\",\"target\":[\"https:\\\/\\\/www.irkmagazine.com\\\/es\\\/producto\\\/coleccion-de-maestros\\\/\"]}]},{\"@type\":\"ImageObject\",\"inLanguage\":\"es\",\"@id\":\"https:\\\/\\\/www.irkmagazine.com\\\/es\\\/producto\\\/coleccion-de-maestros\\\/#primaryimage\",\"url\":\"https:\\\/\\\/www.irkmagazine.com\\\/wp-content\\\/uploads\\\/irk-magazine-issue7-masters-cover.jpg\",\"contentUrl\":\"https:\\\/\\\/www.irkmagazine.com\\\/wp-content\\\/uploads\\\/irk-magazine-issue7-masters-cover.jpg\",\"width\":1240,\"height\":1754,\"caption\":\"La Colecci\u00f3n de Maestros: Moda inspirada en el arte\"},{\"@type\":\"BreadcrumbList\",\"@id\":\"https:\\\/\\\/www.irkmagazine.com\\\/es\\\/producto\\\/coleccion-de-maestros\\\/#breadcrumb\",\"itemListElement\":[{\"@type\":\"ListItem\",\"position\":1,\"name\":\"Home\",\"item\":\"https:\\\/\\\/www.irkmagazine.com\\\/es\\\/inicio\\\/\"},{\"@type\":\"ListItem\",\"position\":2,\"name\":\"Shop\",\"item\":\"https:\\\/\\\/www.irkmagazine.com\\\/shop\\\/\"},{\"@type\":\"ListItem\",\"position\":3,\"name\":\"Colecci\u00f3n de Maestros\"}]},{\"@type\":\"WebSite\",\"@id\":\"https:\\\/\\\/www.irkmagazine.com\\\/es\\\/#website\",\"url\":\"https:\\\/\\\/www.irkmagazine.com\\\/es\\\/\",\"name\":\"IRK Magazine\",\"description\":\"Art \\\/ Fashion \\\/ Design \\\/ Travel \\\/ France\",\"publisher\":{\"@id\":\"https:\\\/\\\/www.irkmagazine.com\\\/es\\\/#organization\"},\"alternateName\":\"irk\",\"potentialAction\":[{\"@type\":\"SearchAction\",\"target\":{\"@type\":\"EntryPoint\",\"urlTemplate\":\"https:\\\/\\\/www.irkmagazine.com\\\/es\\\/?s={search_term_string}\"},\"query-input\":{\"@type\":\"PropertyValueSpecification\",\"valueRequired\":true,\"valueName\":\"search_term_string\"}}],\"inLanguage\":\"es\"},{\"@type\":\"Organization\",\"@id\":\"https:\\\/\\\/www.irkmagazine.com\\\/es\\\/#organization\",\"name\":\"IRK Magazine\",\"url\":\"https:\\\/\\\/www.irkmagazine.com\\\/es\\\/\",\"logo\":{\"@type\":\"ImageObject\",\"inLanguage\":\"es\",\"@id\":\"https:\\\/\\\/www.irkmagazine.com\\\/es\\\/#\\\/schema\\\/logo\\\/image\\\/\",\"url\":\"https:\\\/\\\/www.irkmagazine.com\\\/wp-content\\\/uploads\\\/IRKLogoblack-1.png\",\"contentUrl\":\"https:\\\/\\\/www.irkmagazine.com\\\/wp-content\\\/uploads\\\/IRKLogoblack-1.png\",\"width\":168,\"height\":84,\"caption\":\"IRK Magazine\"},\"image\":{\"@id\":\"https:\\\/\\\/www.irkmagazine.com\\\/es\\\/#\\\/schema\\\/logo\\\/image\\\/\"},\"sameAs\":[\"https:\\\/\\\/facebook.com\\\/irkmagazine\",\"https:\\\/\\\/instagram.com\\\/irkmagazine\",\"https:\\\/\\\/www.linkedin.com\\\/company\\\/irkmagazine\",\"https:\\\/\\\/www.pinterest.com\\\/irkmagazine\"],\"description\":\"iRK Magazine is a fashion and culture magazine based in Paris, France. Topics cover Art, Photography, Fashion, Design, Travel and Culture.\",\"email\":\"info@irkmagazine.com\",\"publishingPrinciples\":\"https:\\\/\\\/www.irkmagazine.com\\\/submissions\\\/\"}]}<\/script>\n<meta property=\"og:availability\" content=\"instock\" \/>\n<meta property=\"product:availability\" content=\"instock\" \/>\n<meta property=\"product:condition\" content=\"new\" \/>\n<!-- \/ Yoast SEO Premium plugin. -->","yoast_head_json":{"title":"Colecci\u00f3n de Maestros - IRK Magazine","description":"\"COLECCI\u00d3N DE MAESTROS\" se inspira en los grandes artistas que contin\u00faan definiendo nuestro mundo. La edici\u00f3n incluye a David Bowie con una entrevista a Keanan Duffty.","robots":{"index":"index","follow":"follow","max-snippet":"max-snippet:-1","max-image-preview":"max-image-preview:large","max-video-preview":"max-video-preview:-1"},"canonical":"https:\/\/www.irkmagazine.com\/es\/producto\/coleccion-de-maestros\/","og_locale":"es_ES","og_type":"article","og_title":"Colecci\u00f3n de Maestros","og_description":"\"COLECCI\u00d3N DE MAESTROS\" se inspira en los grandes artistas que contin\u00faan definiendo nuestro mundo. La edici\u00f3n incluye a David Bowie con una entrevista a Keanan Duffty.","og_url":"https:\/\/www.irkmagazine.com\/es\/producto\/coleccion-de-maestros\/","og_site_name":"IRK Magazine","article_publisher":"https:\/\/facebook.com\/irkmagazine","og_image":[{"width":1240,"height":1754,"url":"https:\/\/www.irkmagazine.com\/wp-content\/uploads\/irk-magazine-issue7-masters-cover.jpg","type":"image\/jpeg"}],"twitter_card":"summary_large_image","twitter_misc":{"Disponibilidad":"Disponible"},"schema":{"@context":"https:\/\/schema.org","@graph":[{"@type":["WebPage","ItemPage"],"@id":"https:\/\/www.irkmagazine.com\/es\/producto\/coleccion-de-maestros\/","url":"https:\/\/www.irkmagazine.com\/es\/producto\/coleccion-de-maestros\/","name":"Colecci\u00f3n de Maestros - IRK Magazine","isPartOf":{"@id":"https:\/\/www.irkmagazine.com\/es\/#website"},"primaryImageOfPage":{"@id":"https:\/\/www.irkmagazine.com\/es\/producto\/coleccion-de-maestros\/#primaryimage"},"image":{"@id":"https:\/\/www.irkmagazine.com\/es\/producto\/coleccion-de-maestros\/#primaryimage"},"thumbnailUrl":"https:\/\/www.irkmagazine.com\/wp-content\/uploads\/irk-magazine-issue7-masters-cover.jpg","datePublished":"2024-08-20T23:21:58+00:00","description":"\"COLECCI\u00d3N DE MAESTROS\" se inspira en los grandes artistas que contin\u00faan definiendo nuestro mundo. La edici\u00f3n incluye a David Bowie con una entrevista a Keanan Duffty.","breadcrumb":{"@id":"https:\/\/www.irkmagazine.com\/es\/producto\/coleccion-de-maestros\/#breadcrumb"},"inLanguage":"es","potentialAction":[{"@type":"ReadAction","target":["https:\/\/www.irkmagazine.com\/es\/producto\/coleccion-de-maestros\/"]}]},{"@type":"ImageObject","inLanguage":"es","@id":"https:\/\/www.irkmagazine.com\/es\/producto\/coleccion-de-maestros\/#primaryimage","url":"https:\/\/www.irkmagazine.com\/wp-content\/uploads\/irk-magazine-issue7-masters-cover.jpg","contentUrl":"https:\/\/www.irkmagazine.com\/wp-content\/uploads\/irk-magazine-issue7-masters-cover.jpg","width":1240,"height":1754,"caption":"La Colecci\u00f3n de Maestros: Moda inspirada en el arte"},{"@type":"BreadcrumbList","@id":"https:\/\/www.irkmagazine.com\/es\/producto\/coleccion-de-maestros\/#breadcrumb","itemListElement":[{"@type":"ListItem","position":1,"name":"Home","item":"https:\/\/www.irkmagazine.com\/es\/inicio\/"},{"@type":"ListItem","position":2,"name":"Shop","item":"https:\/\/www.irkmagazine.com\/shop\/"},{"@type":"ListItem","position":3,"name":"Colecci\u00f3n de Maestros"}]},{"@type":"WebSite","@id":"https:\/\/www.irkmagazine.com\/es\/#website","url":"https:\/\/www.irkmagazine.com\/es\/","name":"IRK Magazine","description":"Art \/ Fashion \/ Design \/ Travel \/ France","publisher":{"@id":"https:\/\/www.irkmagazine.com\/es\/#organization"},"alternateName":"irk","potentialAction":[{"@type":"SearchAction","target":{"@type":"EntryPoint","urlTemplate":"https:\/\/www.irkmagazine.com\/es\/?s={search_term_string}"},"query-input":{"@type":"PropertyValueSpecification","valueRequired":true,"valueName":"search_term_string"}}],"inLanguage":"es"},{"@type":"Organization","@id":"https:\/\/www.irkmagazine.com\/es\/#organization","name":"IRK Magazine","url":"https:\/\/www.irkmagazine.com\/es\/","logo":{"@type":"ImageObject","inLanguage":"es","@id":"https:\/\/www.irkmagazine.com\/es\/#\/schema\/logo\/image\/","url":"https:\/\/www.irkmagazine.com\/wp-content\/uploads\/IRKLogoblack-1.png","contentUrl":"https:\/\/www.irkmagazine.com\/wp-content\/uploads\/IRKLogoblack-1.png","width":168,"height":84,"caption":"IRK Magazine"},"image":{"@id":"https:\/\/www.irkmagazine.com\/es\/#\/schema\/logo\/image\/"},"sameAs":["https:\/\/facebook.com\/irkmagazine","https:\/\/instagram.com\/irkmagazine","https:\/\/www.linkedin.com\/company\/irkmagazine","https:\/\/www.pinterest.com\/irkmagazine"],"description":"iRK Magazine is a fashion and culture magazine based in Paris, France. Topics cover Art, Photography, Fashion, Design, Travel and Culture.","email":"info@irkmagazine.com","publishingPrinciples":"https:\/\/www.irkmagazine.com\/submissions\/"}]},"og_availability":"instock","product_availability":"instock","product_condition":"new"},"_links":{"self":[{"href":"https:\/\/www.irkmagazine.com\/es\/wp-json\/wp\/v2\/product\/48081","targetHints":{"allow":["GET"]}}],"collection":[{"href":"https:\/\/www.irkmagazine.com\/es\/wp-json\/wp\/v2\/product"}],"about":[{"href":"https:\/\/www.irkmagazine.com\/es\/wp-json\/wp\/v2\/types\/product"}],"wp:featuredmedia":[{"embeddable":true,"href":"https:\/\/www.irkmagazine.com\/es\/wp-json\/wp\/v2\/media\/46162"}],"wp:attachment":[{"href":"https:\/\/www.irkmagazine.com\/es\/wp-json\/wp\/v2\/media?parent=48081"}],"wp:term":[{"taxonomy":"product_brand","embeddable":true,"href":"https:\/\/www.irkmagazine.com\/es\/wp-json\/wp\/v2\/product_brand?post=48081"},{"taxonomy":"product_cat","embeddable":true,"href":"https:\/\/www.irkmagazine.com\/es\/wp-json\/wp\/v2\/product_cat?post=48081"},{"taxonomy":"product_tag","embeddable":true,"href":"https:\/\/www.irkmagazine.com\/es\/wp-json\/wp\/v2\/product_tag?post=48081"}],"curies":[{"name":"wp","href":"https:\/\/api.w.org\/{rel}","templated":true}]}}