{"id":48084,"date":"2024-08-21T00:24:47","date_gmt":"2024-08-20T23:24:47","guid":{"rendered":"https:\/\/www.irkmagazine.com\/product\/jardin-del-eden\/"},"modified":"2024-08-21T00:24:47","modified_gmt":"2024-08-20T23:24:47","slug":"jardin-del-eden","status":"publish","type":"product","link":"https:\/\/www.irkmagazine.com\/es\/producto\/jardin-del-eden\/","title":{"rendered":"Jard\u00edn del Ed\u00e9n"},"content":{"rendered":"<p>El n\u00famero 6 \u00abJARD\u00cdN DEL ED\u00c9N\u00bb celebra una convergencia de creatividad a trav\u00e9s de canales cada vez m\u00e1s diversos y fomenta un di\u00e1logo intercultural ampliado. El Jard\u00edn del Ed\u00e9n es nuestra oda a la naturaleza, al medio ambiente, a los frutos prohibidos, a los jardines secretos y a la importancia de una mentalidad ecol\u00f3gica. <\/p>\n<p>En este n\u00famero les presentamos un jard\u00edn de deleites terrenales visuales e intelectuales que incluyen art\u00edculos perspicaces de<\/p>\n<ul>\n<li>Stacy Seiler sobre Michael de Feo<\/li>\n<li>Natasha Hall sobre la liminalidad<\/li>\n<li>Artemis Herber para In Paradisium<\/li>\n<li>Mia MacFarlane sobre el libro The Fashion Image<\/li>\n<li>Flore Lattanzio sobre Mai Lan y Vivienne Westwood<\/li>\n<li>Thomas Wener sobre la fot\u00f3grafa Danielle van Zadelhoff<\/li>\n<li>Los principales artistas contempor\u00e1neos de Rusia AES+F.<\/li>\n<\/ul>\n<p>Tambi\u00e9n hay 9 editoriales de moda\/arte inspiradas en el tema del n\u00famero realizadas por los fot\u00f3grafos,<\/p>\n<ul>\n<li>Shiori Akiba<\/li>\n<li>Iris Brosch<\/li>\n<li>French Cowboy<\/li>\n<li>Marta Bevacqua<\/li>\n<li>Karl Doyle<\/li>\n<li>Sandra Fourqui<\/li>\n<li>Heidi Niemala<\/li>\n<li>Tian Lui<\/li>\n<li>Gary Chew.<\/li>\n<\/ul>\n<p>&nbsp;<\/p>\n","protected":false},"excerpt":{"rendered":"<p>El n\u00famero 6 \u00abJARD\u00cdN DEL ED\u00c9N\u00bb celebra una convergencia de creatividad a trav\u00e9s de canales cada vez m\u00e1s diversos y fomenta un di\u00e1logo intercultural ampliado. El Jard\u00edn del Ed\u00e9n es nuestra oda a la naturaleza, al medio ambiente, a los frutos prohibidos, a los jardines secretos y a la importancia de una mentalidad ecol\u00f3gica. <\/p>\n","protected":false},"featured_media":22354,"template":"","meta":{"_acf_changed":false},"product_brand":[],"product_cat":[365],"product_tag":[],"class_list":{"0":"post-48084","1":"product","2":"type-product","3":"status-publish","4":"has-post-thumbnail","6":"product_cat-revistas","8":"first","9":"instock","10":"taxable","11":"shipping-taxable","12":"purchasable","13":"product-type-variable"},"acf":[],"yoast_head":"<!-- This site is optimized with the Yoast SEO Premium plugin v27.3 (Yoast SEO v27.5) - https:\/\/yoast.com\/product\/yoast-seo-premium-wordpress\/ -->\n<title>Jard\u00edn del Ed\u00e9n - IRK Magazine<\/title>\n<meta name=\"description\" content=\"El Jard\u00edn del Ed\u00e9n: oda a la naturaleza, frutos prohibidos y conciencia ambiental.\" \/>\n<meta name=\"robots\" content=\"index, follow, max-snippet:-1, max-image-preview:large, max-video-preview:-1\" \/>\n<link rel=\"canonical\" href=\"https:\/\/www.irkmagazine.com\/es\/producto\/jardin-del-eden\/\" \/>\n<meta property=\"og:locale\" content=\"es_ES\" \/>\n<meta property=\"og:type\" content=\"article\" \/>\n<meta property=\"og:title\" content=\"Jard\u00edn del Ed\u00e9n\" \/>\n<meta property=\"og:description\" content=\"El Jard\u00edn del Ed\u00e9n: oda a la naturaleza, frutos prohibidos y conciencia ambiental.\" \/>\n<meta property=\"og:url\" content=\"https:\/\/www.irkmagazine.com\/es\/producto\/jardin-del-eden\/\" \/>\n<meta property=\"og:site_name\" content=\"IRK Magazine\" \/>\n<meta property=\"article:publisher\" content=\"https:\/\/facebook.com\/irkmagazine\" \/>\n<meta property=\"og:image\" content=\"https:\/\/www.irkmagazine.com\/wp-content\/uploads\/8fee25_412e6abc26e14f7eb711a256be5b4586mv2_d_1240_1754_s_2.jpg\" \/>\n\t<meta property=\"og:image:width\" content=\"1240\" \/>\n\t<meta property=\"og:image:height\" content=\"1754\" \/>\n\t<meta property=\"og:image:type\" content=\"image\/webp\" \/>\n<meta name=\"twitter:card\" content=\"summary_large_image\" \/>\n<meta name=\"twitter:label1\" content=\"Disponibilidad\" \/>\n\t<meta name=\"twitter:data1\" content=\"Disponible\" \/>\n<script type=\"application\/ld+json\" class=\"yoast-schema-graph\">{\"@context\":\"https:\\\/\\\/schema.org\",\"@graph\":[{\"@type\":[\"WebPage\",\"ItemPage\"],\"@id\":\"https:\\\/\\\/www.irkmagazine.com\\\/es\\\/producto\\\/jardin-del-eden\\\/\",\"url\":\"https:\\\/\\\/www.irkmagazine.com\\\/es\\\/producto\\\/jardin-del-eden\\\/\",\"name\":\"Jard\u00edn del Ed\u00e9n - IRK Magazine\",\"isPartOf\":{\"@id\":\"https:\\\/\\\/www.irkmagazine.com\\\/es\\\/#website\"},\"primaryImageOfPage\":{\"@id\":\"https:\\\/\\\/www.irkmagazine.com\\\/es\\\/producto\\\/jardin-del-eden\\\/#primaryimage\"},\"image\":{\"@id\":\"https:\\\/\\\/www.irkmagazine.com\\\/es\\\/producto\\\/jardin-del-eden\\\/#primaryimage\"},\"thumbnailUrl\":\"https:\\\/\\\/www.irkmagazine.com\\\/wp-content\\\/uploads\\\/garden-of-eden.jpg\",\"datePublished\":\"2024-08-20T23:24:47+00:00\",\"description\":\"El Jard\u00edn del Ed\u00e9n: oda a la naturaleza, frutos prohibidos y conciencia ambiental.\",\"breadcrumb\":{\"@id\":\"https:\\\/\\\/www.irkmagazine.com\\\/es\\\/producto\\\/jardin-del-eden\\\/#breadcrumb\"},\"inLanguage\":\"es\",\"potentialAction\":[{\"@type\":\"ReadAction\",\"target\":[\"https:\\\/\\\/www.irkmagazine.com\\\/es\\\/producto\\\/jardin-del-eden\\\/\"]}]},{\"@type\":\"ImageObject\",\"inLanguage\":\"es\",\"@id\":\"https:\\\/\\\/www.irkmagazine.com\\\/es\\\/producto\\\/jardin-del-eden\\\/#primaryimage\",\"url\":\"https:\\\/\\\/www.irkmagazine.com\\\/wp-content\\\/uploads\\\/garden-of-eden.jpg\",\"contentUrl\":\"https:\\\/\\\/www.irkmagazine.com\\\/wp-content\\\/uploads\\\/garden-of-eden.jpg\",\"width\":1240,\"height\":1754,\"caption\":\"Portada del Jard\u00edn del Ed\u00e9n\"},{\"@type\":\"BreadcrumbList\",\"@id\":\"https:\\\/\\\/www.irkmagazine.com\\\/es\\\/producto\\\/jardin-del-eden\\\/#breadcrumb\",\"itemListElement\":[{\"@type\":\"ListItem\",\"position\":1,\"name\":\"Home\",\"item\":\"https:\\\/\\\/www.irkmagazine.com\\\/es\\\/inicio\\\/\"},{\"@type\":\"ListItem\",\"position\":2,\"name\":\"Shop\",\"item\":\"https:\\\/\\\/www.irkmagazine.com\\\/shop\\\/\"},{\"@type\":\"ListItem\",\"position\":3,\"name\":\"Jard\u00edn del Ed\u00e9n\"}]},{\"@type\":\"WebSite\",\"@id\":\"https:\\\/\\\/www.irkmagazine.com\\\/es\\\/#website\",\"url\":\"https:\\\/\\\/www.irkmagazine.com\\\/es\\\/\",\"name\":\"IRK Magazine\",\"description\":\"Art \\\/ Fashion \\\/ Design \\\/ Travel \\\/ France\",\"publisher\":{\"@id\":\"https:\\\/\\\/www.irkmagazine.com\\\/es\\\/#organization\"},\"alternateName\":\"irk\",\"potentialAction\":[{\"@type\":\"SearchAction\",\"target\":{\"@type\":\"EntryPoint\",\"urlTemplate\":\"https:\\\/\\\/www.irkmagazine.com\\\/es\\\/?s={search_term_string}\"},\"query-input\":{\"@type\":\"PropertyValueSpecification\",\"valueRequired\":true,\"valueName\":\"search_term_string\"}}],\"inLanguage\":\"es\"},{\"@type\":\"Organization\",\"@id\":\"https:\\\/\\\/www.irkmagazine.com\\\/es\\\/#organization\",\"name\":\"IRK Magazine\",\"url\":\"https:\\\/\\\/www.irkmagazine.com\\\/es\\\/\",\"logo\":{\"@type\":\"ImageObject\",\"inLanguage\":\"es\",\"@id\":\"https:\\\/\\\/www.irkmagazine.com\\\/es\\\/#\\\/schema\\\/logo\\\/image\\\/\",\"url\":\"https:\\\/\\\/www.irkmagazine.com\\\/wp-content\\\/uploads\\\/IRKLogoblack-1.png\",\"contentUrl\":\"https:\\\/\\\/www.irkmagazine.com\\\/wp-content\\\/uploads\\\/IRKLogoblack-1.png\",\"width\":168,\"height\":84,\"caption\":\"IRK Magazine\"},\"image\":{\"@id\":\"https:\\\/\\\/www.irkmagazine.com\\\/es\\\/#\\\/schema\\\/logo\\\/image\\\/\"},\"sameAs\":[\"https:\\\/\\\/facebook.com\\\/irkmagazine\",\"https:\\\/\\\/instagram.com\\\/irkmagazine\",\"https:\\\/\\\/www.linkedin.com\\\/company\\\/irkmagazine\",\"https:\\\/\\\/www.pinterest.com\\\/irkmagazine\"],\"description\":\"iRK Magazine is a fashion and culture magazine based in Paris, France. Topics cover Art, Photography, Fashion, Design, Travel and Culture.\",\"email\":\"info@irkmagazine.com\",\"publishingPrinciples\":\"https:\\\/\\\/www.irkmagazine.com\\\/submissions\\\/\"}]}<\/script>\n<meta property=\"og:availability\" content=\"instock\" \/>\n<meta property=\"product:availability\" content=\"instock\" \/>\n<meta property=\"product:condition\" content=\"new\" \/>\n<!-- \/ Yoast SEO Premium plugin. -->","yoast_head_json":{"title":"Jard\u00edn del Ed\u00e9n - IRK Magazine","description":"El Jard\u00edn del Ed\u00e9n: oda a la naturaleza, frutos prohibidos y conciencia ambiental.","robots":{"index":"index","follow":"follow","max-snippet":"max-snippet:-1","max-image-preview":"max-image-preview:large","max-video-preview":"max-video-preview:-1"},"canonical":"https:\/\/www.irkmagazine.com\/es\/producto\/jardin-del-eden\/","og_locale":"es_ES","og_type":"article","og_title":"Jard\u00edn del Ed\u00e9n","og_description":"El Jard\u00edn del Ed\u00e9n: oda a la naturaleza, frutos prohibidos y conciencia ambiental.","og_url":"https:\/\/www.irkmagazine.com\/es\/producto\/jardin-del-eden\/","og_site_name":"IRK Magazine","article_publisher":"https:\/\/facebook.com\/irkmagazine","og_image":[{"width":1240,"height":1754,"url":"https:\/\/www.irkmagazine.com\/wp-content\/uploads\/8fee25_412e6abc26e14f7eb711a256be5b4586mv2_d_1240_1754_s_2.jpg","type":"image\/webp"}],"twitter_card":"summary_large_image","twitter_misc":{"Disponibilidad":"Disponible"},"schema":{"@context":"https:\/\/schema.org","@graph":[{"@type":["WebPage","ItemPage"],"@id":"https:\/\/www.irkmagazine.com\/es\/producto\/jardin-del-eden\/","url":"https:\/\/www.irkmagazine.com\/es\/producto\/jardin-del-eden\/","name":"Jard\u00edn del Ed\u00e9n - IRK Magazine","isPartOf":{"@id":"https:\/\/www.irkmagazine.com\/es\/#website"},"primaryImageOfPage":{"@id":"https:\/\/www.irkmagazine.com\/es\/producto\/jardin-del-eden\/#primaryimage"},"image":{"@id":"https:\/\/www.irkmagazine.com\/es\/producto\/jardin-del-eden\/#primaryimage"},"thumbnailUrl":"https:\/\/www.irkmagazine.com\/wp-content\/uploads\/garden-of-eden.jpg","datePublished":"2024-08-20T23:24:47+00:00","description":"El Jard\u00edn del Ed\u00e9n: oda a la naturaleza, frutos prohibidos y conciencia ambiental.","breadcrumb":{"@id":"https:\/\/www.irkmagazine.com\/es\/producto\/jardin-del-eden\/#breadcrumb"},"inLanguage":"es","potentialAction":[{"@type":"ReadAction","target":["https:\/\/www.irkmagazine.com\/es\/producto\/jardin-del-eden\/"]}]},{"@type":"ImageObject","inLanguage":"es","@id":"https:\/\/www.irkmagazine.com\/es\/producto\/jardin-del-eden\/#primaryimage","url":"https:\/\/www.irkmagazine.com\/wp-content\/uploads\/garden-of-eden.jpg","contentUrl":"https:\/\/www.irkmagazine.com\/wp-content\/uploads\/garden-of-eden.jpg","width":1240,"height":1754,"caption":"Portada del Jard\u00edn del Ed\u00e9n"},{"@type":"BreadcrumbList","@id":"https:\/\/www.irkmagazine.com\/es\/producto\/jardin-del-eden\/#breadcrumb","itemListElement":[{"@type":"ListItem","position":1,"name":"Home","item":"https:\/\/www.irkmagazine.com\/es\/inicio\/"},{"@type":"ListItem","position":2,"name":"Shop","item":"https:\/\/www.irkmagazine.com\/shop\/"},{"@type":"ListItem","position":3,"name":"Jard\u00edn del Ed\u00e9n"}]},{"@type":"WebSite","@id":"https:\/\/www.irkmagazine.com\/es\/#website","url":"https:\/\/www.irkmagazine.com\/es\/","name":"IRK Magazine","description":"Art \/ Fashion \/ Design \/ Travel \/ France","publisher":{"@id":"https:\/\/www.irkmagazine.com\/es\/#organization"},"alternateName":"irk","potentialAction":[{"@type":"SearchAction","target":{"@type":"EntryPoint","urlTemplate":"https:\/\/www.irkmagazine.com\/es\/?s={search_term_string}"},"query-input":{"@type":"PropertyValueSpecification","valueRequired":true,"valueName":"search_term_string"}}],"inLanguage":"es"},{"@type":"Organization","@id":"https:\/\/www.irkmagazine.com\/es\/#organization","name":"IRK Magazine","url":"https:\/\/www.irkmagazine.com\/es\/","logo":{"@type":"ImageObject","inLanguage":"es","@id":"https:\/\/www.irkmagazine.com\/es\/#\/schema\/logo\/image\/","url":"https:\/\/www.irkmagazine.com\/wp-content\/uploads\/IRKLogoblack-1.png","contentUrl":"https:\/\/www.irkmagazine.com\/wp-content\/uploads\/IRKLogoblack-1.png","width":168,"height":84,"caption":"IRK Magazine"},"image":{"@id":"https:\/\/www.irkmagazine.com\/es\/#\/schema\/logo\/image\/"},"sameAs":["https:\/\/facebook.com\/irkmagazine","https:\/\/instagram.com\/irkmagazine","https:\/\/www.linkedin.com\/company\/irkmagazine","https:\/\/www.pinterest.com\/irkmagazine"],"description":"iRK Magazine is a fashion and culture magazine based in Paris, France. Topics cover Art, Photography, Fashion, Design, Travel and Culture.","email":"info@irkmagazine.com","publishingPrinciples":"https:\/\/www.irkmagazine.com\/submissions\/"}]},"og_availability":"instock","product_availability":"instock","product_condition":"new"},"_links":{"self":[{"href":"https:\/\/www.irkmagazine.com\/es\/wp-json\/wp\/v2\/product\/48084","targetHints":{"allow":["GET"]}}],"collection":[{"href":"https:\/\/www.irkmagazine.com\/es\/wp-json\/wp\/v2\/product"}],"about":[{"href":"https:\/\/www.irkmagazine.com\/es\/wp-json\/wp\/v2\/types\/product"}],"wp:featuredmedia":[{"embeddable":true,"href":"https:\/\/www.irkmagazine.com\/es\/wp-json\/wp\/v2\/media\/22354"}],"wp:attachment":[{"href":"https:\/\/www.irkmagazine.com\/es\/wp-json\/wp\/v2\/media?parent=48084"}],"wp:term":[{"taxonomy":"product_brand","embeddable":true,"href":"https:\/\/www.irkmagazine.com\/es\/wp-json\/wp\/v2\/product_brand?post=48084"},{"taxonomy":"product_cat","embeddable":true,"href":"https:\/\/www.irkmagazine.com\/es\/wp-json\/wp\/v2\/product_cat?post=48084"},{"taxonomy":"product_tag","embeddable":true,"href":"https:\/\/www.irkmagazine.com\/es\/wp-json\/wp\/v2\/product_tag?post=48084"}],"curies":[{"name":"wp","href":"https:\/\/api.w.org\/{rel}","templated":true}]}}