{"id":48136,"date":"2024-08-20T13:36:28","date_gmt":"2024-08-20T12:36:28","guid":{"rendered":"https:\/\/www.irkmagazine.com\/product\/piel-profunda\/"},"modified":"2024-08-20T13:36:28","modified_gmt":"2024-08-20T12:36:28","slug":"piel-profunda","status":"publish","type":"product","link":"https:\/\/www.irkmagazine.com\/es\/producto\/piel-profunda\/","title":{"rendered":"PIEL PROFUNDA"},"content":{"rendered":"<p>La edici\u00f3n Oto\u00f1o\/Invierno 2019\/20 de IRK Magazine, \u201cSKIN DEEP\u201d, aborda la belleza de la diversidad, la raza en la moda, dejando la piel real y sin retocar, c\u00f3mo una capa superficial puede ocultar la verdad o revelarla, y por supuesto, tratamientos de lujo para la piel.<\/p>\n<p>Este rico tema del n\u00famero est\u00e1 ilustrado con entrevistas exclusivas con<\/p>\n<ul>\n<li>El mayor dise\u00f1ador vivo de Francia, JEAN PAUL GAULTIER, y su dedicaci\u00f3n a todos nosotros \u201cFreaks\u201d<\/li>\n<li>ANGELA SARAFYN de WEST WORLD sobre ser una estadounidense de origen armenio<\/li>\n<li>TK Y CIPRIANA TWINS sobre raza y amor<\/li>\n<li>El Director de Arte de Nova y uno de los fot\u00f3grafos m\u00e1s influyentes del Reino Unido en materia de diversidad, HARRY PECCINOTTI, quien profundiza en su lucha por mostrar mujeres de color en revistas de moda, su valiente disposici\u00f3n a dejar sus fotograf\u00edas sin retocar, y sus desnudos crudos, naturales y sensuales.<\/li>\n<\/ul>\n<p>Tambi\u00e9n profundizamos en la historia de la diversidad y tenemos entrevistas con varios otros dise\u00f1adores de moda y expertos de la industria sobre esta lucha continua.<\/p>\n<p>Presentamos marcas de cuidado de la piel de lujo, incluyendo cosm\u00e9ticos de YSL, DIOR y GUERLIN. Adem\u00e1s, fotograf\u00eda exclusiva de moda, belleza y desnudos art\u00edsticos inspirados en el tema que revela la belleza de la PIEL. <\/p>\n","protected":false},"excerpt":{"rendered":"<p>La edici\u00f3n Oto\u00f1o\/Invierno 2019\/20 de IRK Magazine, \u201cSKIN DEEP\u201d, aborda la belleza de la diversidad, la raza en la moda, dejando la piel real y sin retocar, c\u00f3mo una capa superficial puede ocultar la verdad o revelarla, y por supuesto, tratamientos de lujo para la piel.<\/p>\n","protected":false},"featured_media":22250,"template":"","meta":{"_acf_changed":false},"product_brand":[],"product_cat":[365],"product_tag":[],"class_list":{"0":"post-48136","1":"product","2":"type-product","3":"status-publish","4":"has-post-thumbnail","6":"product_cat-revistas","8":"first","9":"instock","10":"taxable","11":"shipping-taxable","12":"purchasable","13":"product-type-variable"},"acf":[],"yoast_head":"<!-- This site is optimized with the Yoast SEO Premium plugin v27.3 (Yoast SEO v27.5) - https:\/\/yoast.com\/product\/yoast-seo-premium-wordpress\/ -->\n<title>PIEL PROFUNDA - IRK Magazine<\/title>\n<meta name=\"description\" content=\"\u201cSKIN DEEP\u201d aborda la belleza de la diversidad, la raza en la moda, dejando la piel real y sin retocar, c\u00f3mo una capa superficial puede ocultar la verdad\" \/>\n<meta name=\"robots\" content=\"index, follow, max-snippet:-1, max-image-preview:large, max-video-preview:-1\" \/>\n<link rel=\"canonical\" href=\"https:\/\/www.irkmagazine.com\/es\/producto\/piel-profunda\/\" \/>\n<meta property=\"og:locale\" content=\"es_ES\" \/>\n<meta property=\"og:type\" content=\"article\" \/>\n<meta property=\"og:title\" content=\"PIEL PROFUNDA\" \/>\n<meta property=\"og:description\" content=\"\u201cSKIN DEEP\u201d aborda la belleza de la diversidad, la raza en la moda, dejando la piel real y sin retocar, c\u00f3mo una capa superficial puede ocultar la verdad\" \/>\n<meta property=\"og:url\" content=\"https:\/\/www.irkmagazine.com\/es\/producto\/piel-profunda\/\" \/>\n<meta property=\"og:site_name\" content=\"IRK Magazine\" \/>\n<meta property=\"article:publisher\" content=\"https:\/\/facebook.com\/irkmagazine\" \/>\n<meta property=\"og:image\" content=\"https:\/\/www.irkmagazine.com\/wp-content\/uploads\/8fee25_48a5f567ccc94700a98155cea89298b8mv2_d_2480_3508_s_4_2-scaled.jpg\" \/>\n\t<meta property=\"og:image:width\" content=\"1810\" \/>\n\t<meta property=\"og:image:height\" content=\"2560\" \/>\n\t<meta property=\"og:image:type\" content=\"image\/webp\" \/>\n<meta name=\"twitter:card\" content=\"summary_large_image\" \/>\n<meta name=\"twitter:label1\" content=\"Disponibilidad\" \/>\n\t<meta name=\"twitter:data1\" content=\"Disponible\" \/>\n<script type=\"application\/ld+json\" class=\"yoast-schema-graph\">{\"@context\":\"https:\\\/\\\/schema.org\",\"@graph\":[{\"@type\":[\"WebPage\",\"ItemPage\"],\"@id\":\"https:\\\/\\\/www.irkmagazine.com\\\/es\\\/producto\\\/piel-profunda\\\/\",\"url\":\"https:\\\/\\\/www.irkmagazine.com\\\/es\\\/producto\\\/piel-profunda\\\/\",\"name\":\"PIEL PROFUNDA - IRK Magazine\",\"isPartOf\":{\"@id\":\"https:\\\/\\\/www.irkmagazine.com\\\/es\\\/#website\"},\"primaryImageOfPage\":{\"@id\":\"https:\\\/\\\/www.irkmagazine.com\\\/es\\\/producto\\\/piel-profunda\\\/#primaryimage\"},\"image\":{\"@id\":\"https:\\\/\\\/www.irkmagazine.com\\\/es\\\/producto\\\/piel-profunda\\\/#primaryimage\"},\"thumbnailUrl\":\"https:\\\/\\\/www.irkmagazine.com\\\/wp-content\\\/uploads\\\/skin-deep.jpg\",\"datePublished\":\"2024-08-20T12:36:28+00:00\",\"description\":\"\u201cSKIN DEEP\u201d aborda la belleza de la diversidad, la raza en la moda, dejando la piel real y sin retocar, c\u00f3mo una capa superficial puede ocultar la verdad\",\"breadcrumb\":{\"@id\":\"https:\\\/\\\/www.irkmagazine.com\\\/es\\\/producto\\\/piel-profunda\\\/#breadcrumb\"},\"inLanguage\":\"es\",\"potentialAction\":[{\"@type\":\"ReadAction\",\"target\":[\"https:\\\/\\\/www.irkmagazine.com\\\/es\\\/producto\\\/piel-profunda\\\/\"]}]},{\"@type\":\"ImageObject\",\"inLanguage\":\"es\",\"@id\":\"https:\\\/\\\/www.irkmagazine.com\\\/es\\\/producto\\\/piel-profunda\\\/#primaryimage\",\"url\":\"https:\\\/\\\/www.irkmagazine.com\\\/wp-content\\\/uploads\\\/skin-deep.jpg\",\"contentUrl\":\"https:\\\/\\\/www.irkmagazine.com\\\/wp-content\\\/uploads\\\/skin-deep.jpg\",\"width\":1810,\"height\":2560},{\"@type\":\"BreadcrumbList\",\"@id\":\"https:\\\/\\\/www.irkmagazine.com\\\/es\\\/producto\\\/piel-profunda\\\/#breadcrumb\",\"itemListElement\":[{\"@type\":\"ListItem\",\"position\":1,\"name\":\"Home\",\"item\":\"https:\\\/\\\/www.irkmagazine.com\\\/es\\\/inicio\\\/\"},{\"@type\":\"ListItem\",\"position\":2,\"name\":\"Shop\",\"item\":\"https:\\\/\\\/www.irkmagazine.com\\\/shop\\\/\"},{\"@type\":\"ListItem\",\"position\":3,\"name\":\"PIEL PROFUNDA\"}]},{\"@type\":\"WebSite\",\"@id\":\"https:\\\/\\\/www.irkmagazine.com\\\/es\\\/#website\",\"url\":\"https:\\\/\\\/www.irkmagazine.com\\\/es\\\/\",\"name\":\"IRK Magazine\",\"description\":\"Art \\\/ Fashion \\\/ Design \\\/ Travel \\\/ France\",\"publisher\":{\"@id\":\"https:\\\/\\\/www.irkmagazine.com\\\/es\\\/#organization\"},\"alternateName\":\"irk\",\"potentialAction\":[{\"@type\":\"SearchAction\",\"target\":{\"@type\":\"EntryPoint\",\"urlTemplate\":\"https:\\\/\\\/www.irkmagazine.com\\\/es\\\/?s={search_term_string}\"},\"query-input\":{\"@type\":\"PropertyValueSpecification\",\"valueRequired\":true,\"valueName\":\"search_term_string\"}}],\"inLanguage\":\"es\"},{\"@type\":\"Organization\",\"@id\":\"https:\\\/\\\/www.irkmagazine.com\\\/es\\\/#organization\",\"name\":\"IRK Magazine\",\"url\":\"https:\\\/\\\/www.irkmagazine.com\\\/es\\\/\",\"logo\":{\"@type\":\"ImageObject\",\"inLanguage\":\"es\",\"@id\":\"https:\\\/\\\/www.irkmagazine.com\\\/es\\\/#\\\/schema\\\/logo\\\/image\\\/\",\"url\":\"https:\\\/\\\/www.irkmagazine.com\\\/wp-content\\\/uploads\\\/IRKLogoblack-1.png\",\"contentUrl\":\"https:\\\/\\\/www.irkmagazine.com\\\/wp-content\\\/uploads\\\/IRKLogoblack-1.png\",\"width\":168,\"height\":84,\"caption\":\"IRK Magazine\"},\"image\":{\"@id\":\"https:\\\/\\\/www.irkmagazine.com\\\/es\\\/#\\\/schema\\\/logo\\\/image\\\/\"},\"sameAs\":[\"https:\\\/\\\/facebook.com\\\/irkmagazine\",\"https:\\\/\\\/instagram.com\\\/irkmagazine\",\"https:\\\/\\\/www.linkedin.com\\\/company\\\/irkmagazine\",\"https:\\\/\\\/www.pinterest.com\\\/irkmagazine\"],\"description\":\"iRK Magazine is a fashion and culture magazine based in Paris, France. Topics cover Art, Photography, Fashion, Design, Travel and Culture.\",\"email\":\"info@irkmagazine.com\",\"publishingPrinciples\":\"https:\\\/\\\/www.irkmagazine.com\\\/submissions\\\/\"}]}<\/script>\n<meta property=\"og:availability\" content=\"instock\" \/>\n<meta property=\"product:availability\" content=\"instock\" \/>\n<meta property=\"product:condition\" content=\"new\" \/>\n<!-- \/ Yoast SEO Premium plugin. -->","yoast_head_json":{"title":"PIEL PROFUNDA - IRK Magazine","description":"\u201cSKIN DEEP\u201d aborda la belleza de la diversidad, la raza en la moda, dejando la piel real y sin retocar, c\u00f3mo una capa superficial puede ocultar la verdad","robots":{"index":"index","follow":"follow","max-snippet":"max-snippet:-1","max-image-preview":"max-image-preview:large","max-video-preview":"max-video-preview:-1"},"canonical":"https:\/\/www.irkmagazine.com\/es\/producto\/piel-profunda\/","og_locale":"es_ES","og_type":"article","og_title":"PIEL PROFUNDA","og_description":"\u201cSKIN DEEP\u201d aborda la belleza de la diversidad, la raza en la moda, dejando la piel real y sin retocar, c\u00f3mo una capa superficial puede ocultar la verdad","og_url":"https:\/\/www.irkmagazine.com\/es\/producto\/piel-profunda\/","og_site_name":"IRK Magazine","article_publisher":"https:\/\/facebook.com\/irkmagazine","og_image":[{"width":1810,"height":2560,"url":"https:\/\/www.irkmagazine.com\/wp-content\/uploads\/8fee25_48a5f567ccc94700a98155cea89298b8mv2_d_2480_3508_s_4_2-scaled.jpg","type":"image\/webp"}],"twitter_card":"summary_large_image","twitter_misc":{"Disponibilidad":"Disponible"},"schema":{"@context":"https:\/\/schema.org","@graph":[{"@type":["WebPage","ItemPage"],"@id":"https:\/\/www.irkmagazine.com\/es\/producto\/piel-profunda\/","url":"https:\/\/www.irkmagazine.com\/es\/producto\/piel-profunda\/","name":"PIEL PROFUNDA - IRK Magazine","isPartOf":{"@id":"https:\/\/www.irkmagazine.com\/es\/#website"},"primaryImageOfPage":{"@id":"https:\/\/www.irkmagazine.com\/es\/producto\/piel-profunda\/#primaryimage"},"image":{"@id":"https:\/\/www.irkmagazine.com\/es\/producto\/piel-profunda\/#primaryimage"},"thumbnailUrl":"https:\/\/www.irkmagazine.com\/wp-content\/uploads\/skin-deep.jpg","datePublished":"2024-08-20T12:36:28+00:00","description":"\u201cSKIN DEEP\u201d aborda la belleza de la diversidad, la raza en la moda, dejando la piel real y sin retocar, c\u00f3mo una capa superficial puede ocultar la verdad","breadcrumb":{"@id":"https:\/\/www.irkmagazine.com\/es\/producto\/piel-profunda\/#breadcrumb"},"inLanguage":"es","potentialAction":[{"@type":"ReadAction","target":["https:\/\/www.irkmagazine.com\/es\/producto\/piel-profunda\/"]}]},{"@type":"ImageObject","inLanguage":"es","@id":"https:\/\/www.irkmagazine.com\/es\/producto\/piel-profunda\/#primaryimage","url":"https:\/\/www.irkmagazine.com\/wp-content\/uploads\/skin-deep.jpg","contentUrl":"https:\/\/www.irkmagazine.com\/wp-content\/uploads\/skin-deep.jpg","width":1810,"height":2560},{"@type":"BreadcrumbList","@id":"https:\/\/www.irkmagazine.com\/es\/producto\/piel-profunda\/#breadcrumb","itemListElement":[{"@type":"ListItem","position":1,"name":"Home","item":"https:\/\/www.irkmagazine.com\/es\/inicio\/"},{"@type":"ListItem","position":2,"name":"Shop","item":"https:\/\/www.irkmagazine.com\/shop\/"},{"@type":"ListItem","position":3,"name":"PIEL PROFUNDA"}]},{"@type":"WebSite","@id":"https:\/\/www.irkmagazine.com\/es\/#website","url":"https:\/\/www.irkmagazine.com\/es\/","name":"IRK Magazine","description":"Art \/ Fashion \/ Design \/ Travel \/ France","publisher":{"@id":"https:\/\/www.irkmagazine.com\/es\/#organization"},"alternateName":"irk","potentialAction":[{"@type":"SearchAction","target":{"@type":"EntryPoint","urlTemplate":"https:\/\/www.irkmagazine.com\/es\/?s={search_term_string}"},"query-input":{"@type":"PropertyValueSpecification","valueRequired":true,"valueName":"search_term_string"}}],"inLanguage":"es"},{"@type":"Organization","@id":"https:\/\/www.irkmagazine.com\/es\/#organization","name":"IRK Magazine","url":"https:\/\/www.irkmagazine.com\/es\/","logo":{"@type":"ImageObject","inLanguage":"es","@id":"https:\/\/www.irkmagazine.com\/es\/#\/schema\/logo\/image\/","url":"https:\/\/www.irkmagazine.com\/wp-content\/uploads\/IRKLogoblack-1.png","contentUrl":"https:\/\/www.irkmagazine.com\/wp-content\/uploads\/IRKLogoblack-1.png","width":168,"height":84,"caption":"IRK Magazine"},"image":{"@id":"https:\/\/www.irkmagazine.com\/es\/#\/schema\/logo\/image\/"},"sameAs":["https:\/\/facebook.com\/irkmagazine","https:\/\/instagram.com\/irkmagazine","https:\/\/www.linkedin.com\/company\/irkmagazine","https:\/\/www.pinterest.com\/irkmagazine"],"description":"iRK Magazine is a fashion and culture magazine based in Paris, France. Topics cover Art, Photography, Fashion, Design, Travel and Culture.","email":"info@irkmagazine.com","publishingPrinciples":"https:\/\/www.irkmagazine.com\/submissions\/"}]},"og_availability":"instock","product_availability":"instock","product_condition":"new"},"_links":{"self":[{"href":"https:\/\/www.irkmagazine.com\/es\/wp-json\/wp\/v2\/product\/48136","targetHints":{"allow":["GET"]}}],"collection":[{"href":"https:\/\/www.irkmagazine.com\/es\/wp-json\/wp\/v2\/product"}],"about":[{"href":"https:\/\/www.irkmagazine.com\/es\/wp-json\/wp\/v2\/types\/product"}],"wp:featuredmedia":[{"embeddable":true,"href":"https:\/\/www.irkmagazine.com\/es\/wp-json\/wp\/v2\/media\/22250"}],"wp:attachment":[{"href":"https:\/\/www.irkmagazine.com\/es\/wp-json\/wp\/v2\/media?parent=48136"}],"wp:term":[{"taxonomy":"product_brand","embeddable":true,"href":"https:\/\/www.irkmagazine.com\/es\/wp-json\/wp\/v2\/product_brand?post=48136"},{"taxonomy":"product_cat","embeddable":true,"href":"https:\/\/www.irkmagazine.com\/es\/wp-json\/wp\/v2\/product_cat?post=48136"},{"taxonomy":"product_tag","embeddable":true,"href":"https:\/\/www.irkmagazine.com\/es\/wp-json\/wp\/v2\/product_tag?post=48136"}],"curies":[{"name":"wp","href":"https:\/\/api.w.org\/{rel}","templated":true}]}}