{"id":48264,"date":"2024-08-20T12:55:30","date_gmt":"2024-08-20T11:55:30","guid":{"rendered":"https:\/\/www.irkmagazine.com\/product\/coleccion-de-jarrones-impresos-en-3d-roman\/"},"modified":"2024-08-20T12:55:30","modified_gmt":"2024-08-20T11:55:30","slug":"coleccion-de-jarrones-impresos-en-3d-roman","status":"publish","type":"product","link":"https:\/\/www.irkmagazine.com\/es\/producto\/coleccion-de-jarrones-impresos-en-3d-roman\/","title":{"rendered":"Colecci\u00f3n de Jarrones Impresos en 3D ROMAN"},"content":{"rendered":"<p>ENV\u00cdO<br \/>\nLos jarrones se fabrican por encargo y pueden tardar hasta 3 semanas en enviarse<br \/>\nLas promociones adicionales no se aplican a este art\u00edculo<\/p>\n<p>ESPECIFICACIONES<\/p>\n<ul>\n<li>Pl\u00e1stico impreso en 3D<\/li>\n<li>Dise\u00f1o circular sin residuos<\/li>\n<li>Dise\u00f1ado e impreso en Par\u00eds, Francia<\/li>\n<li>Fabricado por encargo<\/li>\n<\/ul>\n","protected":false},"excerpt":{"rendered":"<p>Este jarr\u00f3n impreso en 3D bajo demanda, dise\u00f1ado por Roman Crouigneau, se vende exclusivamente a trav\u00e9s de IRK Magazine durante los pr\u00f3ximos tres meses. Se fabrica por encargo para minimizar los residuos al medio ambiente. <\/p>\n","protected":false},"featured_media":22180,"template":"","meta":{"_acf_changed":false},"product_brand":[],"product_cat":[250],"product_tag":[],"class_list":{"0":"post-48264","1":"product","2":"type-product","3":"status-publish","4":"has-post-thumbnail","6":"product_cat-sin-categoria","8":"first","9":"instock","10":"taxable","11":"shipping-taxable","12":"purchasable","13":"product-type-simple"},"acf":[],"yoast_head":"<!-- This site is optimized with the Yoast SEO Premium plugin v27.3 (Yoast SEO v27.3) - https:\/\/yoast.com\/product\/yoast-seo-premium-wordpress\/ -->\n<title>Colecci\u00f3n de Jarrones Impresos en 3D ROMAN - IRK Magazine<\/title>\n<meta name=\"robots\" content=\"index, follow, max-snippet:-1, max-image-preview:large, max-video-preview:-1\" \/>\n<link rel=\"canonical\" href=\"https:\/\/www.irkmagazine.com\/es\/producto\/coleccion-de-jarrones-impresos-en-3d-roman\/\" \/>\n<meta property=\"og:locale\" content=\"es_ES\" \/>\n<meta property=\"og:type\" content=\"article\" \/>\n<meta property=\"og:title\" content=\"Colecci\u00f3n de Jarrones Impresos en 3D ROMAN\" \/>\n<meta property=\"og:description\" content=\"Este jarr\u00f3n impreso en 3D bajo demanda, dise\u00f1ado por Roman Crouigneau, se vende exclusivamente a trav\u00e9s de IRK Magazine durante los pr\u00f3ximos tres meses. Se fabrica por encargo para minimizar los residuos al medio ambiente.\" \/>\n<meta property=\"og:url\" content=\"https:\/\/www.irkmagazine.com\/es\/producto\/coleccion-de-jarrones-impresos-en-3d-roman\/\" \/>\n<meta property=\"og:site_name\" content=\"IRK Magazine\" \/>\n<meta property=\"article:publisher\" content=\"https:\/\/facebook.com\/irkmagazine\" \/>\n<meta property=\"og:image\" content=\"https:\/\/www.irkmagazine.com\/wp-content\/uploads\/8fee25_846c2375212942cdba4b7d03c1bdda26mv2.png\" \/>\n\t<meta property=\"og:image:width\" content=\"2056\" \/>\n\t<meta property=\"og:image:height\" content=\"2968\" \/>\n\t<meta property=\"og:image:type\" content=\"image\/jpeg\" \/>\n<meta name=\"twitter:card\" content=\"summary_large_image\" \/>\n<meta name=\"twitter:label1\" content=\"Precio\" \/>\n\t<meta name=\"twitter:data1\" content=\"&pound;80.00\" \/>\n\t<meta name=\"twitter:label2\" content=\"Disponibilidad\" \/>\n\t<meta name=\"twitter:data2\" content=\"Disponible\" \/>\n<script type=\"application\/ld+json\" class=\"yoast-schema-graph\">{\"@context\":\"https:\\\/\\\/schema.org\",\"@graph\":[{\"@type\":[\"WebPage\",\"ItemPage\"],\"@id\":\"https:\\\/\\\/www.irkmagazine.com\\\/es\\\/producto\\\/coleccion-de-jarrones-impresos-en-3d-roman\\\/\",\"url\":\"https:\\\/\\\/www.irkmagazine.com\\\/es\\\/producto\\\/coleccion-de-jarrones-impresos-en-3d-roman\\\/\",\"name\":\"Colecci\u00f3n de Jarrones Impresos en 3D ROMAN - IRK Magazine\",\"isPartOf\":{\"@id\":\"https:\\\/\\\/www.irkmagazine.com\\\/es\\\/#website\"},\"primaryImageOfPage\":{\"@id\":\"https:\\\/\\\/www.irkmagazine.com\\\/es\\\/producto\\\/coleccion-de-jarrones-impresos-en-3d-roman\\\/#primaryimage\"},\"image\":{\"@id\":\"https:\\\/\\\/www.irkmagazine.com\\\/es\\\/producto\\\/coleccion-de-jarrones-impresos-en-3d-roman\\\/#primaryimage\"},\"thumbnailUrl\":\"https:\\\/\\\/www.irkmagazine.com\\\/wp-content\\\/uploads\\\/8fee25_846c2375212942cdba4b7d03c1bdda26mv2.png\",\"datePublished\":\"2024-08-20T11:55:30+00:00\",\"breadcrumb\":{\"@id\":\"https:\\\/\\\/www.irkmagazine.com\\\/es\\\/producto\\\/coleccion-de-jarrones-impresos-en-3d-roman\\\/#breadcrumb\"},\"inLanguage\":\"es\",\"potentialAction\":[{\"@type\":\"ReadAction\",\"target\":[\"https:\\\/\\\/www.irkmagazine.com\\\/es\\\/producto\\\/coleccion-de-jarrones-impresos-en-3d-roman\\\/\"]}]},{\"@type\":\"ImageObject\",\"inLanguage\":\"es\",\"@id\":\"https:\\\/\\\/www.irkmagazine.com\\\/es\\\/producto\\\/coleccion-de-jarrones-impresos-en-3d-roman\\\/#primaryimage\",\"url\":\"https:\\\/\\\/www.irkmagazine.com\\\/wp-content\\\/uploads\\\/8fee25_846c2375212942cdba4b7d03c1bdda26mv2.png\",\"contentUrl\":\"https:\\\/\\\/www.irkmagazine.com\\\/wp-content\\\/uploads\\\/8fee25_846c2375212942cdba4b7d03c1bdda26mv2.png\",\"width\":2056,\"height\":2968},{\"@type\":\"BreadcrumbList\",\"@id\":\"https:\\\/\\\/www.irkmagazine.com\\\/es\\\/producto\\\/coleccion-de-jarrones-impresos-en-3d-roman\\\/#breadcrumb\",\"itemListElement\":[{\"@type\":\"ListItem\",\"position\":1,\"name\":\"Home\",\"item\":\"https:\\\/\\\/www.irkmagazine.com\\\/es\\\/inicio\\\/\"},{\"@type\":\"ListItem\",\"position\":2,\"name\":\"Shop\",\"item\":\"https:\\\/\\\/www.irkmagazine.com\\\/shop\\\/\"},{\"@type\":\"ListItem\",\"position\":3,\"name\":\"Colecci\u00f3n de Jarrones Impresos en 3D ROMAN\"}]},{\"@type\":\"WebSite\",\"@id\":\"https:\\\/\\\/www.irkmagazine.com\\\/es\\\/#website\",\"url\":\"https:\\\/\\\/www.irkmagazine.com\\\/es\\\/\",\"name\":\"IRK Magazine\",\"description\":\"Art \\\/ Fashion \\\/ Design \\\/ Travel \\\/ France\",\"publisher\":{\"@id\":\"https:\\\/\\\/www.irkmagazine.com\\\/es\\\/#organization\"},\"alternateName\":\"irk\",\"potentialAction\":[{\"@type\":\"SearchAction\",\"target\":{\"@type\":\"EntryPoint\",\"urlTemplate\":\"https:\\\/\\\/www.irkmagazine.com\\\/es\\\/?s={search_term_string}\"},\"query-input\":{\"@type\":\"PropertyValueSpecification\",\"valueRequired\":true,\"valueName\":\"search_term_string\"}}],\"inLanguage\":\"es\"},{\"@type\":\"Organization\",\"@id\":\"https:\\\/\\\/www.irkmagazine.com\\\/es\\\/#organization\",\"name\":\"IRK Magazine\",\"url\":\"https:\\\/\\\/www.irkmagazine.com\\\/es\\\/\",\"logo\":{\"@type\":\"ImageObject\",\"inLanguage\":\"es\",\"@id\":\"https:\\\/\\\/www.irkmagazine.com\\\/es\\\/#\\\/schema\\\/logo\\\/image\\\/\",\"url\":\"https:\\\/\\\/www.irkmagazine.com\\\/wp-content\\\/uploads\\\/IRKLogoblack-1.png\",\"contentUrl\":\"https:\\\/\\\/www.irkmagazine.com\\\/wp-content\\\/uploads\\\/IRKLogoblack-1.png\",\"width\":168,\"height\":84,\"caption\":\"IRK Magazine\"},\"image\":{\"@id\":\"https:\\\/\\\/www.irkmagazine.com\\\/es\\\/#\\\/schema\\\/logo\\\/image\\\/\"},\"sameAs\":[\"https:\\\/\\\/facebook.com\\\/irkmagazine\",\"https:\\\/\\\/instagram.com\\\/irkmagazine\",\"https:\\\/\\\/www.linkedin.com\\\/company\\\/irkmagazine\",\"https:\\\/\\\/www.pinterest.com\\\/irkmagazine\"],\"description\":\"iRK Magazine is a fashion and culture magazine based in Paris, France. Topics cover Art, Photography, Fashion, Design, Travel and Culture.\",\"email\":\"info@irkmagazine.com\",\"publishingPrinciples\":\"https:\\\/\\\/www.irkmagazine.com\\\/submissions\\\/\"}]}<\/script>\n<meta property=\"product:price:amount\" content=\"80.00\" \/>\n<meta property=\"product:price:currency\" content=\"GBP\" \/>\n<meta property=\"og:availability\" content=\"instock\" \/>\n<meta property=\"product:availability\" content=\"instock\" \/>\n<meta property=\"product:condition\" content=\"new\" \/>\n<!-- \/ Yoast SEO Premium plugin. -->","yoast_head_json":{"title":"Colecci\u00f3n de Jarrones Impresos en 3D ROMAN - IRK Magazine","robots":{"index":"index","follow":"follow","max-snippet":"max-snippet:-1","max-image-preview":"max-image-preview:large","max-video-preview":"max-video-preview:-1"},"canonical":"https:\/\/www.irkmagazine.com\/es\/producto\/coleccion-de-jarrones-impresos-en-3d-roman\/","og_locale":"es_ES","og_type":"article","og_title":"Colecci\u00f3n de Jarrones Impresos en 3D ROMAN","og_description":"Este jarr\u00f3n impreso en 3D bajo demanda, dise\u00f1ado por Roman Crouigneau, se vende exclusivamente a trav\u00e9s de IRK Magazine durante los pr\u00f3ximos tres meses. Se fabrica por encargo para minimizar los residuos al medio ambiente.","og_url":"https:\/\/www.irkmagazine.com\/es\/producto\/coleccion-de-jarrones-impresos-en-3d-roman\/","og_site_name":"IRK Magazine","article_publisher":"https:\/\/facebook.com\/irkmagazine","og_image":[{"width":2056,"height":2968,"url":"https:\/\/www.irkmagazine.com\/wp-content\/uploads\/8fee25_846c2375212942cdba4b7d03c1bdda26mv2.png","type":"image\/jpeg"}],"twitter_card":"summary_large_image","twitter_misc":{"Precio":"&pound;80.00","Disponibilidad":"Disponible"},"schema":{"@context":"https:\/\/schema.org","@graph":[{"@type":["WebPage","ItemPage"],"@id":"https:\/\/www.irkmagazine.com\/es\/producto\/coleccion-de-jarrones-impresos-en-3d-roman\/","url":"https:\/\/www.irkmagazine.com\/es\/producto\/coleccion-de-jarrones-impresos-en-3d-roman\/","name":"Colecci\u00f3n de Jarrones Impresos en 3D ROMAN - IRK Magazine","isPartOf":{"@id":"https:\/\/www.irkmagazine.com\/es\/#website"},"primaryImageOfPage":{"@id":"https:\/\/www.irkmagazine.com\/es\/producto\/coleccion-de-jarrones-impresos-en-3d-roman\/#primaryimage"},"image":{"@id":"https:\/\/www.irkmagazine.com\/es\/producto\/coleccion-de-jarrones-impresos-en-3d-roman\/#primaryimage"},"thumbnailUrl":"https:\/\/www.irkmagazine.com\/wp-content\/uploads\/8fee25_846c2375212942cdba4b7d03c1bdda26mv2.png","datePublished":"2024-08-20T11:55:30+00:00","breadcrumb":{"@id":"https:\/\/www.irkmagazine.com\/es\/producto\/coleccion-de-jarrones-impresos-en-3d-roman\/#breadcrumb"},"inLanguage":"es","potentialAction":[{"@type":"ReadAction","target":["https:\/\/www.irkmagazine.com\/es\/producto\/coleccion-de-jarrones-impresos-en-3d-roman\/"]}]},{"@type":"ImageObject","inLanguage":"es","@id":"https:\/\/www.irkmagazine.com\/es\/producto\/coleccion-de-jarrones-impresos-en-3d-roman\/#primaryimage","url":"https:\/\/www.irkmagazine.com\/wp-content\/uploads\/8fee25_846c2375212942cdba4b7d03c1bdda26mv2.png","contentUrl":"https:\/\/www.irkmagazine.com\/wp-content\/uploads\/8fee25_846c2375212942cdba4b7d03c1bdda26mv2.png","width":2056,"height":2968},{"@type":"BreadcrumbList","@id":"https:\/\/www.irkmagazine.com\/es\/producto\/coleccion-de-jarrones-impresos-en-3d-roman\/#breadcrumb","itemListElement":[{"@type":"ListItem","position":1,"name":"Home","item":"https:\/\/www.irkmagazine.com\/es\/inicio\/"},{"@type":"ListItem","position":2,"name":"Shop","item":"https:\/\/www.irkmagazine.com\/shop\/"},{"@type":"ListItem","position":3,"name":"Colecci\u00f3n de Jarrones Impresos en 3D ROMAN"}]},{"@type":"WebSite","@id":"https:\/\/www.irkmagazine.com\/es\/#website","url":"https:\/\/www.irkmagazine.com\/es\/","name":"IRK Magazine","description":"Art \/ Fashion \/ Design \/ Travel \/ France","publisher":{"@id":"https:\/\/www.irkmagazine.com\/es\/#organization"},"alternateName":"irk","potentialAction":[{"@type":"SearchAction","target":{"@type":"EntryPoint","urlTemplate":"https:\/\/www.irkmagazine.com\/es\/?s={search_term_string}"},"query-input":{"@type":"PropertyValueSpecification","valueRequired":true,"valueName":"search_term_string"}}],"inLanguage":"es"},{"@type":"Organization","@id":"https:\/\/www.irkmagazine.com\/es\/#organization","name":"IRK Magazine","url":"https:\/\/www.irkmagazine.com\/es\/","logo":{"@type":"ImageObject","inLanguage":"es","@id":"https:\/\/www.irkmagazine.com\/es\/#\/schema\/logo\/image\/","url":"https:\/\/www.irkmagazine.com\/wp-content\/uploads\/IRKLogoblack-1.png","contentUrl":"https:\/\/www.irkmagazine.com\/wp-content\/uploads\/IRKLogoblack-1.png","width":168,"height":84,"caption":"IRK Magazine"},"image":{"@id":"https:\/\/www.irkmagazine.com\/es\/#\/schema\/logo\/image\/"},"sameAs":["https:\/\/facebook.com\/irkmagazine","https:\/\/instagram.com\/irkmagazine","https:\/\/www.linkedin.com\/company\/irkmagazine","https:\/\/www.pinterest.com\/irkmagazine"],"description":"iRK Magazine is a fashion and culture magazine based in Paris, France. Topics cover Art, Photography, Fashion, Design, Travel and Culture.","email":"info@irkmagazine.com","publishingPrinciples":"https:\/\/www.irkmagazine.com\/submissions\/"}]},"product_price_amount":"80.00","product_price_currency":"GBP","og_availability":"instock","product_availability":"instock","product_condition":"new"},"_links":{"self":[{"href":"https:\/\/www.irkmagazine.com\/es\/wp-json\/wp\/v2\/product\/48264","targetHints":{"allow":["GET"]}}],"collection":[{"href":"https:\/\/www.irkmagazine.com\/es\/wp-json\/wp\/v2\/product"}],"about":[{"href":"https:\/\/www.irkmagazine.com\/es\/wp-json\/wp\/v2\/types\/product"}],"wp:featuredmedia":[{"embeddable":true,"href":"https:\/\/www.irkmagazine.com\/es\/wp-json\/wp\/v2\/media\/22180"}],"wp:attachment":[{"href":"https:\/\/www.irkmagazine.com\/es\/wp-json\/wp\/v2\/media?parent=48264"}],"wp:term":[{"taxonomy":"product_brand","embeddable":true,"href":"https:\/\/www.irkmagazine.com\/es\/wp-json\/wp\/v2\/product_brand?post=48264"},{"taxonomy":"product_cat","embeddable":true,"href":"https:\/\/www.irkmagazine.com\/es\/wp-json\/wp\/v2\/product_cat?post=48264"},{"taxonomy":"product_tag","embeddable":true,"href":"https:\/\/www.irkmagazine.com\/es\/wp-json\/wp\/v2\/product_tag?post=48264"}],"curies":[{"name":"wp","href":"https:\/\/api.w.org\/{rel}","templated":true}]}}