{"id":48045,"date":"2025-02-17T11:01:03","date_gmt":"2025-02-17T11:01:03","guid":{"rendered":"https:\/\/www.irkmagazine.com\/product\/techne\/"},"modified":"2025-02-17T11:01:03","modified_gmt":"2025-02-17T11:01:03","slug":"techne","status":"publish","type":"product","link":"https:\/\/www.irkmagazine.com\/fr\/produit\/techne\/","title":{"rendered":"TECHN\u00c9"},"content":{"rendered":"<p class=\"p2\">\u00ab TECHN\u00c9 \u00bb Plongez dans l&rsquo;avenir avec le dernier num\u00e9ro d&rsquo;IRK Magazine : <i>TECHN\u00c9 <\/i>\u2013 Notre futur est maintenant.<\/p>\n<p class=\"p2\">Cette \u00e9dition explore le r\u00f4le novateur de la technologie dans la formation de la cr\u00e9ativit\u00e9. IRK pr\u00e9sente un m\u00e9lange saisissant d&rsquo;imagerie g\u00e9n\u00e9r\u00e9e et \u00e9dit\u00e9e par l&rsquo;IA qui red\u00e9finit les fronti\u00e8res artistiques. Parall\u00e8lement, la photographie traditionnelle \u00e9volue en r\u00e9ponse \u00e0 l&rsquo;essor cr\u00e9atif de l&rsquo;IA. De la mode num\u00e9rique dans les jeux vid\u00e9o \u00e0 la durabilit\u00e9 aliment\u00e9e par la blockchain et aux voyages spatiaux durables. Techn\u00e9 met en lumi\u00e8re les innovations qui r\u00e9volutionnent notre fa\u00e7on de concevoir, de nous exprimer et de nous connecter.    <\/p>\n<ul>\n<li class=\"p3\">D\u00e9couvrez <i>Who Is The Muse<\/i> : Interview exclusive sur la collaboration de <i>Jay-Jay Johanson<\/i> avec <i>Balenciaga<\/i>.<\/li>\n<li class=\"p3\">Vivez <i>Albert Watson&rsquo;s Surprise<\/i>, une fusion avant-gardiste de la mode et de la ma\u00eetrise de la nature morte.<\/li>\n<li class=\"p3\">Explorez <i>Bursting With Life<\/i>, o\u00f9 <i>Miranda Penn Turin <\/i>combine la photographie avec des arri\u00e8re-plans g\u00e9n\u00e9r\u00e9s par l&rsquo;IA<\/li>\n<li class=\"p3\">Plongez dans <i>Fashion Meets the Metaverse<\/i>, mettant en vedette de jeunes designers fusionnant la haute couture avec le gaming pour r\u00e9volutionner l&rsquo;engagement num\u00e9rique.<\/li>\n<\/ul>\n<p class=\"p4\">Autres points saillants incluent :<\/p>\n<ul>\n<li class=\"p4\"><i>3D Garden<\/i>, avec des v\u00eatements imprim\u00e9s en 3D inspir\u00e9s de formes organiques<\/li>\n<li class=\"p4\"><i>The Green Awakening<\/i>, pr\u00e9sentant <i>Herbie<\/i>, un jumeau num\u00e9rique de plante aliment\u00e9 par la blockchain ;<\/li>\n<li class=\"p4\"><i>Waterless Denim<\/i>, qui explore des innovations r\u00e9volutionnaires et \u00e9cologiques \u00e9liminant l&rsquo;eau et les produits chimiques toxiques de la production de denim.<\/li>\n<li class=\"p4\"><i>The Digital Glow-Up <\/i>compl\u00e8te cette liste avec des avanc\u00e9es aliment\u00e9es par l&rsquo;IA red\u00e9finissant la personnalisation des soins de la peau. Techn\u00e9 offre un regard visionnaire sur le potentiel cr\u00e9atif de la technologie. <\/li>\n<\/ul>\n<p>IRK Magazine<\/p>\n<ul>\n<li>Pages : 164<\/li>\n<li>Format : Taille : A4 21 cm x 29,7 cm<\/li>\n<li>Couverture : Papier couch\u00e9 250 g\/m\u00b2 avec laminage mat<\/li>\n<li>Int\u00e9rieur : Papier couch\u00e9 avec finition satin\u00e9e (Chorus(Omni) satin) 130 g<\/li>\n<\/ul>\n","protected":false},"excerpt":{"rendered":"<p class=\"p2\">\u00ab TECHN\u00c9 \u00bb Plongez dans l&rsquo;avenir avec le dernier num\u00e9ro d&rsquo;IRK Magazine : <i>TECHN\u00c9 <\/i>\u2013 Notre futur est maintenant.<\/p>\n<p class=\"p2\">Cette \u00e9dition explore le r\u00f4le novateur de la technologie dans la formation de la cr\u00e9ativit\u00e9. IRK pr\u00e9sente un m\u00e9lange saisissant d&rsquo;imagerie g\u00e9n\u00e9r\u00e9e et \u00e9dit\u00e9e par l&rsquo;IA qui red\u00e9finit les fronti\u00e8res artistiques. Parall\u00e8lement, la photographie traditionnelle \u00e9volue en r\u00e9ponse \u00e0 l&rsquo;essor cr\u00e9atif de l&rsquo;IA. De la mode num\u00e9rique dans les jeux vid\u00e9o \u00e0 la durabilit\u00e9 aliment\u00e9e par la blockchain et aux voyages spatiaux durables. Techn\u00e9 met en lumi\u00e8re les innovations qui r\u00e9volutionnent notre fa\u00e7on de concevoir, de nous exprimer et de nous connecter.    <\/p>\n","protected":false},"featured_media":45953,"template":"","meta":{"_acf_changed":false},"product_brand":[],"product_cat":[364],"product_tag":[],"class_list":{"0":"post-48045","1":"product","2":"type-product","3":"status-publish","4":"has-post-thumbnail","6":"product_cat-revues","8":"first","9":"instock","10":"featured","11":"taxable","12":"shipping-taxable","13":"purchasable","14":"product-type-variable","15":"has-default-attributes"},"acf":[],"yoast_head":"<!-- This site is optimized with the Yoast SEO Premium plugin v27.3 (Yoast SEO v27.4) - https:\/\/yoast.com\/product\/yoast-seo-premium-wordpress\/ -->\n<title>TECHN\u00c9 - IRK Magazine<\/title>\n<meta name=\"description\" content=\"\u00ab TECHN\u00c9 \u00bb \u2013 Le num\u00e9ro ax\u00e9 sur l&#039;avenir d&#039;IRK Magazine ! Explorez la cr\u00e9ativit\u00e9 aliment\u00e9e par l&#039;IA, la mode num\u00e9rique, la durabilit\u00e9 par la blockchain,\" \/>\n<meta name=\"robots\" content=\"index, follow, max-snippet:-1, max-image-preview:large, max-video-preview:-1\" \/>\n<link rel=\"canonical\" href=\"https:\/\/www.irkmagazine.com\/fr\/produit\/techne\/\" \/>\n<meta property=\"og:locale\" content=\"fr_FR\" \/>\n<meta property=\"og:type\" content=\"article\" \/>\n<meta property=\"og:title\" content=\"TECHN\u00c9\" \/>\n<meta property=\"og:description\" content=\"\u00ab TECHN\u00c9 \u00bb \u2013 Le num\u00e9ro ax\u00e9 sur l&#039;avenir d&#039;IRK Magazine ! Explorez la cr\u00e9ativit\u00e9 aliment\u00e9e par l&#039;IA, la mode num\u00e9rique, la durabilit\u00e9 par la blockchain,\" \/>\n<meta property=\"og:url\" content=\"https:\/\/www.irkmagazine.com\/fr\/produit\/techne\/\" \/>\n<meta property=\"og:site_name\" content=\"IRK Magazine\" \/>\n<meta property=\"article:publisher\" content=\"https:\/\/facebook.com\/irkmagazine\" \/>\n<meta property=\"og:image\" content=\"https:\/\/www.irkmagazine.com\/wp-content\/uploads\/irk-magazine-issue-tech-cover-jay-jay-scaled.jpg\" \/>\n\t<meta property=\"og:image:width\" content=\"1810\" \/>\n\t<meta property=\"og:image:height\" content=\"2560\" \/>\n\t<meta property=\"og:image:type\" content=\"image\/jpeg\" \/>\n<meta name=\"twitter:card\" content=\"summary_large_image\" \/>\n<meta name=\"twitter:label1\" content=\"Disponibilit\u00e9\" \/>\n\t<meta name=\"twitter:data1\" content=\"En stock\" \/>\n<script type=\"application\/ld+json\" class=\"yoast-schema-graph\">{\"@context\":\"https:\\\/\\\/schema.org\",\"@graph\":[{\"@type\":[\"WebPage\",\"ItemPage\"],\"@id\":\"https:\\\/\\\/www.irkmagazine.com\\\/fr\\\/produit\\\/techne\\\/\",\"url\":\"https:\\\/\\\/www.irkmagazine.com\\\/fr\\\/produit\\\/techne\\\/\",\"name\":\"TECHN\u00c9 - IRK Magazine\",\"isPartOf\":{\"@id\":\"https:\\\/\\\/www.irkmagazine.com\\\/fr\\\/#website\"},\"primaryImageOfPage\":{\"@id\":\"https:\\\/\\\/www.irkmagazine.com\\\/fr\\\/produit\\\/techne\\\/#primaryimage\"},\"image\":{\"@id\":\"https:\\\/\\\/www.irkmagazine.com\\\/fr\\\/produit\\\/techne\\\/#primaryimage\"},\"thumbnailUrl\":\"https:\\\/\\\/www.irkmagazine.com\\\/wp-content\\\/uploads\\\/techne.jpg\",\"datePublished\":\"2025-02-17T11:01:03+00:00\",\"description\":\"\u00ab TECHN\u00c9 \u00bb \u2013 Le num\u00e9ro ax\u00e9 sur l'avenir d'IRK Magazine ! Explorez la cr\u00e9ativit\u00e9 aliment\u00e9e par l'IA, la mode num\u00e9rique, la durabilit\u00e9 par la blockchain,\",\"breadcrumb\":{\"@id\":\"https:\\\/\\\/www.irkmagazine.com\\\/fr\\\/produit\\\/techne\\\/#breadcrumb\"},\"inLanguage\":\"fr-FR\",\"potentialAction\":[{\"@type\":\"ReadAction\",\"target\":[\"https:\\\/\\\/www.irkmagazine.com\\\/fr\\\/produit\\\/techne\\\/\"]}]},{\"@type\":\"ImageObject\",\"inLanguage\":\"fr-FR\",\"@id\":\"https:\\\/\\\/www.irkmagazine.com\\\/fr\\\/produit\\\/techne\\\/#primaryimage\",\"url\":\"https:\\\/\\\/www.irkmagazine.com\\\/wp-content\\\/uploads\\\/techne.jpg\",\"contentUrl\":\"https:\\\/\\\/www.irkmagazine.com\\\/wp-content\\\/uploads\\\/techne.jpg\",\"width\":1810,\"height\":2560,\"caption\":\"Couverture TECHNE d'IRK Magazine avec le chanteur Jay Jay Johanson portant Balenciaga\"},{\"@type\":\"BreadcrumbList\",\"@id\":\"https:\\\/\\\/www.irkmagazine.com\\\/fr\\\/produit\\\/techne\\\/#breadcrumb\",\"itemListElement\":[{\"@type\":\"ListItem\",\"position\":1,\"name\":\"Home\",\"item\":\"https:\\\/\\\/www.irkmagazine.com\\\/fr\\\/accueil\\\/\"},{\"@type\":\"ListItem\",\"position\":2,\"name\":\"Shop\",\"item\":\"https:\\\/\\\/www.irkmagazine.com\\\/shop\\\/\"},{\"@type\":\"ListItem\",\"position\":3,\"name\":\"TECHN\u00c9\"}]},{\"@type\":\"WebSite\",\"@id\":\"https:\\\/\\\/www.irkmagazine.com\\\/fr\\\/#website\",\"url\":\"https:\\\/\\\/www.irkmagazine.com\\\/fr\\\/\",\"name\":\"IRK Magazine\",\"description\":\"Art \\\/ Fashion \\\/ Design \\\/ Travel \\\/ France\",\"publisher\":{\"@id\":\"https:\\\/\\\/www.irkmagazine.com\\\/fr\\\/#organization\"},\"alternateName\":\"irk\",\"potentialAction\":[{\"@type\":\"SearchAction\",\"target\":{\"@type\":\"EntryPoint\",\"urlTemplate\":\"https:\\\/\\\/www.irkmagazine.com\\\/fr\\\/?s={search_term_string}\"},\"query-input\":{\"@type\":\"PropertyValueSpecification\",\"valueRequired\":true,\"valueName\":\"search_term_string\"}}],\"inLanguage\":\"fr-FR\"},{\"@type\":\"Organization\",\"@id\":\"https:\\\/\\\/www.irkmagazine.com\\\/fr\\\/#organization\",\"name\":\"IRK Magazine\",\"url\":\"https:\\\/\\\/www.irkmagazine.com\\\/fr\\\/\",\"logo\":{\"@type\":\"ImageObject\",\"inLanguage\":\"fr-FR\",\"@id\":\"https:\\\/\\\/www.irkmagazine.com\\\/fr\\\/#\\\/schema\\\/logo\\\/image\\\/\",\"url\":\"https:\\\/\\\/www.irkmagazine.com\\\/wp-content\\\/uploads\\\/IRKLogoblack-1.png\",\"contentUrl\":\"https:\\\/\\\/www.irkmagazine.com\\\/wp-content\\\/uploads\\\/IRKLogoblack-1.png\",\"width\":168,\"height\":84,\"caption\":\"IRK Magazine\"},\"image\":{\"@id\":\"https:\\\/\\\/www.irkmagazine.com\\\/fr\\\/#\\\/schema\\\/logo\\\/image\\\/\"},\"sameAs\":[\"https:\\\/\\\/facebook.com\\\/irkmagazine\",\"https:\\\/\\\/instagram.com\\\/irkmagazine\",\"https:\\\/\\\/www.linkedin.com\\\/company\\\/irkmagazine\",\"https:\\\/\\\/www.pinterest.com\\\/irkmagazine\"],\"description\":\"iRK Magazine is a fashion and culture magazine based in Paris, France. Topics cover Art, Photography, Fashion, Design, Travel and Culture.\",\"email\":\"info@irkmagazine.com\",\"publishingPrinciples\":\"https:\\\/\\\/www.irkmagazine.com\\\/submissions\\\/\"}]}<\/script>\n<meta property=\"og:availability\" content=\"instock\" \/>\n<meta property=\"product:availability\" content=\"instock\" \/>\n<meta property=\"product:condition\" content=\"new\" \/>\n<!-- \/ Yoast SEO Premium plugin. -->","yoast_head_json":{"title":"TECHN\u00c9 - IRK Magazine","description":"\u00ab TECHN\u00c9 \u00bb \u2013 Le num\u00e9ro ax\u00e9 sur l'avenir d'IRK Magazine ! Explorez la cr\u00e9ativit\u00e9 aliment\u00e9e par l'IA, la mode num\u00e9rique, la durabilit\u00e9 par la blockchain,","robots":{"index":"index","follow":"follow","max-snippet":"max-snippet:-1","max-image-preview":"max-image-preview:large","max-video-preview":"max-video-preview:-1"},"canonical":"https:\/\/www.irkmagazine.com\/fr\/produit\/techne\/","og_locale":"fr_FR","og_type":"article","og_title":"TECHN\u00c9","og_description":"\u00ab TECHN\u00c9 \u00bb \u2013 Le num\u00e9ro ax\u00e9 sur l'avenir d'IRK Magazine ! Explorez la cr\u00e9ativit\u00e9 aliment\u00e9e par l'IA, la mode num\u00e9rique, la durabilit\u00e9 par la blockchain,","og_url":"https:\/\/www.irkmagazine.com\/fr\/produit\/techne\/","og_site_name":"IRK Magazine","article_publisher":"https:\/\/facebook.com\/irkmagazine","og_image":[{"width":1810,"height":2560,"url":"https:\/\/www.irkmagazine.com\/wp-content\/uploads\/irk-magazine-issue-tech-cover-jay-jay-scaled.jpg","type":"image\/jpeg"}],"twitter_card":"summary_large_image","twitter_misc":{"Disponibilit\u00e9":"En stock"},"schema":{"@context":"https:\/\/schema.org","@graph":[{"@type":["WebPage","ItemPage"],"@id":"https:\/\/www.irkmagazine.com\/fr\/produit\/techne\/","url":"https:\/\/www.irkmagazine.com\/fr\/produit\/techne\/","name":"TECHN\u00c9 - IRK Magazine","isPartOf":{"@id":"https:\/\/www.irkmagazine.com\/fr\/#website"},"primaryImageOfPage":{"@id":"https:\/\/www.irkmagazine.com\/fr\/produit\/techne\/#primaryimage"},"image":{"@id":"https:\/\/www.irkmagazine.com\/fr\/produit\/techne\/#primaryimage"},"thumbnailUrl":"https:\/\/www.irkmagazine.com\/wp-content\/uploads\/techne.jpg","datePublished":"2025-02-17T11:01:03+00:00","description":"\u00ab TECHN\u00c9 \u00bb \u2013 Le num\u00e9ro ax\u00e9 sur l'avenir d'IRK Magazine ! Explorez la cr\u00e9ativit\u00e9 aliment\u00e9e par l'IA, la mode num\u00e9rique, la durabilit\u00e9 par la blockchain,","breadcrumb":{"@id":"https:\/\/www.irkmagazine.com\/fr\/produit\/techne\/#breadcrumb"},"inLanguage":"fr-FR","potentialAction":[{"@type":"ReadAction","target":["https:\/\/www.irkmagazine.com\/fr\/produit\/techne\/"]}]},{"@type":"ImageObject","inLanguage":"fr-FR","@id":"https:\/\/www.irkmagazine.com\/fr\/produit\/techne\/#primaryimage","url":"https:\/\/www.irkmagazine.com\/wp-content\/uploads\/techne.jpg","contentUrl":"https:\/\/www.irkmagazine.com\/wp-content\/uploads\/techne.jpg","width":1810,"height":2560,"caption":"Couverture TECHNE d'IRK Magazine avec le chanteur Jay Jay Johanson portant Balenciaga"},{"@type":"BreadcrumbList","@id":"https:\/\/www.irkmagazine.com\/fr\/produit\/techne\/#breadcrumb","itemListElement":[{"@type":"ListItem","position":1,"name":"Home","item":"https:\/\/www.irkmagazine.com\/fr\/accueil\/"},{"@type":"ListItem","position":2,"name":"Shop","item":"https:\/\/www.irkmagazine.com\/shop\/"},{"@type":"ListItem","position":3,"name":"TECHN\u00c9"}]},{"@type":"WebSite","@id":"https:\/\/www.irkmagazine.com\/fr\/#website","url":"https:\/\/www.irkmagazine.com\/fr\/","name":"IRK Magazine","description":"Art \/ Fashion \/ Design \/ Travel \/ France","publisher":{"@id":"https:\/\/www.irkmagazine.com\/fr\/#organization"},"alternateName":"irk","potentialAction":[{"@type":"SearchAction","target":{"@type":"EntryPoint","urlTemplate":"https:\/\/www.irkmagazine.com\/fr\/?s={search_term_string}"},"query-input":{"@type":"PropertyValueSpecification","valueRequired":true,"valueName":"search_term_string"}}],"inLanguage":"fr-FR"},{"@type":"Organization","@id":"https:\/\/www.irkmagazine.com\/fr\/#organization","name":"IRK Magazine","url":"https:\/\/www.irkmagazine.com\/fr\/","logo":{"@type":"ImageObject","inLanguage":"fr-FR","@id":"https:\/\/www.irkmagazine.com\/fr\/#\/schema\/logo\/image\/","url":"https:\/\/www.irkmagazine.com\/wp-content\/uploads\/IRKLogoblack-1.png","contentUrl":"https:\/\/www.irkmagazine.com\/wp-content\/uploads\/IRKLogoblack-1.png","width":168,"height":84,"caption":"IRK Magazine"},"image":{"@id":"https:\/\/www.irkmagazine.com\/fr\/#\/schema\/logo\/image\/"},"sameAs":["https:\/\/facebook.com\/irkmagazine","https:\/\/instagram.com\/irkmagazine","https:\/\/www.linkedin.com\/company\/irkmagazine","https:\/\/www.pinterest.com\/irkmagazine"],"description":"iRK Magazine is a fashion and culture magazine based in Paris, France. Topics cover Art, Photography, Fashion, Design, Travel and Culture.","email":"info@irkmagazine.com","publishingPrinciples":"https:\/\/www.irkmagazine.com\/submissions\/"}]},"og_availability":"instock","product_availability":"instock","product_condition":"new"},"_links":{"self":[{"href":"https:\/\/www.irkmagazine.com\/fr\/wp-json\/wp\/v2\/product\/48045","targetHints":{"allow":["GET"]}}],"collection":[{"href":"https:\/\/www.irkmagazine.com\/fr\/wp-json\/wp\/v2\/product"}],"about":[{"href":"https:\/\/www.irkmagazine.com\/fr\/wp-json\/wp\/v2\/types\/product"}],"wp:featuredmedia":[{"embeddable":true,"href":"https:\/\/www.irkmagazine.com\/fr\/wp-json\/wp\/v2\/media\/45953"}],"wp:attachment":[{"href":"https:\/\/www.irkmagazine.com\/fr\/wp-json\/wp\/v2\/media?parent=48045"}],"wp:term":[{"taxonomy":"product_brand","embeddable":true,"href":"https:\/\/www.irkmagazine.com\/fr\/wp-json\/wp\/v2\/product_brand?post=48045"},{"taxonomy":"product_cat","embeddable":true,"href":"https:\/\/www.irkmagazine.com\/fr\/wp-json\/wp\/v2\/product_cat?post=48045"},{"taxonomy":"product_tag","embeddable":true,"href":"https:\/\/www.irkmagazine.com\/fr\/wp-json\/wp\/v2\/product_tag?post=48045"}],"curies":[{"name":"wp","href":"https:\/\/api.w.org\/{rel}","templated":true}]}}