{"id":48078,"date":"2024-08-21T00:30:33","date_gmt":"2024-08-20T23:30:33","guid":{"rendered":"https:\/\/www.irkmagazine.com\/product\/futurism-couverture-surrender\/"},"modified":"2024-08-21T00:30:33","modified_gmt":"2024-08-20T23:30:33","slug":"futurism-couverture-surrender","status":"publish","type":"product","link":"https:\/\/www.irkmagazine.com\/fr\/produit\/futurism-couverture-surrender\/","title":{"rendered":"FUTURISM &#8211; Couverture \u00ab Surrender \u00bb"},"content":{"rendered":"<h4>Le num\u00e9ro \u00ab FUTURISM \u00bb : L\u00e0 o\u00f9 l&rsquo;imagination rencontre l&rsquo;innovation<\/h4>\n<p>\u00ab FUTURISM \u00bb emm\u00e8ne les lecteurs dans un voyage au c\u0153ur des royaumes du possible, fusionnant science-fiction, technologies innovantes et mode avant-gardiste. Cette \u00e9dition captivante pr\u00e9sente des entretiens approfondis avec des visionnaires repoussant les limites de la cr\u00e9ativit\u00e9. L&rsquo;actrice de Versailles, No\u00e9mie Schmidt, partage des r\u00e9flexions sinc\u00e8res sur ses sc\u00e8nes intenses avec George Blagden dans le r\u00f4le de Louis XIV, r\u00e9v\u00e9lant les coulisses de sa sc\u00e8ne de mort iconique qui a d\u00e9clench\u00e9 une temp\u00eate sur les r\u00e9seaux sociaux.   <\/p>\n<h4>Pr\u00e9vision des tendances et avenir du textile<\/h4>\n<p>La pr\u00e9visionniste de tendances Lidewij Edelkoort, connue pour guider les plus grands cr\u00e9ateurs et marques de mode au monde, offre un aper\u00e7u exclusif de l&rsquo;avenir des textiles. Parall\u00e8lement, les esprits imaginatifs de la Maison de Haute Couture parisienne On Aura Tout Vu discutent de leurs inspirations \u00e9clectiques, allant des pailles quotidiennes aux drones futuristes, en passant par les contes de f\u00e9es enchanteurs.  <\/p>\n<h4>R\u00e9cits visuels : Photographie et art<\/h4>\n<p>Le photographe TOMAAS pr\u00e9sente sa s\u00e9rie provocatrice \u00ab Plastic Fantastic \u00bb, actuellement expos\u00e9e avec les Nations Unies \u00e0 Ibiza, mettant en lumi\u00e8re des th\u00e8mes environnementaux \u00e0 travers un prisme surr\u00e9aliste. Le num\u00e9ro met \u00e9galement en avant la s\u00e9rie \u00ab Libraries \u00bb de Thomas R. Schiff, qui transforme de grandes biblioth\u00e8ques en sanctuaires visuels fascinants d\u00e9di\u00e9s \u00e0 l&rsquo;humanit\u00e9 et au savoir.  <\/p>\n<h4>L&rsquo;avenir de la mode : Conceptions 3D, interactives et modulaires<\/h4>\n<p>Compl\u00e9tant le tableau, IRK se penche sur le travail r\u00e9volutionnaire des maisons de mode<\/p>\n<ul>\n<li>Yuima Nakazato<\/li>\n<li>Cute Circuit<\/li>\n<li>threeASFOUR, qui sont \u00e0 l&rsquo;avant-garde de la mode 3D, interactive et modulaire. <\/li>\n<\/ul>\n<p>\u00c0 chaque page, le num\u00e9ro \u00ab FUTURISM \u00bb invite les lecteurs \u00e0 explorer un monde o\u00f9 l&rsquo;imagination rencontre l&rsquo;innovation, offrant une perspective nouvelle sur ce que pourrait \u00eatre l&rsquo;avenir de l&rsquo;art, de la culture et de la mode.<\/p>\n","protected":false},"excerpt":{"rendered":"<h4>Le num\u00e9ro \u00ab FUTURISM \u00bb : L\u00e0 o\u00f9 l&rsquo;imagination rencontre l&rsquo;innovation<\/h4>\n<p>\u00ab FUTURISM \u00bb emm\u00e8ne les lecteurs dans un voyage au c\u0153ur des royaumes du possible, fusionnant science-fiction, technologies innovantes et mode avant-gardiste. Cette \u00e9dition captivante pr\u00e9sente des entretiens approfondis avec des visionnaires repoussant les limites de la cr\u00e9ativit\u00e9. L&rsquo;actrice de Versailles, No\u00e9mie Schmidt, partage des r\u00e9flexions sinc\u00e8res sur ses sc\u00e8nes intenses avec George Blagden dans le r\u00f4le de Louis XIV, r\u00e9v\u00e9lant les coulisses de sa sc\u00e8ne de mort iconique qui a d\u00e9clench\u00e9 une temp\u00eate sur les r\u00e9seaux sociaux.   <\/p>\n","protected":false},"featured_media":22383,"template":"","meta":{"_acf_changed":false},"product_brand":[],"product_cat":[364],"product_tag":[],"class_list":{"0":"post-48078","1":"product","2":"type-product","3":"status-publish","4":"has-post-thumbnail","6":"product_cat-revues","8":"first","9":"instock","10":"taxable","11":"shipping-taxable","12":"purchasable","13":"product-type-variable"},"acf":[],"yoast_head":"<!-- This site is optimized with the Yoast SEO Premium plugin v27.3 (Yoast SEO v27.4) - https:\/\/yoast.com\/product\/yoast-seo-premium-wordpress\/ -->\n<title>FUTURISM - Couverture \u00ab Surrender \u00bb - IRK Magazine<\/title>\n<meta name=\"description\" content=\"N\u00b05 de \u00ab FUTURISM \u00bb : SF, tech et mode avec N. Schmidt, L. Edelkoort, On Aura Tout Vu, TOMAAS, etc.\" \/>\n<meta name=\"robots\" content=\"index, follow, max-snippet:-1, max-image-preview:large, max-video-preview:-1\" \/>\n<link rel=\"canonical\" href=\"https:\/\/www.irkmagazine.com\/fr\/produit\/futurism-couverture-surrender\/\" \/>\n<meta property=\"og:locale\" content=\"fr_FR\" \/>\n<meta property=\"og:type\" content=\"article\" \/>\n<meta property=\"og:title\" content=\"FUTURISM - Couverture \u00ab Surrender \u00bb\" \/>\n<meta property=\"og:description\" content=\"N\u00b05 de \u00ab FUTURISM \u00bb : SF, tech et mode avec N. Schmidt, L. Edelkoort, On Aura Tout Vu, TOMAAS, etc.\" \/>\n<meta property=\"og:url\" content=\"https:\/\/www.irkmagazine.com\/fr\/produit\/futurism-couverture-surrender\/\" \/>\n<meta property=\"og:site_name\" content=\"IRK Magazine\" \/>\n<meta property=\"article:publisher\" content=\"https:\/\/facebook.com\/irkmagazine\" \/>\n<meta property=\"og:image\" content=\"https:\/\/www.irkmagazine.com\/wp-content\/uploads\/8fee25_1a2d543811f54c0091968269821e3930mv2_d_1240_1754_s_2.jpg\" \/>\n\t<meta property=\"og:image:width\" content=\"1240\" \/>\n\t<meta property=\"og:image:height\" content=\"1754\" \/>\n\t<meta property=\"og:image:type\" content=\"image\/webp\" \/>\n<meta name=\"twitter:card\" content=\"summary_large_image\" \/>\n<meta name=\"twitter:label1\" content=\"Disponibilit\u00e9\" \/>\n\t<meta name=\"twitter:data1\" content=\"En stock\" \/>\n<script type=\"application\/ld+json\" class=\"yoast-schema-graph\">{\"@context\":\"https:\\\/\\\/schema.org\",\"@graph\":[{\"@type\":[\"WebPage\",\"ItemPage\"],\"@id\":\"https:\\\/\\\/www.irkmagazine.com\\\/fr\\\/produit\\\/futurism-couverture-surrender\\\/\",\"url\":\"https:\\\/\\\/www.irkmagazine.com\\\/fr\\\/produit\\\/futurism-couverture-surrender\\\/\",\"name\":\"FUTURISM - Couverture \u00ab Surrender \u00bb - IRK Magazine\",\"isPartOf\":{\"@id\":\"https:\\\/\\\/www.irkmagazine.com\\\/fr\\\/#website\"},\"primaryImageOfPage\":{\"@id\":\"https:\\\/\\\/www.irkmagazine.com\\\/fr\\\/produit\\\/futurism-couverture-surrender\\\/#primaryimage\"},\"image\":{\"@id\":\"https:\\\/\\\/www.irkmagazine.com\\\/fr\\\/produit\\\/futurism-couverture-surrender\\\/#primaryimage\"},\"thumbnailUrl\":\"https:\\\/\\\/www.irkmagazine.com\\\/wp-content\\\/uploads\\\/futurism-surrendercover.jpg\",\"datePublished\":\"2024-08-20T23:30:33+00:00\",\"description\":\"N\u00b05 de \u00ab FUTURISM \u00bb : SF, tech et mode avec N. Schmidt, L. Edelkoort, On Aura Tout Vu, TOMAAS, etc.\",\"breadcrumb\":{\"@id\":\"https:\\\/\\\/www.irkmagazine.com\\\/fr\\\/produit\\\/futurism-couverture-surrender\\\/#breadcrumb\"},\"inLanguage\":\"fr-FR\",\"potentialAction\":[{\"@type\":\"ReadAction\",\"target\":[\"https:\\\/\\\/www.irkmagazine.com\\\/fr\\\/produit\\\/futurism-couverture-surrender\\\/\"]}]},{\"@type\":\"ImageObject\",\"inLanguage\":\"fr-FR\",\"@id\":\"https:\\\/\\\/www.irkmagazine.com\\\/fr\\\/produit\\\/futurism-couverture-surrender\\\/#primaryimage\",\"url\":\"https:\\\/\\\/www.irkmagazine.com\\\/wp-content\\\/uploads\\\/futurism-surrendercover.jpg\",\"contentUrl\":\"https:\\\/\\\/www.irkmagazine.com\\\/wp-content\\\/uploads\\\/futurism-surrendercover.jpg\",\"width\":1240,\"height\":1754,\"caption\":\"Couverture FUTURISM \u00e9ditorial de mode inspir\u00e9 par Blade Runner\"},{\"@type\":\"BreadcrumbList\",\"@id\":\"https:\\\/\\\/www.irkmagazine.com\\\/fr\\\/produit\\\/futurism-couverture-surrender\\\/#breadcrumb\",\"itemListElement\":[{\"@type\":\"ListItem\",\"position\":1,\"name\":\"Home\",\"item\":\"https:\\\/\\\/www.irkmagazine.com\\\/fr\\\/accueil\\\/\"},{\"@type\":\"ListItem\",\"position\":2,\"name\":\"Shop\",\"item\":\"https:\\\/\\\/www.irkmagazine.com\\\/shop\\\/\"},{\"@type\":\"ListItem\",\"position\":3,\"name\":\"FUTURISM &#8211; Couverture \u00ab Surrender \u00bb\"}]},{\"@type\":\"WebSite\",\"@id\":\"https:\\\/\\\/www.irkmagazine.com\\\/fr\\\/#website\",\"url\":\"https:\\\/\\\/www.irkmagazine.com\\\/fr\\\/\",\"name\":\"IRK Magazine\",\"description\":\"Art \\\/ Fashion \\\/ Design \\\/ Travel \\\/ France\",\"publisher\":{\"@id\":\"https:\\\/\\\/www.irkmagazine.com\\\/fr\\\/#organization\"},\"alternateName\":\"irk\",\"potentialAction\":[{\"@type\":\"SearchAction\",\"target\":{\"@type\":\"EntryPoint\",\"urlTemplate\":\"https:\\\/\\\/www.irkmagazine.com\\\/fr\\\/?s={search_term_string}\"},\"query-input\":{\"@type\":\"PropertyValueSpecification\",\"valueRequired\":true,\"valueName\":\"search_term_string\"}}],\"inLanguage\":\"fr-FR\"},{\"@type\":\"Organization\",\"@id\":\"https:\\\/\\\/www.irkmagazine.com\\\/fr\\\/#organization\",\"name\":\"IRK Magazine\",\"url\":\"https:\\\/\\\/www.irkmagazine.com\\\/fr\\\/\",\"logo\":{\"@type\":\"ImageObject\",\"inLanguage\":\"fr-FR\",\"@id\":\"https:\\\/\\\/www.irkmagazine.com\\\/fr\\\/#\\\/schema\\\/logo\\\/image\\\/\",\"url\":\"https:\\\/\\\/www.irkmagazine.com\\\/wp-content\\\/uploads\\\/IRKLogoblack-1.png\",\"contentUrl\":\"https:\\\/\\\/www.irkmagazine.com\\\/wp-content\\\/uploads\\\/IRKLogoblack-1.png\",\"width\":168,\"height\":84,\"caption\":\"IRK Magazine\"},\"image\":{\"@id\":\"https:\\\/\\\/www.irkmagazine.com\\\/fr\\\/#\\\/schema\\\/logo\\\/image\\\/\"},\"sameAs\":[\"https:\\\/\\\/facebook.com\\\/irkmagazine\",\"https:\\\/\\\/instagram.com\\\/irkmagazine\",\"https:\\\/\\\/www.linkedin.com\\\/company\\\/irkmagazine\",\"https:\\\/\\\/www.pinterest.com\\\/irkmagazine\"],\"description\":\"iRK Magazine is a fashion and culture magazine based in Paris, France. Topics cover Art, Photography, Fashion, Design, Travel and Culture.\",\"email\":\"info@irkmagazine.com\",\"publishingPrinciples\":\"https:\\\/\\\/www.irkmagazine.com\\\/submissions\\\/\"}]}<\/script>\n<meta property=\"og:availability\" content=\"instock\" \/>\n<meta property=\"product:availability\" content=\"instock\" \/>\n<meta property=\"product:condition\" content=\"new\" \/>\n<!-- \/ Yoast SEO Premium plugin. -->","yoast_head_json":{"title":"FUTURISM - Couverture \u00ab Surrender \u00bb - IRK Magazine","description":"N\u00b05 de \u00ab FUTURISM \u00bb : SF, tech et mode avec N. Schmidt, L. Edelkoort, On Aura Tout Vu, TOMAAS, etc.","robots":{"index":"index","follow":"follow","max-snippet":"max-snippet:-1","max-image-preview":"max-image-preview:large","max-video-preview":"max-video-preview:-1"},"canonical":"https:\/\/www.irkmagazine.com\/fr\/produit\/futurism-couverture-surrender\/","og_locale":"fr_FR","og_type":"article","og_title":"FUTURISM - Couverture \u00ab Surrender \u00bb","og_description":"N\u00b05 de \u00ab FUTURISM \u00bb : SF, tech et mode avec N. Schmidt, L. Edelkoort, On Aura Tout Vu, TOMAAS, etc.","og_url":"https:\/\/www.irkmagazine.com\/fr\/produit\/futurism-couverture-surrender\/","og_site_name":"IRK Magazine","article_publisher":"https:\/\/facebook.com\/irkmagazine","og_image":[{"width":1240,"height":1754,"url":"https:\/\/www.irkmagazine.com\/wp-content\/uploads\/8fee25_1a2d543811f54c0091968269821e3930mv2_d_1240_1754_s_2.jpg","type":"image\/webp"}],"twitter_card":"summary_large_image","twitter_misc":{"Disponibilit\u00e9":"En stock"},"schema":{"@context":"https:\/\/schema.org","@graph":[{"@type":["WebPage","ItemPage"],"@id":"https:\/\/www.irkmagazine.com\/fr\/produit\/futurism-couverture-surrender\/","url":"https:\/\/www.irkmagazine.com\/fr\/produit\/futurism-couverture-surrender\/","name":"FUTURISM - Couverture \u00ab Surrender \u00bb - IRK Magazine","isPartOf":{"@id":"https:\/\/www.irkmagazine.com\/fr\/#website"},"primaryImageOfPage":{"@id":"https:\/\/www.irkmagazine.com\/fr\/produit\/futurism-couverture-surrender\/#primaryimage"},"image":{"@id":"https:\/\/www.irkmagazine.com\/fr\/produit\/futurism-couverture-surrender\/#primaryimage"},"thumbnailUrl":"https:\/\/www.irkmagazine.com\/wp-content\/uploads\/futurism-surrendercover.jpg","datePublished":"2024-08-20T23:30:33+00:00","description":"N\u00b05 de \u00ab FUTURISM \u00bb : SF, tech et mode avec N. Schmidt, L. Edelkoort, On Aura Tout Vu, TOMAAS, etc.","breadcrumb":{"@id":"https:\/\/www.irkmagazine.com\/fr\/produit\/futurism-couverture-surrender\/#breadcrumb"},"inLanguage":"fr-FR","potentialAction":[{"@type":"ReadAction","target":["https:\/\/www.irkmagazine.com\/fr\/produit\/futurism-couverture-surrender\/"]}]},{"@type":"ImageObject","inLanguage":"fr-FR","@id":"https:\/\/www.irkmagazine.com\/fr\/produit\/futurism-couverture-surrender\/#primaryimage","url":"https:\/\/www.irkmagazine.com\/wp-content\/uploads\/futurism-surrendercover.jpg","contentUrl":"https:\/\/www.irkmagazine.com\/wp-content\/uploads\/futurism-surrendercover.jpg","width":1240,"height":1754,"caption":"Couverture FUTURISM \u00e9ditorial de mode inspir\u00e9 par Blade Runner"},{"@type":"BreadcrumbList","@id":"https:\/\/www.irkmagazine.com\/fr\/produit\/futurism-couverture-surrender\/#breadcrumb","itemListElement":[{"@type":"ListItem","position":1,"name":"Home","item":"https:\/\/www.irkmagazine.com\/fr\/accueil\/"},{"@type":"ListItem","position":2,"name":"Shop","item":"https:\/\/www.irkmagazine.com\/shop\/"},{"@type":"ListItem","position":3,"name":"FUTURISM &#8211; Couverture \u00ab Surrender \u00bb"}]},{"@type":"WebSite","@id":"https:\/\/www.irkmagazine.com\/fr\/#website","url":"https:\/\/www.irkmagazine.com\/fr\/","name":"IRK Magazine","description":"Art \/ Fashion \/ Design \/ Travel \/ France","publisher":{"@id":"https:\/\/www.irkmagazine.com\/fr\/#organization"},"alternateName":"irk","potentialAction":[{"@type":"SearchAction","target":{"@type":"EntryPoint","urlTemplate":"https:\/\/www.irkmagazine.com\/fr\/?s={search_term_string}"},"query-input":{"@type":"PropertyValueSpecification","valueRequired":true,"valueName":"search_term_string"}}],"inLanguage":"fr-FR"},{"@type":"Organization","@id":"https:\/\/www.irkmagazine.com\/fr\/#organization","name":"IRK Magazine","url":"https:\/\/www.irkmagazine.com\/fr\/","logo":{"@type":"ImageObject","inLanguage":"fr-FR","@id":"https:\/\/www.irkmagazine.com\/fr\/#\/schema\/logo\/image\/","url":"https:\/\/www.irkmagazine.com\/wp-content\/uploads\/IRKLogoblack-1.png","contentUrl":"https:\/\/www.irkmagazine.com\/wp-content\/uploads\/IRKLogoblack-1.png","width":168,"height":84,"caption":"IRK Magazine"},"image":{"@id":"https:\/\/www.irkmagazine.com\/fr\/#\/schema\/logo\/image\/"},"sameAs":["https:\/\/facebook.com\/irkmagazine","https:\/\/instagram.com\/irkmagazine","https:\/\/www.linkedin.com\/company\/irkmagazine","https:\/\/www.pinterest.com\/irkmagazine"],"description":"iRK Magazine is a fashion and culture magazine based in Paris, France. Topics cover Art, Photography, Fashion, Design, Travel and Culture.","email":"info@irkmagazine.com","publishingPrinciples":"https:\/\/www.irkmagazine.com\/submissions\/"}]},"og_availability":"instock","product_availability":"instock","product_condition":"new"},"_links":{"self":[{"href":"https:\/\/www.irkmagazine.com\/fr\/wp-json\/wp\/v2\/product\/48078","targetHints":{"allow":["GET"]}}],"collection":[{"href":"https:\/\/www.irkmagazine.com\/fr\/wp-json\/wp\/v2\/product"}],"about":[{"href":"https:\/\/www.irkmagazine.com\/fr\/wp-json\/wp\/v2\/types\/product"}],"wp:featuredmedia":[{"embeddable":true,"href":"https:\/\/www.irkmagazine.com\/fr\/wp-json\/wp\/v2\/media\/22383"}],"wp:attachment":[{"href":"https:\/\/www.irkmagazine.com\/fr\/wp-json\/wp\/v2\/media?parent=48078"}],"wp:term":[{"taxonomy":"product_brand","embeddable":true,"href":"https:\/\/www.irkmagazine.com\/fr\/wp-json\/wp\/v2\/product_brand?post=48078"},{"taxonomy":"product_cat","embeddable":true,"href":"https:\/\/www.irkmagazine.com\/fr\/wp-json\/wp\/v2\/product_cat?post=48078"},{"taxonomy":"product_tag","embeddable":true,"href":"https:\/\/www.irkmagazine.com\/fr\/wp-json\/wp\/v2\/product_tag?post=48078"}],"curies":[{"name":"wp","href":"https:\/\/api.w.org\/{rel}","templated":true}]}}