{"id":48087,"date":"2024-08-21T00:24:47","date_gmt":"2024-08-20T23:24:47","guid":{"rendered":"https:\/\/www.irkmagazine.com\/product\/jardin-deden\/"},"modified":"2024-08-21T00:24:47","modified_gmt":"2024-08-20T23:24:47","slug":"jardin-deden","status":"publish","type":"product","link":"https:\/\/www.irkmagazine.com\/fr\/produit\/jardin-deden\/","title":{"rendered":"Jardin d&rsquo;\u00c9den"},"content":{"rendered":"<p>Le num\u00e9ro #6 \u00ab JARDIN D&rsquo;\u00c9DEN \u00bb c\u00e9l\u00e8bre une convergence de cr\u00e9ativit\u00e9 \u00e0 travers des canaux de plus en plus diversifi\u00e9s et encourage un dialogue interculturel \u00e9largi. Le Jardin d&rsquo;\u00c9den est notre ode \u00e0 la nature, \u00e0 l&rsquo;environnement, aux fruits d\u00e9fendus, aux jardins secrets et \u00e0 l&rsquo;importance d&rsquo;une mentalit\u00e9 \u00e9cologique. <\/p>\n<p>Dans ce num\u00e9ro, nous vous pr\u00e9sentons un jardin de d\u00e9lices visuels et intellectuels terrestres qui comprennent des articles perspicaces de<\/p>\n<ul>\n<li>Stacy Seiler sur Michael de Feo<\/li>\n<li>Natasha Hall sur la liminalit\u00e9<\/li>\n<li>Artemis Herber pour In Paradisium<\/li>\n<li>Mia MacFarlane sur le livre The Fashion Image<\/li>\n<li>Flore Lattanzio sur Mai Lan et Vivienne Westwood<\/li>\n<li>Thomas Wener sur la photographe Danielle van Zadelhoff<\/li>\n<li>Les artistes contemporains russes de premier plan AES+F.<\/li>\n<\/ul>\n<p>Il y a \u00e9galement 9 \u00e9ditoriaux de mode\/art inspir\u00e9s par le th\u00e8me du num\u00e9ro, r\u00e9alis\u00e9s par les photographes,<\/p>\n<ul>\n<li>Shiori Akiba<\/li>\n<li>Iris Brosch<\/li>\n<li>French Cowboy<\/li>\n<li>Marta Bevacqua<\/li>\n<li>Karl Doyle<\/li>\n<li>Sandra Fourqui<\/li>\n<li>Heidi Niemala<\/li>\n<li>Tian Lui<\/li>\n<li>Gary Chew.<\/li>\n<\/ul>\n<p>&nbsp;<\/p>\n","protected":false},"excerpt":{"rendered":"<p>Le num\u00e9ro #6 \u00ab JARDIN D&rsquo;\u00c9DEN \u00bb c\u00e9l\u00e8bre une convergence de cr\u00e9ativit\u00e9 \u00e0 travers des canaux de plus en plus diversifi\u00e9s et encourage un dialogue interculturel \u00e9largi. Le Jardin d&rsquo;\u00c9den est notre ode \u00e0 la nature, \u00e0 l&rsquo;environnement, aux fruits d\u00e9fendus, aux jardins secrets et \u00e0 l&rsquo;importance d&rsquo;une mentalit\u00e9 \u00e9cologique. <\/p>\n","protected":false},"featured_media":22353,"template":"","meta":{"_acf_changed":false},"product_brand":[],"product_cat":[364],"product_tag":[],"class_list":{"0":"post-48087","1":"product","2":"type-product","3":"status-publish","4":"has-post-thumbnail","6":"product_cat-revues","8":"first","9":"instock","10":"taxable","11":"shipping-taxable","12":"purchasable","13":"product-type-variable"},"acf":[],"yoast_head":"<!-- This site is optimized with the Yoast SEO Premium plugin v27.3 (Yoast SEO v27.5) - https:\/\/yoast.com\/product\/yoast-seo-premium-wordpress\/ -->\n<title>Jardin d&#039;\u00c9den - IRK Magazine<\/title>\n<meta name=\"description\" content=\"Le Jardin d&#039;\u00c9den est notre ode \u00e0 la nature, \u00e0 l&#039;environnement, aux fruits d\u00e9fendus, aux jardins secrets et \u00e0 l&#039;importance d&#039;une mentalit\u00e9 \u00e9cologique.\" \/>\n<meta name=\"robots\" content=\"index, follow, max-snippet:-1, max-image-preview:large, max-video-preview:-1\" \/>\n<link rel=\"canonical\" href=\"https:\/\/www.irkmagazine.com\/fr\/produit\/jardin-deden\/\" \/>\n<meta property=\"og:locale\" content=\"fr_FR\" \/>\n<meta property=\"og:type\" content=\"article\" \/>\n<meta property=\"og:title\" content=\"Jardin d&#039;\u00c9den\" \/>\n<meta property=\"og:description\" content=\"Le Jardin d&#039;\u00c9den est notre ode \u00e0 la nature, \u00e0 l&#039;environnement, aux fruits d\u00e9fendus, aux jardins secrets et \u00e0 l&#039;importance d&#039;une mentalit\u00e9 \u00e9cologique.\" \/>\n<meta property=\"og:url\" content=\"https:\/\/www.irkmagazine.com\/fr\/produit\/jardin-deden\/\" \/>\n<meta property=\"og:site_name\" content=\"IRK Magazine\" \/>\n<meta property=\"article:publisher\" content=\"https:\/\/facebook.com\/irkmagazine\" \/>\n<meta property=\"og:image\" content=\"https:\/\/www.irkmagazine.com\/wp-content\/uploads\/8fee25_412e6abc26e14f7eb711a256be5b4586mv2_d_1240_1754_s_2.jpg\" \/>\n\t<meta property=\"og:image:width\" content=\"1240\" \/>\n\t<meta property=\"og:image:height\" content=\"1754\" \/>\n\t<meta property=\"og:image:type\" content=\"image\/webp\" \/>\n<meta name=\"twitter:card\" content=\"summary_large_image\" \/>\n<meta name=\"twitter:label1\" content=\"Disponibilit\u00e9\" \/>\n\t<meta name=\"twitter:data1\" content=\"En stock\" \/>\n<script type=\"application\/ld+json\" class=\"yoast-schema-graph\">{\"@context\":\"https:\\\/\\\/schema.org\",\"@graph\":[{\"@type\":[\"WebPage\",\"ItemPage\"],\"@id\":\"https:\\\/\\\/www.irkmagazine.com\\\/fr\\\/produit\\\/jardin-deden\\\/\",\"url\":\"https:\\\/\\\/www.irkmagazine.com\\\/fr\\\/produit\\\/jardin-deden\\\/\",\"name\":\"Jardin d'\u00c9den - IRK Magazine\",\"isPartOf\":{\"@id\":\"https:\\\/\\\/www.irkmagazine.com\\\/fr\\\/#website\"},\"primaryImageOfPage\":{\"@id\":\"https:\\\/\\\/www.irkmagazine.com\\\/fr\\\/produit\\\/jardin-deden\\\/#primaryimage\"},\"image\":{\"@id\":\"https:\\\/\\\/www.irkmagazine.com\\\/fr\\\/produit\\\/jardin-deden\\\/#primaryimage\"},\"thumbnailUrl\":\"https:\\\/\\\/www.irkmagazine.com\\\/wp-content\\\/uploads\\\/garden-of-eden.jpg\",\"datePublished\":\"2024-08-20T23:24:47+00:00\",\"description\":\"Le Jardin d'\u00c9den est notre ode \u00e0 la nature, \u00e0 l'environnement, aux fruits d\u00e9fendus, aux jardins secrets et \u00e0 l'importance d'une mentalit\u00e9 \u00e9cologique.\",\"breadcrumb\":{\"@id\":\"https:\\\/\\\/www.irkmagazine.com\\\/fr\\\/produit\\\/jardin-deden\\\/#breadcrumb\"},\"inLanguage\":\"fr-FR\",\"potentialAction\":[{\"@type\":\"ReadAction\",\"target\":[\"https:\\\/\\\/www.irkmagazine.com\\\/fr\\\/produit\\\/jardin-deden\\\/\"]}]},{\"@type\":\"ImageObject\",\"inLanguage\":\"fr-FR\",\"@id\":\"https:\\\/\\\/www.irkmagazine.com\\\/fr\\\/produit\\\/jardin-deden\\\/#primaryimage\",\"url\":\"https:\\\/\\\/www.irkmagazine.com\\\/wp-content\\\/uploads\\\/garden-of-eden.jpg\",\"contentUrl\":\"https:\\\/\\\/www.irkmagazine.com\\\/wp-content\\\/uploads\\\/garden-of-eden.jpg\",\"width\":1240,\"height\":1754,\"caption\":\"Couverture du Jardin d'\u00c9den\"},{\"@type\":\"BreadcrumbList\",\"@id\":\"https:\\\/\\\/www.irkmagazine.com\\\/fr\\\/produit\\\/jardin-deden\\\/#breadcrumb\",\"itemListElement\":[{\"@type\":\"ListItem\",\"position\":1,\"name\":\"Home\",\"item\":\"https:\\\/\\\/www.irkmagazine.com\\\/fr\\\/accueil\\\/\"},{\"@type\":\"ListItem\",\"position\":2,\"name\":\"Shop\",\"item\":\"https:\\\/\\\/www.irkmagazine.com\\\/shop\\\/\"},{\"@type\":\"ListItem\",\"position\":3,\"name\":\"Jardin d&#8217;\u00c9den\"}]},{\"@type\":\"WebSite\",\"@id\":\"https:\\\/\\\/www.irkmagazine.com\\\/fr\\\/#website\",\"url\":\"https:\\\/\\\/www.irkmagazine.com\\\/fr\\\/\",\"name\":\"IRK Magazine\",\"description\":\"Art \\\/ Fashion \\\/ Design \\\/ Travel \\\/ France\",\"publisher\":{\"@id\":\"https:\\\/\\\/www.irkmagazine.com\\\/fr\\\/#organization\"},\"alternateName\":\"irk\",\"potentialAction\":[{\"@type\":\"SearchAction\",\"target\":{\"@type\":\"EntryPoint\",\"urlTemplate\":\"https:\\\/\\\/www.irkmagazine.com\\\/fr\\\/?s={search_term_string}\"},\"query-input\":{\"@type\":\"PropertyValueSpecification\",\"valueRequired\":true,\"valueName\":\"search_term_string\"}}],\"inLanguage\":\"fr-FR\"},{\"@type\":\"Organization\",\"@id\":\"https:\\\/\\\/www.irkmagazine.com\\\/fr\\\/#organization\",\"name\":\"IRK Magazine\",\"url\":\"https:\\\/\\\/www.irkmagazine.com\\\/fr\\\/\",\"logo\":{\"@type\":\"ImageObject\",\"inLanguage\":\"fr-FR\",\"@id\":\"https:\\\/\\\/www.irkmagazine.com\\\/fr\\\/#\\\/schema\\\/logo\\\/image\\\/\",\"url\":\"https:\\\/\\\/www.irkmagazine.com\\\/wp-content\\\/uploads\\\/IRKLogoblack-1.png\",\"contentUrl\":\"https:\\\/\\\/www.irkmagazine.com\\\/wp-content\\\/uploads\\\/IRKLogoblack-1.png\",\"width\":168,\"height\":84,\"caption\":\"IRK Magazine\"},\"image\":{\"@id\":\"https:\\\/\\\/www.irkmagazine.com\\\/fr\\\/#\\\/schema\\\/logo\\\/image\\\/\"},\"sameAs\":[\"https:\\\/\\\/facebook.com\\\/irkmagazine\",\"https:\\\/\\\/instagram.com\\\/irkmagazine\",\"https:\\\/\\\/www.linkedin.com\\\/company\\\/irkmagazine\",\"https:\\\/\\\/www.pinterest.com\\\/irkmagazine\"],\"description\":\"iRK Magazine is a fashion and culture magazine based in Paris, France. Topics cover Art, Photography, Fashion, Design, Travel and Culture.\",\"email\":\"info@irkmagazine.com\",\"publishingPrinciples\":\"https:\\\/\\\/www.irkmagazine.com\\\/submissions\\\/\"}]}<\/script>\n<meta property=\"og:availability\" content=\"instock\" \/>\n<meta property=\"product:availability\" content=\"instock\" \/>\n<meta property=\"product:condition\" content=\"new\" \/>\n<!-- \/ Yoast SEO Premium plugin. -->","yoast_head_json":{"title":"Jardin d'\u00c9den - IRK Magazine","description":"Le Jardin d'\u00c9den est notre ode \u00e0 la nature, \u00e0 l'environnement, aux fruits d\u00e9fendus, aux jardins secrets et \u00e0 l'importance d'une mentalit\u00e9 \u00e9cologique.","robots":{"index":"index","follow":"follow","max-snippet":"max-snippet:-1","max-image-preview":"max-image-preview:large","max-video-preview":"max-video-preview:-1"},"canonical":"https:\/\/www.irkmagazine.com\/fr\/produit\/jardin-deden\/","og_locale":"fr_FR","og_type":"article","og_title":"Jardin d'\u00c9den","og_description":"Le Jardin d'\u00c9den est notre ode \u00e0 la nature, \u00e0 l'environnement, aux fruits d\u00e9fendus, aux jardins secrets et \u00e0 l'importance d'une mentalit\u00e9 \u00e9cologique.","og_url":"https:\/\/www.irkmagazine.com\/fr\/produit\/jardin-deden\/","og_site_name":"IRK Magazine","article_publisher":"https:\/\/facebook.com\/irkmagazine","og_image":[{"width":1240,"height":1754,"url":"https:\/\/www.irkmagazine.com\/wp-content\/uploads\/8fee25_412e6abc26e14f7eb711a256be5b4586mv2_d_1240_1754_s_2.jpg","type":"image\/webp"}],"twitter_card":"summary_large_image","twitter_misc":{"Disponibilit\u00e9":"En stock"},"schema":{"@context":"https:\/\/schema.org","@graph":[{"@type":["WebPage","ItemPage"],"@id":"https:\/\/www.irkmagazine.com\/fr\/produit\/jardin-deden\/","url":"https:\/\/www.irkmagazine.com\/fr\/produit\/jardin-deden\/","name":"Jardin d'\u00c9den - IRK Magazine","isPartOf":{"@id":"https:\/\/www.irkmagazine.com\/fr\/#website"},"primaryImageOfPage":{"@id":"https:\/\/www.irkmagazine.com\/fr\/produit\/jardin-deden\/#primaryimage"},"image":{"@id":"https:\/\/www.irkmagazine.com\/fr\/produit\/jardin-deden\/#primaryimage"},"thumbnailUrl":"https:\/\/www.irkmagazine.com\/wp-content\/uploads\/garden-of-eden.jpg","datePublished":"2024-08-20T23:24:47+00:00","description":"Le Jardin d'\u00c9den est notre ode \u00e0 la nature, \u00e0 l'environnement, aux fruits d\u00e9fendus, aux jardins secrets et \u00e0 l'importance d'une mentalit\u00e9 \u00e9cologique.","breadcrumb":{"@id":"https:\/\/www.irkmagazine.com\/fr\/produit\/jardin-deden\/#breadcrumb"},"inLanguage":"fr-FR","potentialAction":[{"@type":"ReadAction","target":["https:\/\/www.irkmagazine.com\/fr\/produit\/jardin-deden\/"]}]},{"@type":"ImageObject","inLanguage":"fr-FR","@id":"https:\/\/www.irkmagazine.com\/fr\/produit\/jardin-deden\/#primaryimage","url":"https:\/\/www.irkmagazine.com\/wp-content\/uploads\/garden-of-eden.jpg","contentUrl":"https:\/\/www.irkmagazine.com\/wp-content\/uploads\/garden-of-eden.jpg","width":1240,"height":1754,"caption":"Couverture du Jardin d'\u00c9den"},{"@type":"BreadcrumbList","@id":"https:\/\/www.irkmagazine.com\/fr\/produit\/jardin-deden\/#breadcrumb","itemListElement":[{"@type":"ListItem","position":1,"name":"Home","item":"https:\/\/www.irkmagazine.com\/fr\/accueil\/"},{"@type":"ListItem","position":2,"name":"Shop","item":"https:\/\/www.irkmagazine.com\/shop\/"},{"@type":"ListItem","position":3,"name":"Jardin d&#8217;\u00c9den"}]},{"@type":"WebSite","@id":"https:\/\/www.irkmagazine.com\/fr\/#website","url":"https:\/\/www.irkmagazine.com\/fr\/","name":"IRK Magazine","description":"Art \/ Fashion \/ Design \/ Travel \/ France","publisher":{"@id":"https:\/\/www.irkmagazine.com\/fr\/#organization"},"alternateName":"irk","potentialAction":[{"@type":"SearchAction","target":{"@type":"EntryPoint","urlTemplate":"https:\/\/www.irkmagazine.com\/fr\/?s={search_term_string}"},"query-input":{"@type":"PropertyValueSpecification","valueRequired":true,"valueName":"search_term_string"}}],"inLanguage":"fr-FR"},{"@type":"Organization","@id":"https:\/\/www.irkmagazine.com\/fr\/#organization","name":"IRK Magazine","url":"https:\/\/www.irkmagazine.com\/fr\/","logo":{"@type":"ImageObject","inLanguage":"fr-FR","@id":"https:\/\/www.irkmagazine.com\/fr\/#\/schema\/logo\/image\/","url":"https:\/\/www.irkmagazine.com\/wp-content\/uploads\/IRKLogoblack-1.png","contentUrl":"https:\/\/www.irkmagazine.com\/wp-content\/uploads\/IRKLogoblack-1.png","width":168,"height":84,"caption":"IRK Magazine"},"image":{"@id":"https:\/\/www.irkmagazine.com\/fr\/#\/schema\/logo\/image\/"},"sameAs":["https:\/\/facebook.com\/irkmagazine","https:\/\/instagram.com\/irkmagazine","https:\/\/www.linkedin.com\/company\/irkmagazine","https:\/\/www.pinterest.com\/irkmagazine"],"description":"iRK Magazine is a fashion and culture magazine based in Paris, France. Topics cover Art, Photography, Fashion, Design, Travel and Culture.","email":"info@irkmagazine.com","publishingPrinciples":"https:\/\/www.irkmagazine.com\/submissions\/"}]},"og_availability":"instock","product_availability":"instock","product_condition":"new"},"_links":{"self":[{"href":"https:\/\/www.irkmagazine.com\/fr\/wp-json\/wp\/v2\/product\/48087","targetHints":{"allow":["GET"]}}],"collection":[{"href":"https:\/\/www.irkmagazine.com\/fr\/wp-json\/wp\/v2\/product"}],"about":[{"href":"https:\/\/www.irkmagazine.com\/fr\/wp-json\/wp\/v2\/types\/product"}],"wp:featuredmedia":[{"embeddable":true,"href":"https:\/\/www.irkmagazine.com\/fr\/wp-json\/wp\/v2\/media\/22353"}],"wp:attachment":[{"href":"https:\/\/www.irkmagazine.com\/fr\/wp-json\/wp\/v2\/media?parent=48087"}],"wp:term":[{"taxonomy":"product_brand","embeddable":true,"href":"https:\/\/www.irkmagazine.com\/fr\/wp-json\/wp\/v2\/product_brand?post=48087"},{"taxonomy":"product_cat","embeddable":true,"href":"https:\/\/www.irkmagazine.com\/fr\/wp-json\/wp\/v2\/product_cat?post=48087"},{"taxonomy":"product_tag","embeddable":true,"href":"https:\/\/www.irkmagazine.com\/fr\/wp-json\/wp\/v2\/product_tag?post=48087"}],"curies":[{"name":"wp","href":"https:\/\/api.w.org\/{rel}","templated":true}]}}