{"id":48129,"date":"2024-08-21T00:21:58","date_gmt":"2024-08-20T23:21:58","guid":{"rendered":"https:\/\/www.irkmagazine.com\/product\/collection-des-maitres\/"},"modified":"2024-08-21T00:21:58","modified_gmt":"2024-08-20T23:21:58","slug":"collection-des-maitres","status":"publish","type":"product","link":"https:\/\/www.irkmagazine.com\/fr\/produit\/collection-des-maitres\/","title":{"rendered":"Collection des Ma\u00eetres"},"content":{"rendered":"<p data-start=\"99\" data-end=\"442\">Pr\u00e9sentation du num\u00e9ro 7 de la \u00ab COLLECTION DES MA\u00ceTRES \u00bb d&rsquo;IRK Magazine. Un hommage aux visionnaires qui ont fa\u00e7onn\u00e9 et continuent d&rsquo;influencer notre monde \u00e0 travers l&rsquo;art, la mode et la culture. Cette \u00e9dition m\u00e9ticuleusement \u00e9labor\u00e9e explore l&rsquo;h\u00e9ritage cr\u00e9atif des ma\u00eetres embl\u00e9matiques, tout en mettant en lumi\u00e8re les talents contemporains qui repoussent les limites de leur art.   <\/p>\n<h4 data-start=\"444\" data-end=\"489\">\u00c0 l&rsquo;int\u00e9rieur du num\u00e9ro 7 de la \u00ab COLLECTION DES MA\u00ceTRES \u00bb :<\/h4>\n<ul data-start=\"491\" data-end=\"2173\">\n<li data-start=\"491\" data-end=\"662\">\n<p data-start=\"493\" data-end=\"662\">L&rsquo;h\u00e9ritage cr\u00e9atif de David Bowie. Une interview approfondie avec Keanan Duffty, explorant l&rsquo;influence durable de Bowie sur l&rsquo;identit\u00e9 vestimentaire et l&rsquo;innovation culturelle. <\/p>\n<\/li>\n<li data-start=\"664\" data-end=\"800\">\n<p data-start=\"666\" data-end=\"800\">Hommage \u00e0 Barkley L. Hendricks : Une c\u00e9l\u00e9bration de l&rsquo;impact profond de l&rsquo;artiste d\u00e9funt sur le portrait contemporain et la repr\u00e9sentation.<\/p>\n<\/li>\n<li data-start=\"802\" data-end=\"997\">\n<p data-start=\"804\" data-end=\"997\">Moments de seuil avec Joan Mir\u00f3. D\u00e9couvrez le processus cr\u00e9atif de l&rsquo;artiste l\u00e9gendaire \u00e0 travers une interview exclusive avec Francisco Copado, Directeur de la Fundaci\u00f3 Mir\u00f3 Mallorca.  <\/p>\n<\/li>\n<li data-start=\"999\" data-end=\"1151\">\n<p data-start=\"1001\" data-end=\"1151\">Illustrations illustres : Une conversation \u00e9clairante avec l&rsquo;illustratrice renomm\u00e9e Sofia Bonati, r\u00e9v\u00e9lant ses inspirations et son parcours artistique.<\/p>\n<\/li>\n<li data-start=\"1153\" data-end=\"1368\">\n<p data-start=\"1155\" data-end=\"1368\">Initi\u00e9s de l&rsquo;art : D\u00e9voilez le monde de la photographie d&rsquo;art avec des interviews exclusives des directeurs du Jeu de Paume, de la Galerie Particuli\u00e8re, de la Galerie In Camera et de la Fondation Henri Cartier-Bresson. <\/p>\n<\/li>\n<li data-start=\"1370\" data-end=\"1515\">\n<p data-start=\"1372\" data-end=\"1515\">100 ans d&rsquo;Egon Schiele. Vivez un hommage photographique d&rsquo;Iris Brosch, c\u00e9l\u00e9brant un si\u00e8cle d&rsquo;influence de Schiele sur l&rsquo;art moderne. <\/p>\n<\/li>\n<li data-start=\"1517\" data-end=\"1680\">\n<p data-start=\"1519\" data-end=\"1680\">Faire la diff\u00e9rence. Une exploration r\u00e9fl\u00e9chie de la mani\u00e8re dont les fondations caritatives nourrissent les arts, autonomisent les jeunes artistes et promeuvent l&rsquo;art dans l&rsquo;\u00e9ducation. <\/p>\n<\/li>\n<li data-start=\"1682\" data-end=\"1842\">\n<p data-start=\"1684\" data-end=\"1842\">Interview exclusive avec l&rsquo;actrice Melissa George. Une conversation sinc\u00e8re avec la talentueuse actrice, offrant des aper\u00e7us de sa carri\u00e8re et de ses passions artistiques. <\/p>\n<\/li>\n<li data-start=\"1844\" data-end=\"2012\">\n<p data-start=\"1846\" data-end=\"2012\">Le premier mouvement avec Irwin Olaf. Une plong\u00e9e profonde dans l&rsquo;h\u00e9ritage d&rsquo;Irwin Olaf, mettant en \u00e9vidence son statut de l&rsquo;un des plus grands photographes du XXe si\u00e8cle. <\/p>\n<\/li>\n<li data-start=\"2014\" data-end=\"2173\">\n<p data-start=\"2016\" data-end=\"2173\">10 \u00e9ditoriaux photographiques exclusifs. Inspir\u00e9s par les Grands Ma\u00eetres, ces r\u00e9cits visuels apportent des perspectives fra\u00eeches et audacieuses aux expressions artistiques intemporelles. <\/p>\n<\/li>\n<\/ul>\n<p data-start=\"3224\" data-end=\"3371\" data-is-last-node=\"\" data-is-only-node=\"\">Plongez dans le num\u00e9ro 7 de la \u00ab COLLECTION DES MA\u00ceTRES \u00bb d&rsquo;IRK Magazine. Laissez-vous inspirer par les h\u00e9ritages intemporels et les voix nouvelles qui red\u00e9finissent notre monde cr\u00e9atif. <\/p>\n","protected":false},"excerpt":{"rendered":"<p>Pr\u00e9sentation du num\u00e9ro 7 de la \u00ab COLLECTION DES MA\u00ceTRES \u00bb d&rsquo;IRK Magazine. Un hommage aux visionnaires qui ont fa\u00e7onn\u00e9 et continuent d&rsquo;influencer notre monde \u00e0 travers l&rsquo;art, la mode et la culture. Cette \u00e9dition m\u00e9ticuleusement \u00e9labor\u00e9e explore l&rsquo;h\u00e9ritage cr\u00e9atif des ma\u00eetres embl\u00e9matiques, tout en mettant en lumi\u00e8re les talents contemporains qui repoussent les limites de leur art.   <\/p>\n","protected":false},"featured_media":46161,"template":"","meta":{"_acf_changed":false},"product_brand":[],"product_cat":[364],"product_tag":[],"class_list":{"0":"post-48129","1":"product","2":"type-product","3":"status-publish","4":"has-post-thumbnail","6":"product_cat-revues","8":"first","9":"instock","10":"taxable","11":"shipping-taxable","12":"purchasable","13":"product-type-variable"},"acf":[],"yoast_head":"<!-- This site is optimized with the Yoast SEO Premium plugin v27.3 (Yoast SEO v27.4) - https:\/\/yoast.com\/product\/yoast-seo-premium-wordpress\/ -->\n<title>Collection des Ma\u00eetres - IRK Magazine<\/title>\n<meta name=\"description\" content=\"La \u00ab COLLECTION DES MA\u00ceTRES \u00bb s&#039;inspire des grands artistes qui continuent de d\u00e9finir notre monde ! Ce num\u00e9ro inclut David Bowie avec une interview de Keanan Duffty.\" \/>\n<meta name=\"robots\" content=\"index, follow, max-snippet:-1, max-image-preview:large, max-video-preview:-1\" \/>\n<link rel=\"canonical\" href=\"https:\/\/www.irkmagazine.com\/fr\/produit\/collection-des-maitres\/\" \/>\n<meta property=\"og:locale\" content=\"fr_FR\" \/>\n<meta property=\"og:type\" content=\"article\" \/>\n<meta property=\"og:title\" content=\"Collection des Ma\u00eetres\" \/>\n<meta property=\"og:description\" content=\"La \u00ab COLLECTION DES MA\u00ceTRES \u00bb s&#039;inspire des grands artistes qui continuent de d\u00e9finir notre monde ! Ce num\u00e9ro inclut David Bowie avec une interview de Keanan Duffty.\" \/>\n<meta property=\"og:url\" content=\"https:\/\/www.irkmagazine.com\/fr\/produit\/collection-des-maitres\/\" \/>\n<meta property=\"og:site_name\" content=\"IRK Magazine\" \/>\n<meta property=\"article:publisher\" content=\"https:\/\/facebook.com\/irkmagazine\" \/>\n<meta property=\"og:image\" content=\"https:\/\/www.irkmagazine.com\/wp-content\/uploads\/irk-magazine-issue7-masters-cover.jpg\" \/>\n\t<meta property=\"og:image:width\" content=\"1240\" \/>\n\t<meta property=\"og:image:height\" content=\"1754\" \/>\n\t<meta property=\"og:image:type\" content=\"image\/jpeg\" \/>\n<meta name=\"twitter:card\" content=\"summary_large_image\" \/>\n<meta name=\"twitter:label1\" content=\"Disponibilit\u00e9\" \/>\n\t<meta name=\"twitter:data1\" content=\"En stock\" \/>\n<script type=\"application\/ld+json\" class=\"yoast-schema-graph\">{\"@context\":\"https:\\\/\\\/schema.org\",\"@graph\":[{\"@type\":[\"WebPage\",\"ItemPage\"],\"@id\":\"https:\\\/\\\/www.irkmagazine.com\\\/fr\\\/produit\\\/collection-des-maitres\\\/\",\"url\":\"https:\\\/\\\/www.irkmagazine.com\\\/fr\\\/produit\\\/collection-des-maitres\\\/\",\"name\":\"Collection des Ma\u00eetres - IRK Magazine\",\"isPartOf\":{\"@id\":\"https:\\\/\\\/www.irkmagazine.com\\\/fr\\\/#website\"},\"primaryImageOfPage\":{\"@id\":\"https:\\\/\\\/www.irkmagazine.com\\\/fr\\\/produit\\\/collection-des-maitres\\\/#primaryimage\"},\"image\":{\"@id\":\"https:\\\/\\\/www.irkmagazine.com\\\/fr\\\/produit\\\/collection-des-maitres\\\/#primaryimage\"},\"thumbnailUrl\":\"https:\\\/\\\/www.irkmagazine.com\\\/wp-content\\\/uploads\\\/irk-magazine-issue7-masters-cover.jpg\",\"datePublished\":\"2024-08-20T23:21:58+00:00\",\"description\":\"La \u00ab COLLECTION DES MA\u00ceTRES \u00bb s'inspire des grands artistes qui continuent de d\u00e9finir notre monde ! Ce num\u00e9ro inclut David Bowie avec une interview de Keanan Duffty.\",\"breadcrumb\":{\"@id\":\"https:\\\/\\\/www.irkmagazine.com\\\/fr\\\/produit\\\/collection-des-maitres\\\/#breadcrumb\"},\"inLanguage\":\"fr-FR\",\"potentialAction\":[{\"@type\":\"ReadAction\",\"target\":[\"https:\\\/\\\/www.irkmagazine.com\\\/fr\\\/produit\\\/collection-des-maitres\\\/\"]}]},{\"@type\":\"ImageObject\",\"inLanguage\":\"fr-FR\",\"@id\":\"https:\\\/\\\/www.irkmagazine.com\\\/fr\\\/produit\\\/collection-des-maitres\\\/#primaryimage\",\"url\":\"https:\\\/\\\/www.irkmagazine.com\\\/wp-content\\\/uploads\\\/irk-magazine-issue7-masters-cover.jpg\",\"contentUrl\":\"https:\\\/\\\/www.irkmagazine.com\\\/wp-content\\\/uploads\\\/irk-magazine-issue7-masters-cover.jpg\",\"width\":1240,\"height\":1754,\"caption\":\"La Collection des Ma\u00eetres : La mode inspir\u00e9e par l'art\"},{\"@type\":\"BreadcrumbList\",\"@id\":\"https:\\\/\\\/www.irkmagazine.com\\\/fr\\\/produit\\\/collection-des-maitres\\\/#breadcrumb\",\"itemListElement\":[{\"@type\":\"ListItem\",\"position\":1,\"name\":\"Home\",\"item\":\"https:\\\/\\\/www.irkmagazine.com\\\/fr\\\/accueil\\\/\"},{\"@type\":\"ListItem\",\"position\":2,\"name\":\"Shop\",\"item\":\"https:\\\/\\\/www.irkmagazine.com\\\/shop\\\/\"},{\"@type\":\"ListItem\",\"position\":3,\"name\":\"Collection des Ma\u00eetres\"}]},{\"@type\":\"WebSite\",\"@id\":\"https:\\\/\\\/www.irkmagazine.com\\\/fr\\\/#website\",\"url\":\"https:\\\/\\\/www.irkmagazine.com\\\/fr\\\/\",\"name\":\"IRK Magazine\",\"description\":\"Art \\\/ Fashion \\\/ Design \\\/ Travel \\\/ France\",\"publisher\":{\"@id\":\"https:\\\/\\\/www.irkmagazine.com\\\/fr\\\/#organization\"},\"alternateName\":\"irk\",\"potentialAction\":[{\"@type\":\"SearchAction\",\"target\":{\"@type\":\"EntryPoint\",\"urlTemplate\":\"https:\\\/\\\/www.irkmagazine.com\\\/fr\\\/?s={search_term_string}\"},\"query-input\":{\"@type\":\"PropertyValueSpecification\",\"valueRequired\":true,\"valueName\":\"search_term_string\"}}],\"inLanguage\":\"fr-FR\"},{\"@type\":\"Organization\",\"@id\":\"https:\\\/\\\/www.irkmagazine.com\\\/fr\\\/#organization\",\"name\":\"IRK Magazine\",\"url\":\"https:\\\/\\\/www.irkmagazine.com\\\/fr\\\/\",\"logo\":{\"@type\":\"ImageObject\",\"inLanguage\":\"fr-FR\",\"@id\":\"https:\\\/\\\/www.irkmagazine.com\\\/fr\\\/#\\\/schema\\\/logo\\\/image\\\/\",\"url\":\"https:\\\/\\\/www.irkmagazine.com\\\/wp-content\\\/uploads\\\/IRKLogoblack-1.png\",\"contentUrl\":\"https:\\\/\\\/www.irkmagazine.com\\\/wp-content\\\/uploads\\\/IRKLogoblack-1.png\",\"width\":168,\"height\":84,\"caption\":\"IRK Magazine\"},\"image\":{\"@id\":\"https:\\\/\\\/www.irkmagazine.com\\\/fr\\\/#\\\/schema\\\/logo\\\/image\\\/\"},\"sameAs\":[\"https:\\\/\\\/facebook.com\\\/irkmagazine\",\"https:\\\/\\\/instagram.com\\\/irkmagazine\",\"https:\\\/\\\/www.linkedin.com\\\/company\\\/irkmagazine\",\"https:\\\/\\\/www.pinterest.com\\\/irkmagazine\"],\"description\":\"iRK Magazine is a fashion and culture magazine based in Paris, France. Topics cover Art, Photography, Fashion, Design, Travel and Culture.\",\"email\":\"info@irkmagazine.com\",\"publishingPrinciples\":\"https:\\\/\\\/www.irkmagazine.com\\\/submissions\\\/\"}]}<\/script>\n<meta property=\"og:availability\" content=\"instock\" \/>\n<meta property=\"product:availability\" content=\"instock\" \/>\n<meta property=\"product:condition\" content=\"new\" \/>\n<!-- \/ Yoast SEO Premium plugin. -->","yoast_head_json":{"title":"Collection des Ma\u00eetres - IRK Magazine","description":"La \u00ab COLLECTION DES MA\u00ceTRES \u00bb s'inspire des grands artistes qui continuent de d\u00e9finir notre monde ! Ce num\u00e9ro inclut David Bowie avec une interview de Keanan Duffty.","robots":{"index":"index","follow":"follow","max-snippet":"max-snippet:-1","max-image-preview":"max-image-preview:large","max-video-preview":"max-video-preview:-1"},"canonical":"https:\/\/www.irkmagazine.com\/fr\/produit\/collection-des-maitres\/","og_locale":"fr_FR","og_type":"article","og_title":"Collection des Ma\u00eetres","og_description":"La \u00ab COLLECTION DES MA\u00ceTRES \u00bb s'inspire des grands artistes qui continuent de d\u00e9finir notre monde ! Ce num\u00e9ro inclut David Bowie avec une interview de Keanan Duffty.","og_url":"https:\/\/www.irkmagazine.com\/fr\/produit\/collection-des-maitres\/","og_site_name":"IRK Magazine","article_publisher":"https:\/\/facebook.com\/irkmagazine","og_image":[{"width":1240,"height":1754,"url":"https:\/\/www.irkmagazine.com\/wp-content\/uploads\/irk-magazine-issue7-masters-cover.jpg","type":"image\/jpeg"}],"twitter_card":"summary_large_image","twitter_misc":{"Disponibilit\u00e9":"En stock"},"schema":{"@context":"https:\/\/schema.org","@graph":[{"@type":["WebPage","ItemPage"],"@id":"https:\/\/www.irkmagazine.com\/fr\/produit\/collection-des-maitres\/","url":"https:\/\/www.irkmagazine.com\/fr\/produit\/collection-des-maitres\/","name":"Collection des Ma\u00eetres - IRK Magazine","isPartOf":{"@id":"https:\/\/www.irkmagazine.com\/fr\/#website"},"primaryImageOfPage":{"@id":"https:\/\/www.irkmagazine.com\/fr\/produit\/collection-des-maitres\/#primaryimage"},"image":{"@id":"https:\/\/www.irkmagazine.com\/fr\/produit\/collection-des-maitres\/#primaryimage"},"thumbnailUrl":"https:\/\/www.irkmagazine.com\/wp-content\/uploads\/irk-magazine-issue7-masters-cover.jpg","datePublished":"2024-08-20T23:21:58+00:00","description":"La \u00ab COLLECTION DES MA\u00ceTRES \u00bb s'inspire des grands artistes qui continuent de d\u00e9finir notre monde ! Ce num\u00e9ro inclut David Bowie avec une interview de Keanan Duffty.","breadcrumb":{"@id":"https:\/\/www.irkmagazine.com\/fr\/produit\/collection-des-maitres\/#breadcrumb"},"inLanguage":"fr-FR","potentialAction":[{"@type":"ReadAction","target":["https:\/\/www.irkmagazine.com\/fr\/produit\/collection-des-maitres\/"]}]},{"@type":"ImageObject","inLanguage":"fr-FR","@id":"https:\/\/www.irkmagazine.com\/fr\/produit\/collection-des-maitres\/#primaryimage","url":"https:\/\/www.irkmagazine.com\/wp-content\/uploads\/irk-magazine-issue7-masters-cover.jpg","contentUrl":"https:\/\/www.irkmagazine.com\/wp-content\/uploads\/irk-magazine-issue7-masters-cover.jpg","width":1240,"height":1754,"caption":"La Collection des Ma\u00eetres : La mode inspir\u00e9e par l'art"},{"@type":"BreadcrumbList","@id":"https:\/\/www.irkmagazine.com\/fr\/produit\/collection-des-maitres\/#breadcrumb","itemListElement":[{"@type":"ListItem","position":1,"name":"Home","item":"https:\/\/www.irkmagazine.com\/fr\/accueil\/"},{"@type":"ListItem","position":2,"name":"Shop","item":"https:\/\/www.irkmagazine.com\/shop\/"},{"@type":"ListItem","position":3,"name":"Collection des Ma\u00eetres"}]},{"@type":"WebSite","@id":"https:\/\/www.irkmagazine.com\/fr\/#website","url":"https:\/\/www.irkmagazine.com\/fr\/","name":"IRK Magazine","description":"Art \/ Fashion \/ Design \/ Travel \/ France","publisher":{"@id":"https:\/\/www.irkmagazine.com\/fr\/#organization"},"alternateName":"irk","potentialAction":[{"@type":"SearchAction","target":{"@type":"EntryPoint","urlTemplate":"https:\/\/www.irkmagazine.com\/fr\/?s={search_term_string}"},"query-input":{"@type":"PropertyValueSpecification","valueRequired":true,"valueName":"search_term_string"}}],"inLanguage":"fr-FR"},{"@type":"Organization","@id":"https:\/\/www.irkmagazine.com\/fr\/#organization","name":"IRK Magazine","url":"https:\/\/www.irkmagazine.com\/fr\/","logo":{"@type":"ImageObject","inLanguage":"fr-FR","@id":"https:\/\/www.irkmagazine.com\/fr\/#\/schema\/logo\/image\/","url":"https:\/\/www.irkmagazine.com\/wp-content\/uploads\/IRKLogoblack-1.png","contentUrl":"https:\/\/www.irkmagazine.com\/wp-content\/uploads\/IRKLogoblack-1.png","width":168,"height":84,"caption":"IRK Magazine"},"image":{"@id":"https:\/\/www.irkmagazine.com\/fr\/#\/schema\/logo\/image\/"},"sameAs":["https:\/\/facebook.com\/irkmagazine","https:\/\/instagram.com\/irkmagazine","https:\/\/www.linkedin.com\/company\/irkmagazine","https:\/\/www.pinterest.com\/irkmagazine"],"description":"iRK Magazine is a fashion and culture magazine based in Paris, France. Topics cover Art, Photography, Fashion, Design, Travel and Culture.","email":"info@irkmagazine.com","publishingPrinciples":"https:\/\/www.irkmagazine.com\/submissions\/"}]},"og_availability":"instock","product_availability":"instock","product_condition":"new"},"_links":{"self":[{"href":"https:\/\/www.irkmagazine.com\/fr\/wp-json\/wp\/v2\/product\/48129","targetHints":{"allow":["GET"]}}],"collection":[{"href":"https:\/\/www.irkmagazine.com\/fr\/wp-json\/wp\/v2\/product"}],"about":[{"href":"https:\/\/www.irkmagazine.com\/fr\/wp-json\/wp\/v2\/types\/product"}],"wp:featuredmedia":[{"embeddable":true,"href":"https:\/\/www.irkmagazine.com\/fr\/wp-json\/wp\/v2\/media\/46161"}],"wp:attachment":[{"href":"https:\/\/www.irkmagazine.com\/fr\/wp-json\/wp\/v2\/media?parent=48129"}],"wp:term":[{"taxonomy":"product_brand","embeddable":true,"href":"https:\/\/www.irkmagazine.com\/fr\/wp-json\/wp\/v2\/product_brand?post=48129"},{"taxonomy":"product_cat","embeddable":true,"href":"https:\/\/www.irkmagazine.com\/fr\/wp-json\/wp\/v2\/product_cat?post=48129"},{"taxonomy":"product_tag","embeddable":true,"href":"https:\/\/www.irkmagazine.com\/fr\/wp-json\/wp\/v2\/product_tag?post=48129"}],"curies":[{"name":"wp","href":"https:\/\/api.w.org\/{rel}","templated":true}]}}