{"id":48151,"date":"2024-08-20T13:36:28","date_gmt":"2024-08-20T12:36:28","guid":{"rendered":"https:\/\/www.irkmagazine.com\/product\/a-fleur-de-peau\/"},"modified":"2024-08-20T13:36:28","modified_gmt":"2024-08-20T12:36:28","slug":"a-fleur-de-peau","status":"publish","type":"product","link":"https:\/\/www.irkmagazine.com\/fr\/produit\/a-fleur-de-peau\/","title":{"rendered":"\u00c0 FLEUR DE PEAU"},"content":{"rendered":"<p>Le num\u00e9ro Automne\/Hiver 2019\/20 du magazine IRK intitul\u00e9 \u00ab \u00c0 FLEUR DE PEAU \u00bb aborde la beaut\u00e9 de la diversit\u00e9, la question raciale dans la mode, laissant la peau naturelle et non retouch\u00e9e, montrant comment une couche superficielle peut dissimuler ou r\u00e9v\u00e9ler la v\u00e9rit\u00e9, et bien entendu les traitements de luxe pour la peau.<\/p>\n<p>Cette th\u00e9matique riche est illustr\u00e9e par des entretiens exclusifs avec<\/p>\n<ul>\n<li>Le plus grand cr\u00e9ateur fran\u00e7ais vivant, JEAN PAUL GAULTIER, et son d\u00e9vouement envers tous les \u00ab Marginaux \u00bb que nous sommes<\/li>\n<li>ANGELA SARAFYN de WEST WORLD sur son exp\u00e9rience d&rsquo;Arm\u00e9nienne-Am\u00e9ricaine<\/li>\n<li>TK ET CIPRIANA TWINS sur la race et l&rsquo;amour<\/li>\n<li>Le directeur artistique de Nova et l&rsquo;un des photographes les plus influents du Royaume-Uni en mati\u00e8re de diversit\u00e9, HARRY PECCINOTTI, qui s&rsquo;exprime en profondeur sur son combat pour repr\u00e9senter les femmes de couleur dans les magazines de mode, sa volont\u00e9 audacieuse de laisser ses photos non retouch\u00e9es, et ses nus bruts, naturels et sensuels.<\/li>\n<\/ul>\n<p>Nous explorons \u00e9galement en profondeur l&rsquo;histoire de la diversit\u00e9 et nous pr\u00e9sentons des entretiens avec plusieurs autres cr\u00e9ateurs de mode et experts de l&rsquo;industrie sur ce combat permanent.<\/p>\n<p>Nous mettons en avant des marques de soins de la peau de luxe, notamment YSL, DIOR et GUERLAIN cosm\u00e9tiques. De plus, nous pr\u00e9sentons des photographies exclusives de mode, de beaut\u00e9 et de nus artistiques inspir\u00e9es par le th\u00e8me, r\u00e9v\u00e9lant la beaut\u00e9 de la PEAU !!! <\/p>\n","protected":false},"excerpt":{"rendered":"<p>Le num\u00e9ro Automne\/Hiver 2019\/20 du magazine IRK intitul\u00e9 \u00ab \u00c0 FLEUR DE PEAU \u00bb aborde la beaut\u00e9 de la diversit\u00e9, la question raciale dans la mode, laissant la peau naturelle et non retouch\u00e9e, montrant comment une couche superficielle peut dissimuler ou r\u00e9v\u00e9ler la v\u00e9rit\u00e9, et bien entendu les traitements de luxe pour la peau.<\/p>\n","protected":false},"featured_media":22249,"template":"","meta":{"_acf_changed":false},"product_brand":[],"product_cat":[364],"product_tag":[],"class_list":{"0":"post-48151","1":"product","2":"type-product","3":"status-publish","4":"has-post-thumbnail","6":"product_cat-revues","8":"first","9":"instock","10":"taxable","11":"shipping-taxable","12":"purchasable","13":"product-type-variable"},"acf":[],"yoast_head":"<!-- This site is optimized with the Yoast SEO Premium plugin v27.3 (Yoast SEO v27.5) - https:\/\/yoast.com\/product\/yoast-seo-premium-wordpress\/ -->\n<title>\u00c0 FLEUR DE PEAU - IRK Magazine<\/title>\n<meta name=\"description\" content=\"\u00ab \u00c0 FLEUR DE PEAU \u00bb explore diversit\u00e9, race dans la mode, peau naturelle, et apparences trompeuses\" \/>\n<meta name=\"robots\" content=\"index, follow, max-snippet:-1, max-image-preview:large, max-video-preview:-1\" \/>\n<link rel=\"canonical\" href=\"https:\/\/www.irkmagazine.com\/fr\/produit\/a-fleur-de-peau\/\" \/>\n<meta property=\"og:locale\" content=\"fr_FR\" \/>\n<meta property=\"og:type\" content=\"article\" \/>\n<meta property=\"og:title\" content=\"\u00c0 FLEUR DE PEAU\" \/>\n<meta property=\"og:description\" content=\"\u00ab \u00c0 FLEUR DE PEAU \u00bb explore diversit\u00e9, race dans la mode, peau naturelle, et apparences trompeuses\" \/>\n<meta property=\"og:url\" content=\"https:\/\/www.irkmagazine.com\/fr\/produit\/a-fleur-de-peau\/\" \/>\n<meta property=\"og:site_name\" content=\"IRK Magazine\" \/>\n<meta property=\"article:publisher\" content=\"https:\/\/facebook.com\/irkmagazine\" \/>\n<meta property=\"og:image\" content=\"https:\/\/www.irkmagazine.com\/wp-content\/uploads\/8fee25_48a5f567ccc94700a98155cea89298b8mv2_d_2480_3508_s_4_2-scaled.jpg\" \/>\n\t<meta property=\"og:image:width\" content=\"1810\" \/>\n\t<meta property=\"og:image:height\" content=\"2560\" \/>\n\t<meta property=\"og:image:type\" content=\"image\/webp\" \/>\n<meta name=\"twitter:card\" content=\"summary_large_image\" \/>\n<meta name=\"twitter:label1\" content=\"Disponibilit\u00e9\" \/>\n\t<meta name=\"twitter:data1\" content=\"En stock\" \/>\n<script type=\"application\/ld+json\" class=\"yoast-schema-graph\">{\"@context\":\"https:\\\/\\\/schema.org\",\"@graph\":[{\"@type\":[\"WebPage\",\"ItemPage\"],\"@id\":\"https:\\\/\\\/www.irkmagazine.com\\\/fr\\\/produit\\\/a-fleur-de-peau\\\/\",\"url\":\"https:\\\/\\\/www.irkmagazine.com\\\/fr\\\/produit\\\/a-fleur-de-peau\\\/\",\"name\":\"\u00c0 FLEUR DE PEAU - IRK Magazine\",\"isPartOf\":{\"@id\":\"https:\\\/\\\/www.irkmagazine.com\\\/fr\\\/#website\"},\"primaryImageOfPage\":{\"@id\":\"https:\\\/\\\/www.irkmagazine.com\\\/fr\\\/produit\\\/a-fleur-de-peau\\\/#primaryimage\"},\"image\":{\"@id\":\"https:\\\/\\\/www.irkmagazine.com\\\/fr\\\/produit\\\/a-fleur-de-peau\\\/#primaryimage\"},\"thumbnailUrl\":\"https:\\\/\\\/www.irkmagazine.com\\\/wp-content\\\/uploads\\\/skin-deep.jpg\",\"datePublished\":\"2024-08-20T12:36:28+00:00\",\"description\":\"\u00ab \u00c0 FLEUR DE PEAU \u00bb explore diversit\u00e9, race dans la mode, peau naturelle, et apparences trompeuses\",\"breadcrumb\":{\"@id\":\"https:\\\/\\\/www.irkmagazine.com\\\/fr\\\/produit\\\/a-fleur-de-peau\\\/#breadcrumb\"},\"inLanguage\":\"fr-FR\",\"potentialAction\":[{\"@type\":\"ReadAction\",\"target\":[\"https:\\\/\\\/www.irkmagazine.com\\\/fr\\\/produit\\\/a-fleur-de-peau\\\/\"]}]},{\"@type\":\"ImageObject\",\"inLanguage\":\"fr-FR\",\"@id\":\"https:\\\/\\\/www.irkmagazine.com\\\/fr\\\/produit\\\/a-fleur-de-peau\\\/#primaryimage\",\"url\":\"https:\\\/\\\/www.irkmagazine.com\\\/wp-content\\\/uploads\\\/skin-deep.jpg\",\"contentUrl\":\"https:\\\/\\\/www.irkmagazine.com\\\/wp-content\\\/uploads\\\/skin-deep.jpg\",\"width\":1810,\"height\":2560},{\"@type\":\"BreadcrumbList\",\"@id\":\"https:\\\/\\\/www.irkmagazine.com\\\/fr\\\/produit\\\/a-fleur-de-peau\\\/#breadcrumb\",\"itemListElement\":[{\"@type\":\"ListItem\",\"position\":1,\"name\":\"Home\",\"item\":\"https:\\\/\\\/www.irkmagazine.com\\\/fr\\\/accueil\\\/\"},{\"@type\":\"ListItem\",\"position\":2,\"name\":\"Shop\",\"item\":\"https:\\\/\\\/www.irkmagazine.com\\\/shop\\\/\"},{\"@type\":\"ListItem\",\"position\":3,\"name\":\"\u00c0 FLEUR DE PEAU\"}]},{\"@type\":\"WebSite\",\"@id\":\"https:\\\/\\\/www.irkmagazine.com\\\/fr\\\/#website\",\"url\":\"https:\\\/\\\/www.irkmagazine.com\\\/fr\\\/\",\"name\":\"IRK Magazine\",\"description\":\"Art \\\/ Fashion \\\/ Design \\\/ Travel \\\/ France\",\"publisher\":{\"@id\":\"https:\\\/\\\/www.irkmagazine.com\\\/fr\\\/#organization\"},\"alternateName\":\"irk\",\"potentialAction\":[{\"@type\":\"SearchAction\",\"target\":{\"@type\":\"EntryPoint\",\"urlTemplate\":\"https:\\\/\\\/www.irkmagazine.com\\\/fr\\\/?s={search_term_string}\"},\"query-input\":{\"@type\":\"PropertyValueSpecification\",\"valueRequired\":true,\"valueName\":\"search_term_string\"}}],\"inLanguage\":\"fr-FR\"},{\"@type\":\"Organization\",\"@id\":\"https:\\\/\\\/www.irkmagazine.com\\\/fr\\\/#organization\",\"name\":\"IRK Magazine\",\"url\":\"https:\\\/\\\/www.irkmagazine.com\\\/fr\\\/\",\"logo\":{\"@type\":\"ImageObject\",\"inLanguage\":\"fr-FR\",\"@id\":\"https:\\\/\\\/www.irkmagazine.com\\\/fr\\\/#\\\/schema\\\/logo\\\/image\\\/\",\"url\":\"https:\\\/\\\/www.irkmagazine.com\\\/wp-content\\\/uploads\\\/IRKLogoblack-1.png\",\"contentUrl\":\"https:\\\/\\\/www.irkmagazine.com\\\/wp-content\\\/uploads\\\/IRKLogoblack-1.png\",\"width\":168,\"height\":84,\"caption\":\"IRK Magazine\"},\"image\":{\"@id\":\"https:\\\/\\\/www.irkmagazine.com\\\/fr\\\/#\\\/schema\\\/logo\\\/image\\\/\"},\"sameAs\":[\"https:\\\/\\\/facebook.com\\\/irkmagazine\",\"https:\\\/\\\/instagram.com\\\/irkmagazine\",\"https:\\\/\\\/www.linkedin.com\\\/company\\\/irkmagazine\",\"https:\\\/\\\/www.pinterest.com\\\/irkmagazine\"],\"description\":\"iRK Magazine is a fashion and culture magazine based in Paris, France. Topics cover Art, Photography, Fashion, Design, Travel and Culture.\",\"email\":\"info@irkmagazine.com\",\"publishingPrinciples\":\"https:\\\/\\\/www.irkmagazine.com\\\/submissions\\\/\"}]}<\/script>\n<meta property=\"og:availability\" content=\"instock\" \/>\n<meta property=\"product:availability\" content=\"instock\" \/>\n<meta property=\"product:condition\" content=\"new\" \/>\n<!-- \/ Yoast SEO Premium plugin. -->","yoast_head_json":{"title":"\u00c0 FLEUR DE PEAU - IRK Magazine","description":"\u00ab \u00c0 FLEUR DE PEAU \u00bb explore diversit\u00e9, race dans la mode, peau naturelle, et apparences trompeuses","robots":{"index":"index","follow":"follow","max-snippet":"max-snippet:-1","max-image-preview":"max-image-preview:large","max-video-preview":"max-video-preview:-1"},"canonical":"https:\/\/www.irkmagazine.com\/fr\/produit\/a-fleur-de-peau\/","og_locale":"fr_FR","og_type":"article","og_title":"\u00c0 FLEUR DE PEAU","og_description":"\u00ab \u00c0 FLEUR DE PEAU \u00bb explore diversit\u00e9, race dans la mode, peau naturelle, et apparences trompeuses","og_url":"https:\/\/www.irkmagazine.com\/fr\/produit\/a-fleur-de-peau\/","og_site_name":"IRK Magazine","article_publisher":"https:\/\/facebook.com\/irkmagazine","og_image":[{"width":1810,"height":2560,"url":"https:\/\/www.irkmagazine.com\/wp-content\/uploads\/8fee25_48a5f567ccc94700a98155cea89298b8mv2_d_2480_3508_s_4_2-scaled.jpg","type":"image\/webp"}],"twitter_card":"summary_large_image","twitter_misc":{"Disponibilit\u00e9":"En stock"},"schema":{"@context":"https:\/\/schema.org","@graph":[{"@type":["WebPage","ItemPage"],"@id":"https:\/\/www.irkmagazine.com\/fr\/produit\/a-fleur-de-peau\/","url":"https:\/\/www.irkmagazine.com\/fr\/produit\/a-fleur-de-peau\/","name":"\u00c0 FLEUR DE PEAU - IRK Magazine","isPartOf":{"@id":"https:\/\/www.irkmagazine.com\/fr\/#website"},"primaryImageOfPage":{"@id":"https:\/\/www.irkmagazine.com\/fr\/produit\/a-fleur-de-peau\/#primaryimage"},"image":{"@id":"https:\/\/www.irkmagazine.com\/fr\/produit\/a-fleur-de-peau\/#primaryimage"},"thumbnailUrl":"https:\/\/www.irkmagazine.com\/wp-content\/uploads\/skin-deep.jpg","datePublished":"2024-08-20T12:36:28+00:00","description":"\u00ab \u00c0 FLEUR DE PEAU \u00bb explore diversit\u00e9, race dans la mode, peau naturelle, et apparences trompeuses","breadcrumb":{"@id":"https:\/\/www.irkmagazine.com\/fr\/produit\/a-fleur-de-peau\/#breadcrumb"},"inLanguage":"fr-FR","potentialAction":[{"@type":"ReadAction","target":["https:\/\/www.irkmagazine.com\/fr\/produit\/a-fleur-de-peau\/"]}]},{"@type":"ImageObject","inLanguage":"fr-FR","@id":"https:\/\/www.irkmagazine.com\/fr\/produit\/a-fleur-de-peau\/#primaryimage","url":"https:\/\/www.irkmagazine.com\/wp-content\/uploads\/skin-deep.jpg","contentUrl":"https:\/\/www.irkmagazine.com\/wp-content\/uploads\/skin-deep.jpg","width":1810,"height":2560},{"@type":"BreadcrumbList","@id":"https:\/\/www.irkmagazine.com\/fr\/produit\/a-fleur-de-peau\/#breadcrumb","itemListElement":[{"@type":"ListItem","position":1,"name":"Home","item":"https:\/\/www.irkmagazine.com\/fr\/accueil\/"},{"@type":"ListItem","position":2,"name":"Shop","item":"https:\/\/www.irkmagazine.com\/shop\/"},{"@type":"ListItem","position":3,"name":"\u00c0 FLEUR DE PEAU"}]},{"@type":"WebSite","@id":"https:\/\/www.irkmagazine.com\/fr\/#website","url":"https:\/\/www.irkmagazine.com\/fr\/","name":"IRK Magazine","description":"Art \/ Fashion \/ Design \/ Travel \/ France","publisher":{"@id":"https:\/\/www.irkmagazine.com\/fr\/#organization"},"alternateName":"irk","potentialAction":[{"@type":"SearchAction","target":{"@type":"EntryPoint","urlTemplate":"https:\/\/www.irkmagazine.com\/fr\/?s={search_term_string}"},"query-input":{"@type":"PropertyValueSpecification","valueRequired":true,"valueName":"search_term_string"}}],"inLanguage":"fr-FR"},{"@type":"Organization","@id":"https:\/\/www.irkmagazine.com\/fr\/#organization","name":"IRK Magazine","url":"https:\/\/www.irkmagazine.com\/fr\/","logo":{"@type":"ImageObject","inLanguage":"fr-FR","@id":"https:\/\/www.irkmagazine.com\/fr\/#\/schema\/logo\/image\/","url":"https:\/\/www.irkmagazine.com\/wp-content\/uploads\/IRKLogoblack-1.png","contentUrl":"https:\/\/www.irkmagazine.com\/wp-content\/uploads\/IRKLogoblack-1.png","width":168,"height":84,"caption":"IRK Magazine"},"image":{"@id":"https:\/\/www.irkmagazine.com\/fr\/#\/schema\/logo\/image\/"},"sameAs":["https:\/\/facebook.com\/irkmagazine","https:\/\/instagram.com\/irkmagazine","https:\/\/www.linkedin.com\/company\/irkmagazine","https:\/\/www.pinterest.com\/irkmagazine"],"description":"iRK Magazine is a fashion and culture magazine based in Paris, France. Topics cover Art, Photography, Fashion, Design, Travel and Culture.","email":"info@irkmagazine.com","publishingPrinciples":"https:\/\/www.irkmagazine.com\/submissions\/"}]},"og_availability":"instock","product_availability":"instock","product_condition":"new"},"_links":{"self":[{"href":"https:\/\/www.irkmagazine.com\/fr\/wp-json\/wp\/v2\/product\/48151","targetHints":{"allow":["GET"]}}],"collection":[{"href":"https:\/\/www.irkmagazine.com\/fr\/wp-json\/wp\/v2\/product"}],"about":[{"href":"https:\/\/www.irkmagazine.com\/fr\/wp-json\/wp\/v2\/types\/product"}],"wp:featuredmedia":[{"embeddable":true,"href":"https:\/\/www.irkmagazine.com\/fr\/wp-json\/wp\/v2\/media\/22249"}],"wp:attachment":[{"href":"https:\/\/www.irkmagazine.com\/fr\/wp-json\/wp\/v2\/media?parent=48151"}],"wp:term":[{"taxonomy":"product_brand","embeddable":true,"href":"https:\/\/www.irkmagazine.com\/fr\/wp-json\/wp\/v2\/product_brand?post=48151"},{"taxonomy":"product_cat","embeddable":true,"href":"https:\/\/www.irkmagazine.com\/fr\/wp-json\/wp\/v2\/product_cat?post=48151"},{"taxonomy":"product_tag","embeddable":true,"href":"https:\/\/www.irkmagazine.com\/fr\/wp-json\/wp\/v2\/product_tag?post=48151"}],"curies":[{"name":"wp","href":"https:\/\/api.w.org\/{rel}","templated":true}]}}