{"id":48238,"date":"2024-08-20T13:23:00","date_gmt":"2024-08-20T12:23:00","guid":{"rendered":"https:\/\/www.irkmagazine.com\/product\/extase\/"},"modified":"2024-08-20T13:23:00","modified_gmt":"2024-08-20T12:23:00","slug":"extase","status":"publish","type":"product","link":"https:\/\/www.irkmagazine.com\/fr\/produit\/extase\/","title":{"rendered":"EXTASE"},"content":{"rendered":"<p>BLISS est un bonheur parfait que l&rsquo;on pourrait qualifier d&rsquo;impossible \u00e0 atteindre.<\/p>\n<p>Nous avons pr\u00e9sent\u00e9 des entretiens exclusifs avec<\/p>\n<ul>\n<li>Le cr\u00e9ateur de Los Angeles Johnson Hartig et le cr\u00e9ateur new-yorkais Patrick Church, tous deux connus pour leurs cr\u00e9ations artistiques et audacieuses.<\/li>\n<li>L&rsquo;histoire derri\u00e8re la banane vendue 120 000 dollars est r\u00e9v\u00e9l\u00e9e par le co-cr\u00e9ateur du magazine humoristique Toilet Paper, Maurizio Cattelan.<\/li>\n<\/ul>\n<p>Photographie Bliss<\/p>\n<ul>\n<li>IRK nous emm\u00e8ne dans la radieuse Miami pour une \u00e9vasion sensuelle photographi\u00e9e par French Cowboy<\/li>\n<li>Les extraterrestres sont parmi nous, comme le capture le photographe Brice Krummenacker.<\/li>\n<\/ul>\n<p>Le num\u00e9ro Bliss examine l&rsquo;humour dans la photographie \u00e0 travers les \u0153uvres de<\/p>\n<ul>\n<li>Sandro Miller<\/li>\n<li>Ken Russell<\/li>\n<li>Ellen von Unwerth<\/li>\n<li>Steve Hiett,<\/li>\n<li>Jean-Baptiste Mondino.<\/li>\n<\/ul>\n<p>La r\u00e9dactrice photo du New Yorker et photographe Elizabeth Renstrom r\u00e9v\u00e8le comment elle guide les photographes artistiques pour cr\u00e9er des \u00e9ditoriaux. Shae Detar est d\u00e9termin\u00e9e \u00e0 rester fid\u00e8le \u00e0 sa voix en tant qu&rsquo;artiste. <\/p>\n","protected":false},"excerpt":{"rendered":"<p>BLISS est un bonheur parfait que l&rsquo;on pourrait qualifier d&rsquo;impossible \u00e0 atteindre.<\/p>\n<p>Nous avons pr\u00e9sent\u00e9 des entretiens exclusifs avec<\/p>\n<ul>\n<li>Le cr\u00e9ateur de Los Angeles Johnson Hartig et le cr\u00e9ateur new-yorkais Patrick Church, tous deux connus pour leurs cr\u00e9ations artistiques et audacieuses.<\/li>\n<li>L&rsquo;histoire derri\u00e8re la banane vendue 120 000 dollars est r\u00e9v\u00e9l\u00e9e par le co-cr\u00e9ateur du magazine humoristique Toilet Paper, Maurizio Cattelan.<\/li>\n<\/ul>\n","protected":false},"featured_media":22227,"template":"","meta":{"_acf_changed":false},"product_brand":[],"product_cat":[364],"product_tag":[],"class_list":{"0":"post-48238","1":"product","2":"type-product","3":"status-publish","4":"has-post-thumbnail","6":"product_cat-revues","8":"first","9":"instock","10":"taxable","11":"shipping-taxable","12":"purchasable","13":"product-type-variable"},"acf":[],"yoast_head":"<!-- This site is optimized with the Yoast SEO Premium plugin v27.3 (Yoast SEO v27.4) - https:\/\/yoast.com\/product\/yoast-seo-premium-wordpress\/ -->\n<title>EXTASE - IRK Magazine<\/title>\n<meta name=\"description\" content=\"Un bonheur parfait, inaccessible. Un num\u00e9ro plein de rires, sourires et absurdit\u00e9.\" \/>\n<meta name=\"robots\" content=\"index, follow, max-snippet:-1, max-image-preview:large, max-video-preview:-1\" \/>\n<link rel=\"canonical\" href=\"https:\/\/www.irkmagazine.com\/fr\/produit\/extase\/\" \/>\n<meta property=\"og:locale\" content=\"fr_FR\" \/>\n<meta property=\"og:type\" content=\"article\" \/>\n<meta property=\"og:title\" content=\"EXTASE\" \/>\n<meta property=\"og:description\" content=\"Un bonheur parfait, inaccessible. Un num\u00e9ro plein de rires, sourires et absurdit\u00e9.\" \/>\n<meta property=\"og:url\" content=\"https:\/\/www.irkmagazine.com\/fr\/produit\/extase\/\" \/>\n<meta property=\"og:site_name\" content=\"IRK Magazine\" \/>\n<meta property=\"article:publisher\" content=\"https:\/\/facebook.com\/irkmagazine\" \/>\n<meta property=\"og:image\" content=\"https:\/\/www.irkmagazine.com\/wp-content\/uploads\/8fee25_a7d86ecca68f41ac9567343befa6918amv2-scaled.jpg\" \/>\n\t<meta property=\"og:image:width\" content=\"1810\" \/>\n\t<meta property=\"og:image:height\" content=\"2560\" \/>\n\t<meta property=\"og:image:type\" content=\"image\/webp\" \/>\n<meta name=\"twitter:card\" content=\"summary_large_image\" \/>\n<meta name=\"twitter:label1\" content=\"Disponibilit\u00e9\" \/>\n\t<meta name=\"twitter:data1\" content=\"En stock\" \/>\n<script type=\"application\/ld+json\" class=\"yoast-schema-graph\">{\"@context\":\"https:\\\/\\\/schema.org\",\"@graph\":[{\"@type\":[\"WebPage\",\"ItemPage\"],\"@id\":\"https:\\\/\\\/www.irkmagazine.com\\\/fr\\\/produit\\\/extase\\\/\",\"url\":\"https:\\\/\\\/www.irkmagazine.com\\\/fr\\\/produit\\\/extase\\\/\",\"name\":\"EXTASE - IRK Magazine\",\"isPartOf\":{\"@id\":\"https:\\\/\\\/www.irkmagazine.com\\\/fr\\\/#website\"},\"primaryImageOfPage\":{\"@id\":\"https:\\\/\\\/www.irkmagazine.com\\\/fr\\\/produit\\\/extase\\\/#primaryimage\"},\"image\":{\"@id\":\"https:\\\/\\\/www.irkmagazine.com\\\/fr\\\/produit\\\/extase\\\/#primaryimage\"},\"thumbnailUrl\":\"https:\\\/\\\/www.irkmagazine.com\\\/wp-content\\\/uploads\\\/8fee25_a7d86ecca68f41ac9567343befa6918amv2-scaled.jpg\",\"datePublished\":\"2024-08-20T12:23:00+00:00\",\"description\":\"Un bonheur parfait, inaccessible. Un num\u00e9ro plein de rires, sourires et absurdit\u00e9.\",\"breadcrumb\":{\"@id\":\"https:\\\/\\\/www.irkmagazine.com\\\/fr\\\/produit\\\/extase\\\/#breadcrumb\"},\"inLanguage\":\"fr-FR\",\"potentialAction\":[{\"@type\":\"ReadAction\",\"target\":[\"https:\\\/\\\/www.irkmagazine.com\\\/fr\\\/produit\\\/extase\\\/\"]}]},{\"@type\":\"ImageObject\",\"inLanguage\":\"fr-FR\",\"@id\":\"https:\\\/\\\/www.irkmagazine.com\\\/fr\\\/produit\\\/extase\\\/#primaryimage\",\"url\":\"https:\\\/\\\/www.irkmagazine.com\\\/wp-content\\\/uploads\\\/8fee25_a7d86ecca68f41ac9567343befa6918amv2-scaled.jpg\",\"contentUrl\":\"https:\\\/\\\/www.irkmagazine.com\\\/wp-content\\\/uploads\\\/8fee25_a7d86ecca68f41ac9567343befa6918amv2-scaled.jpg\",\"width\":1810,\"height\":2560},{\"@type\":\"BreadcrumbList\",\"@id\":\"https:\\\/\\\/www.irkmagazine.com\\\/fr\\\/produit\\\/extase\\\/#breadcrumb\",\"itemListElement\":[{\"@type\":\"ListItem\",\"position\":1,\"name\":\"Home\",\"item\":\"https:\\\/\\\/www.irkmagazine.com\\\/fr\\\/accueil\\\/\"},{\"@type\":\"ListItem\",\"position\":2,\"name\":\"Shop\",\"item\":\"https:\\\/\\\/www.irkmagazine.com\\\/shop\\\/\"},{\"@type\":\"ListItem\",\"position\":3,\"name\":\"EXTASE\"}]},{\"@type\":\"WebSite\",\"@id\":\"https:\\\/\\\/www.irkmagazine.com\\\/fr\\\/#website\",\"url\":\"https:\\\/\\\/www.irkmagazine.com\\\/fr\\\/\",\"name\":\"IRK Magazine\",\"description\":\"Art \\\/ Fashion \\\/ Design \\\/ Travel \\\/ France\",\"publisher\":{\"@id\":\"https:\\\/\\\/www.irkmagazine.com\\\/fr\\\/#organization\"},\"alternateName\":\"irk\",\"potentialAction\":[{\"@type\":\"SearchAction\",\"target\":{\"@type\":\"EntryPoint\",\"urlTemplate\":\"https:\\\/\\\/www.irkmagazine.com\\\/fr\\\/?s={search_term_string}\"},\"query-input\":{\"@type\":\"PropertyValueSpecification\",\"valueRequired\":true,\"valueName\":\"search_term_string\"}}],\"inLanguage\":\"fr-FR\"},{\"@type\":\"Organization\",\"@id\":\"https:\\\/\\\/www.irkmagazine.com\\\/fr\\\/#organization\",\"name\":\"IRK Magazine\",\"url\":\"https:\\\/\\\/www.irkmagazine.com\\\/fr\\\/\",\"logo\":{\"@type\":\"ImageObject\",\"inLanguage\":\"fr-FR\",\"@id\":\"https:\\\/\\\/www.irkmagazine.com\\\/fr\\\/#\\\/schema\\\/logo\\\/image\\\/\",\"url\":\"https:\\\/\\\/www.irkmagazine.com\\\/wp-content\\\/uploads\\\/IRKLogoblack-1.png\",\"contentUrl\":\"https:\\\/\\\/www.irkmagazine.com\\\/wp-content\\\/uploads\\\/IRKLogoblack-1.png\",\"width\":168,\"height\":84,\"caption\":\"IRK Magazine\"},\"image\":{\"@id\":\"https:\\\/\\\/www.irkmagazine.com\\\/fr\\\/#\\\/schema\\\/logo\\\/image\\\/\"},\"sameAs\":[\"https:\\\/\\\/facebook.com\\\/irkmagazine\",\"https:\\\/\\\/instagram.com\\\/irkmagazine\",\"https:\\\/\\\/www.linkedin.com\\\/company\\\/irkmagazine\",\"https:\\\/\\\/www.pinterest.com\\\/irkmagazine\"],\"description\":\"iRK Magazine is a fashion and culture magazine based in Paris, France. Topics cover Art, Photography, Fashion, Design, Travel and Culture.\",\"email\":\"info@irkmagazine.com\",\"publishingPrinciples\":\"https:\\\/\\\/www.irkmagazine.com\\\/submissions\\\/\"}]}<\/script>\n<meta property=\"og:availability\" content=\"instock\" \/>\n<meta property=\"product:availability\" content=\"instock\" \/>\n<meta property=\"product:condition\" content=\"new\" \/>\n<!-- \/ Yoast SEO Premium plugin. -->","yoast_head_json":{"title":"EXTASE - IRK Magazine","description":"Un bonheur parfait, inaccessible. Un num\u00e9ro plein de rires, sourires et absurdit\u00e9.","robots":{"index":"index","follow":"follow","max-snippet":"max-snippet:-1","max-image-preview":"max-image-preview:large","max-video-preview":"max-video-preview:-1"},"canonical":"https:\/\/www.irkmagazine.com\/fr\/produit\/extase\/","og_locale":"fr_FR","og_type":"article","og_title":"EXTASE","og_description":"Un bonheur parfait, inaccessible. Un num\u00e9ro plein de rires, sourires et absurdit\u00e9.","og_url":"https:\/\/www.irkmagazine.com\/fr\/produit\/extase\/","og_site_name":"IRK Magazine","article_publisher":"https:\/\/facebook.com\/irkmagazine","og_image":[{"width":1810,"height":2560,"url":"https:\/\/www.irkmagazine.com\/wp-content\/uploads\/8fee25_a7d86ecca68f41ac9567343befa6918amv2-scaled.jpg","type":"image\/webp"}],"twitter_card":"summary_large_image","twitter_misc":{"Disponibilit\u00e9":"En stock"},"schema":{"@context":"https:\/\/schema.org","@graph":[{"@type":["WebPage","ItemPage"],"@id":"https:\/\/www.irkmagazine.com\/fr\/produit\/extase\/","url":"https:\/\/www.irkmagazine.com\/fr\/produit\/extase\/","name":"EXTASE - IRK Magazine","isPartOf":{"@id":"https:\/\/www.irkmagazine.com\/fr\/#website"},"primaryImageOfPage":{"@id":"https:\/\/www.irkmagazine.com\/fr\/produit\/extase\/#primaryimage"},"image":{"@id":"https:\/\/www.irkmagazine.com\/fr\/produit\/extase\/#primaryimage"},"thumbnailUrl":"https:\/\/www.irkmagazine.com\/wp-content\/uploads\/8fee25_a7d86ecca68f41ac9567343befa6918amv2-scaled.jpg","datePublished":"2024-08-20T12:23:00+00:00","description":"Un bonheur parfait, inaccessible. Un num\u00e9ro plein de rires, sourires et absurdit\u00e9.","breadcrumb":{"@id":"https:\/\/www.irkmagazine.com\/fr\/produit\/extase\/#breadcrumb"},"inLanguage":"fr-FR","potentialAction":[{"@type":"ReadAction","target":["https:\/\/www.irkmagazine.com\/fr\/produit\/extase\/"]}]},{"@type":"ImageObject","inLanguage":"fr-FR","@id":"https:\/\/www.irkmagazine.com\/fr\/produit\/extase\/#primaryimage","url":"https:\/\/www.irkmagazine.com\/wp-content\/uploads\/8fee25_a7d86ecca68f41ac9567343befa6918amv2-scaled.jpg","contentUrl":"https:\/\/www.irkmagazine.com\/wp-content\/uploads\/8fee25_a7d86ecca68f41ac9567343befa6918amv2-scaled.jpg","width":1810,"height":2560},{"@type":"BreadcrumbList","@id":"https:\/\/www.irkmagazine.com\/fr\/produit\/extase\/#breadcrumb","itemListElement":[{"@type":"ListItem","position":1,"name":"Home","item":"https:\/\/www.irkmagazine.com\/fr\/accueil\/"},{"@type":"ListItem","position":2,"name":"Shop","item":"https:\/\/www.irkmagazine.com\/shop\/"},{"@type":"ListItem","position":3,"name":"EXTASE"}]},{"@type":"WebSite","@id":"https:\/\/www.irkmagazine.com\/fr\/#website","url":"https:\/\/www.irkmagazine.com\/fr\/","name":"IRK Magazine","description":"Art \/ Fashion \/ Design \/ Travel \/ France","publisher":{"@id":"https:\/\/www.irkmagazine.com\/fr\/#organization"},"alternateName":"irk","potentialAction":[{"@type":"SearchAction","target":{"@type":"EntryPoint","urlTemplate":"https:\/\/www.irkmagazine.com\/fr\/?s={search_term_string}"},"query-input":{"@type":"PropertyValueSpecification","valueRequired":true,"valueName":"search_term_string"}}],"inLanguage":"fr-FR"},{"@type":"Organization","@id":"https:\/\/www.irkmagazine.com\/fr\/#organization","name":"IRK Magazine","url":"https:\/\/www.irkmagazine.com\/fr\/","logo":{"@type":"ImageObject","inLanguage":"fr-FR","@id":"https:\/\/www.irkmagazine.com\/fr\/#\/schema\/logo\/image\/","url":"https:\/\/www.irkmagazine.com\/wp-content\/uploads\/IRKLogoblack-1.png","contentUrl":"https:\/\/www.irkmagazine.com\/wp-content\/uploads\/IRKLogoblack-1.png","width":168,"height":84,"caption":"IRK Magazine"},"image":{"@id":"https:\/\/www.irkmagazine.com\/fr\/#\/schema\/logo\/image\/"},"sameAs":["https:\/\/facebook.com\/irkmagazine","https:\/\/instagram.com\/irkmagazine","https:\/\/www.linkedin.com\/company\/irkmagazine","https:\/\/www.pinterest.com\/irkmagazine"],"description":"iRK Magazine is a fashion and culture magazine based in Paris, France. Topics cover Art, Photography, Fashion, Design, Travel and Culture.","email":"info@irkmagazine.com","publishingPrinciples":"https:\/\/www.irkmagazine.com\/submissions\/"}]},"og_availability":"instock","product_availability":"instock","product_condition":"new"},"_links":{"self":[{"href":"https:\/\/www.irkmagazine.com\/fr\/wp-json\/wp\/v2\/product\/48238","targetHints":{"allow":["GET"]}}],"collection":[{"href":"https:\/\/www.irkmagazine.com\/fr\/wp-json\/wp\/v2\/product"}],"about":[{"href":"https:\/\/www.irkmagazine.com\/fr\/wp-json\/wp\/v2\/types\/product"}],"wp:featuredmedia":[{"embeddable":true,"href":"https:\/\/www.irkmagazine.com\/fr\/wp-json\/wp\/v2\/media\/22227"}],"wp:attachment":[{"href":"https:\/\/www.irkmagazine.com\/fr\/wp-json\/wp\/v2\/media?parent=48238"}],"wp:term":[{"taxonomy":"product_brand","embeddable":true,"href":"https:\/\/www.irkmagazine.com\/fr\/wp-json\/wp\/v2\/product_brand?post=48238"},{"taxonomy":"product_cat","embeddable":true,"href":"https:\/\/www.irkmagazine.com\/fr\/wp-json\/wp\/v2\/product_cat?post=48238"},{"taxonomy":"product_tag","embeddable":true,"href":"https:\/\/www.irkmagazine.com\/fr\/wp-json\/wp\/v2\/product_tag?post=48238"}],"curies":[{"name":"wp","href":"https:\/\/api.w.org\/{rel}","templated":true}]}}